{"id":18526,"date":"2025-07-16T10:55:14","date_gmt":"2025-07-16T08:55:14","guid":{"rendered":"https:\/\/uj.adatbank.ro\/lexikon\/termek\/popa-augustin\/"},"modified":"2025-07-16T10:55:14","modified_gmt":"2025-07-16T08:55:14","slug":"popa-augustin","status":"publish","type":"product","link":"https:\/\/uj.adatbank.ro\/lexikon\/termek\/popa-augustin\/","title":{"rendered":"POPA, Augustin"},"content":{"rendered":"<p>Als\u00f3f\u00fcged, 1893. dec. 3., \u2020\u00a0?: egyetemi tan\u00e1r. \u2013 A bp.-i teol\u00f3gi\u00e1n tanult, B\u00e9csben doktor\u00e1lt. Tan\u00e1r volt a Teol\u00f3giai Akad\u00e9mi\u00e1n. A Nemzeti Paraszt P\u00e1rt tagja, Kisk\u00fck\u00fcll\u0151 v\u00e1rmegye k\u00e9pvisel\u0151je volt (1928\u201330, 1931\u201332). \u2013 <strong>F. m.:<\/strong> Biblia copiilor (Dicios\u00e2nmartin, 1924). <br \/><strong>Irod.:<\/strong> Predescu<\/br><\/p>\n","protected":false},"excerpt":{"rendered":"<p>Als\u00f3f\u00fcged, 1893. dec. 3., \u2020\u00a0?: egyetemi tan\u00e1r. \u2013 A bp.-i teol\u00f3gi\u00e1n tanult, B\u00e9csben doktor\u00e1lt. Tan\u00e1r volt a Teol\u00f3giai Akad\u00e9mi\u00e1n. A Nemzeti Paraszt P\u00e1rt tagja, Kisk\u00fck\u00fcll\u0151 v\u00e1rmegye k\u00e9pvisel\u0151je volt (1928\u201330, 1931\u201332). \u2013 F. m.: Biblia copiilor (Dicios\u00e2nmartin, 1924). Irod.: Predescu<\/p>\n","protected":false},"featured_media":0,"comment_status":"open","ping_status":"closed","template":"","meta":[],"product_brand":[],"product_cat":[137],"product_tag":[],"class_list":{"0":"post-18526","1":"product","2":"type-product","3":"status-publish","5":"product_cat-maros-megyei-eletrajzi-lexikon","7":"first","8":"instock","9":"shipping-taxable","10":"product-type-simple"},"_links":{"self":[{"href":"https:\/\/uj.adatbank.ro\/lexikon\/wp-json\/wp\/v2\/product\/18526","targetHints":{"allow":["GET"]}}],"collection":[{"href":"https:\/\/uj.adatbank.ro\/lexikon\/wp-json\/wp\/v2\/product"}],"about":[{"href":"https:\/\/uj.adatbank.ro\/lexikon\/wp-json\/wp\/v2\/types\/product"}],"replies":[{"embeddable":true,"href":"https:\/\/uj.adatbank.ro\/lexikon\/wp-json\/wp\/v2\/comments?post=18526"}],"wp:attachment":[{"href":"https:\/\/uj.adatbank.ro\/lexikon\/wp-json\/wp\/v2\/media?parent=18526"}],"wp:term":[{"taxonomy":"product_brand","embeddable":true,"href":"https:\/\/uj.adatbank.ro\/lexikon\/wp-json\/wp\/v2\/product_brand?post=18526"},{"taxonomy":"product_cat","embeddable":true,"href":"https:\/\/uj.adatbank.ro\/lexikon\/wp-json\/wp\/v2\/product_cat?post=18526"},{"taxonomy":"product_tag","embeddable":true,"href":"https:\/\/uj.adatbank.ro\/lexikon\/wp-json\/wp\/v2\/product_tag?post=18526"}],"curies":[{"name":"wp","href":"https:\/\/api.w.org\/{rel}","templated":true}]}}