{"id":18527,"date":"2025-07-16T10:55:16","date_gmt":"2025-07-16T08:55:16","guid":{"rendered":"https:\/\/uj.adatbank.ro\/lexikon\/termek\/popa-aurel\/"},"modified":"2025-07-16T10:55:16","modified_gmt":"2025-07-16T08:55:16","slug":"popa-aurel","status":"publish","type":"product","link":"https:\/\/uj.adatbank.ro\/lexikon\/termek\/popa-aurel\/","title":{"rendered":"POPA, Aurel"},"content":{"rendered":"<p>? \u2020\u00a0?:\u00a0tan\u00e1r. \u2013 Segesv\u00e1ron tan\u00edtott. Iasiba menek\u00fclt m\u00e1s erd\u00e9lyi rom\u00e1nokkal egy\u00fctt. Ott l\u00e9trehozt\u00e1k a rom\u00e1n \u00e9s bukovinai menek\u00fcltek sz\u00f6vets\u00e9g\u00e9t, amelyet Octavian Goga vezetett. A sz\u00f6vets\u00e9get 12 tag\u00fa bizotts\u00e1g ir\u00e1ny\u00edtotta, az \u00f6nk\u00e9ntes rom\u00e1n hadsereget is meg kellett volna szerveznie. A bizotts\u00e1g tagja lett (1917. jan. 7.). A rom\u00e1n korm\u00e1ny k\u00fcld\u00f6tteinek jelenl\u00e9t\u00e9ben, k\u00f6zt\u00fck I.C, Br\u0103tianu korm\u00e1nyf\u0151 is, a bizotts\u00e1g egy h\u00e1bor\u00fas felh\u00edv\u00e1st szerkesztett, \u00e9s \u00edrt al\u00e1 a kett\u0151s elnyom\u00e1s ellen, amelyet elk\u00fcldtek B\u00e9csbe. Ezt a felh\u00edv\u00e1st \u00edrta al\u00e1 mindk\u00e9t segesv\u00e1ri menek\u00fclt (Popa Aurel \u00e9s Ion Urdea). A magyar hat\u00f3s\u00e1gok felfedt\u00e9k a szervezked\u00e9st, \u00e9s mind a 12 bizotts\u00e1gi tagot fels\u00e9g\u00e1rul\u00e1s v\u00e1dj\u00e1val, t\u00e1voll\u00e9t\u00fckben, hal\u00e1lra \u00edt\u00e9lt\u00e9k, vagyonukat elkobozt\u00e1k, \u00e9s nyilv\u00e1nos \u00e1rver\u00e9sen ki\u00e1rus\u00edtott\u00e1k. <br \/><strong>Irod.:<\/strong> Chiorean 2008<\/br><\/p>\n","protected":false},"excerpt":{"rendered":"<p>? \u2020\u00a0?:\u00a0tan\u00e1r. \u2013 Segesv\u00e1ron tan\u00edtott. Iasiba menek\u00fclt m\u00e1s erd\u00e9lyi rom\u00e1nokkal egy\u00fctt. Ott l\u00e9trehozt\u00e1k a rom\u00e1n \u00e9s bukovinai menek\u00fcltek sz\u00f6vets\u00e9g\u00e9t, amelyet Octavian Goga vezetett. A sz\u00f6vets\u00e9get 12 tag\u00fa bizotts\u00e1g ir\u00e1ny\u00edtotta, az \u00f6nk\u00e9ntes rom\u00e1n hadsereget is meg kellett volna szerveznie. A bizotts\u00e1g tagja lett (1917. jan. 7.). A rom\u00e1n korm\u00e1ny k\u00fcld\u00f6tteinek jelenl\u00e9t\u00e9ben, k\u00f6zt\u00fck I.C, Br\u0103tianu korm\u00e1nyf\u0151 is, [&hellip;]<\/p>\n","protected":false},"featured_media":0,"comment_status":"open","ping_status":"closed","template":"","meta":[],"product_brand":[],"product_cat":[137],"product_tag":[],"class_list":{"0":"post-18527","1":"product","2":"type-product","3":"status-publish","5":"product_cat-maros-megyei-eletrajzi-lexikon","7":"first","8":"instock","9":"shipping-taxable","10":"product-type-simple"},"_links":{"self":[{"href":"https:\/\/uj.adatbank.ro\/lexikon\/wp-json\/wp\/v2\/product\/18527","targetHints":{"allow":["GET"]}}],"collection":[{"href":"https:\/\/uj.adatbank.ro\/lexikon\/wp-json\/wp\/v2\/product"}],"about":[{"href":"https:\/\/uj.adatbank.ro\/lexikon\/wp-json\/wp\/v2\/types\/product"}],"replies":[{"embeddable":true,"href":"https:\/\/uj.adatbank.ro\/lexikon\/wp-json\/wp\/v2\/comments?post=18527"}],"wp:attachment":[{"href":"https:\/\/uj.adatbank.ro\/lexikon\/wp-json\/wp\/v2\/media?parent=18527"}],"wp:term":[{"taxonomy":"product_brand","embeddable":true,"href":"https:\/\/uj.adatbank.ro\/lexikon\/wp-json\/wp\/v2\/product_brand?post=18527"},{"taxonomy":"product_cat","embeddable":true,"href":"https:\/\/uj.adatbank.ro\/lexikon\/wp-json\/wp\/v2\/product_cat?post=18527"},{"taxonomy":"product_tag","embeddable":true,"href":"https:\/\/uj.adatbank.ro\/lexikon\/wp-json\/wp\/v2\/product_tag?post=18527"}],"curies":[{"name":"wp","href":"https:\/\/api.w.org\/{rel}","templated":true}]}}