{"id":18529,"date":"2025-07-16T10:55:21","date_gmt":"2025-07-16T08:55:21","guid":{"rendered":"https:\/\/uj.adatbank.ro\/lexikon\/termek\/popa-chirila\/"},"modified":"2025-07-16T10:55:21","modified_gmt":"2025-07-16T08:55:21","slug":"popa-chirila","status":"publish","type":"product","link":"https:\/\/uj.adatbank.ro\/lexikon\/termek\/popa-chirila\/","title":{"rendered":"POPA, Chiril\u0103"},"content":{"rendered":"<p>Erd\u0151szak\u00e1l, 1771., \u2020 Erd\u0151szak\u00e1l, 1848.: ort. pap. \u2013 Mivel nem rendelkezett megfelel\u0151 tanulm\u00e1nyokkal, Gherasim Adamovici p\u00fcsp\u00f6k hat h\u00f3napra Moldv\u00e1ba egy kolostorba k\u00fcldte, h. elsaj\u00e1t\u00edtsa a lelk\u00e9szi teend\u0151ket. Ott p\u00e9nzt is \u00f6sszeszedett, amit hazahozott. Ezut\u00e1n szentelt\u00e9k papp\u00e1 Erd\u0151szak\u00e1lban (1804), ahol Kem\u00e9ny br. hathat\u00f3s seg\u00edts\u00e9g\u00e9vel \u00e9s a Moldv\u00e1b\u00f3l hozott p\u00e9nzb\u0151l fel\u00e9p\u00edt\u00e9tt\u00e9k az ort templomot (1809). A faanyagot teljes eg\u00e9sz\u00e9ben Kem\u00e9ny br. Adom\u00e1nyozta, az \u00e9p\u00edt\u00e9st a marosh\u00e9v\u00edzi Valeriu Zaharia mester vezette, Stencel Kondr\u00e1d festette ki (1816), Vasile Moga p\u00fcsp\u00f6k szentelte fel (1824. j\u00fan. 8.). A falu lakosainak nagy t\u00f6bbs\u00e9ge visszat\u00e9rt az ort. vall\u00e1sra. Kem\u00e9ny br.-n\u00e9 30 hold f\u00f6ldet is aj\u00e9nd\u00e9kozott az ort. par\u00f3chi\u00e1nak, ezt \u0151k 60 holdra szapor\u00edtott\u00e1k, amit az \u00e1llamos\u00edt\u00e1skor elvettek az egyh\u00e1zt\u00f3l. A templom ma t\u00f6rt\u00e9nelmi eml\u00e9km\u0171nek van nyilv\u00e1n\u00edtva. <br \/><strong>Irod.:<\/strong> Reghin, Protopopiat; S\u0103calu de P\u0103dure<\/br><\/p>\n","protected":false},"excerpt":{"rendered":"<p>Erd\u0151szak\u00e1l, 1771., \u2020 Erd\u0151szak\u00e1l, 1848.: ort. pap. \u2013 Mivel nem rendelkezett megfelel\u0151 tanulm\u00e1nyokkal, Gherasim Adamovici p\u00fcsp\u00f6k hat h\u00f3napra Moldv\u00e1ba egy kolostorba k\u00fcldte, h. elsaj\u00e1t\u00edtsa a lelk\u00e9szi teend\u0151ket. Ott p\u00e9nzt is \u00f6sszeszedett, amit hazahozott. Ezut\u00e1n szentelt\u00e9k papp\u00e1 Erd\u0151szak\u00e1lban (1804), ahol Kem\u00e9ny br. hathat\u00f3s seg\u00edts\u00e9g\u00e9vel \u00e9s a Moldv\u00e1b\u00f3l hozott p\u00e9nzb\u0151l fel\u00e9p\u00edt\u00e9tt\u00e9k az ort templomot (1809). A faanyagot [&hellip;]<\/p>\n","protected":false},"featured_media":0,"comment_status":"open","ping_status":"closed","template":"","meta":[],"product_brand":[],"product_cat":[137],"product_tag":[],"class_list":{"0":"post-18529","1":"product","2":"type-product","3":"status-publish","5":"product_cat-maros-megyei-eletrajzi-lexikon","7":"first","8":"instock","9":"shipping-taxable","10":"product-type-simple"},"_links":{"self":[{"href":"https:\/\/uj.adatbank.ro\/lexikon\/wp-json\/wp\/v2\/product\/18529","targetHints":{"allow":["GET"]}}],"collection":[{"href":"https:\/\/uj.adatbank.ro\/lexikon\/wp-json\/wp\/v2\/product"}],"about":[{"href":"https:\/\/uj.adatbank.ro\/lexikon\/wp-json\/wp\/v2\/types\/product"}],"replies":[{"embeddable":true,"href":"https:\/\/uj.adatbank.ro\/lexikon\/wp-json\/wp\/v2\/comments?post=18529"}],"wp:attachment":[{"href":"https:\/\/uj.adatbank.ro\/lexikon\/wp-json\/wp\/v2\/media?parent=18529"}],"wp:term":[{"taxonomy":"product_brand","embeddable":true,"href":"https:\/\/uj.adatbank.ro\/lexikon\/wp-json\/wp\/v2\/product_brand?post=18529"},{"taxonomy":"product_cat","embeddable":true,"href":"https:\/\/uj.adatbank.ro\/lexikon\/wp-json\/wp\/v2\/product_cat?post=18529"},{"taxonomy":"product_tag","embeddable":true,"href":"https:\/\/uj.adatbank.ro\/lexikon\/wp-json\/wp\/v2\/product_tag?post=18529"}],"curies":[{"name":"wp","href":"https:\/\/api.w.org\/{rel}","templated":true}]}}