{"id":1853,"date":"2025-06-28T11:55:28","date_gmt":"2025-06-28T09:55:28","guid":{"rendered":"https:\/\/uj.adatbank.ro\/lexikon\/termek\/bajnoczi-istvan\/"},"modified":"2025-06-28T11:55:28","modified_gmt":"2025-06-28T09:55:28","slug":"bajnoczi-istvan","status":"publish","type":"product","link":"https:\/\/uj.adatbank.ro\/lexikon\/termek\/bajnoczi-istvan\/","title":{"rendered":"BAJN\u00d3CZI Istv\u00e1n"},"content":{"rendered":"<p>? \u2020\u00a0Marosfelfalu, 1792. febr. 15.: ref. lelk\u00e9sz. \u2013 Subscrib\u00e1lt Mv.-en (1761). Senior volt (1772), a marosv\u00e9cdsi zsinaton szentelt\u00e9k papp\u00e1 (1773) \u00e9s a g\u00f6rg\u00e9nyi egyh\u00e1zmegy\u00e9hez ker\u00fclt. Marosfelfaluban szolg\u00e1lt hal\u00e1l\u00e1ig (1774- 1792. febr. 15.). <br \/><strong>Irod.:<\/strong> \u0150sz<\/br><\/p>\n","protected":false},"excerpt":{"rendered":"<p>? \u2020\u00a0Marosfelfalu, 1792. febr. 15.: ref. lelk\u00e9sz. \u2013 Subscrib\u00e1lt Mv.-en (1761). Senior volt (1772), a marosv\u00e9cdsi zsinaton szentelt\u00e9k papp\u00e1 (1773) \u00e9s a g\u00f6rg\u00e9nyi egyh\u00e1zmegy\u00e9hez ker\u00fclt. Marosfelfaluban szolg\u00e1lt hal\u00e1l\u00e1ig (1774- 1792. febr. 15.). Irod.: \u0150sz<\/p>\n","protected":false},"featured_media":0,"comment_status":"open","ping_status":"closed","template":"","meta":[],"product_brand":[],"product_cat":[137],"product_tag":[],"class_list":{"0":"post-1853","1":"product","2":"type-product","3":"status-publish","5":"product_cat-maros-megyei-eletrajzi-lexikon","7":"first","8":"instock","9":"shipping-taxable","10":"product-type-simple"},"_links":{"self":[{"href":"https:\/\/uj.adatbank.ro\/lexikon\/wp-json\/wp\/v2\/product\/1853","targetHints":{"allow":["GET"]}}],"collection":[{"href":"https:\/\/uj.adatbank.ro\/lexikon\/wp-json\/wp\/v2\/product"}],"about":[{"href":"https:\/\/uj.adatbank.ro\/lexikon\/wp-json\/wp\/v2\/types\/product"}],"replies":[{"embeddable":true,"href":"https:\/\/uj.adatbank.ro\/lexikon\/wp-json\/wp\/v2\/comments?post=1853"}],"wp:attachment":[{"href":"https:\/\/uj.adatbank.ro\/lexikon\/wp-json\/wp\/v2\/media?parent=1853"}],"wp:term":[{"taxonomy":"product_brand","embeddable":true,"href":"https:\/\/uj.adatbank.ro\/lexikon\/wp-json\/wp\/v2\/product_brand?post=1853"},{"taxonomy":"product_cat","embeddable":true,"href":"https:\/\/uj.adatbank.ro\/lexikon\/wp-json\/wp\/v2\/product_cat?post=1853"},{"taxonomy":"product_tag","embeddable":true,"href":"https:\/\/uj.adatbank.ro\/lexikon\/wp-json\/wp\/v2\/product_tag?post=1853"}],"curies":[{"name":"wp","href":"https:\/\/api.w.org\/{rel}","templated":true}]}}