{"id":18530,"date":"2025-07-16T10:55:23","date_gmt":"2025-07-16T08:55:23","guid":{"rendered":"https:\/\/uj.adatbank.ro\/lexikon\/termek\/popa-constantin\/"},"modified":"2025-07-16T10:55:23","modified_gmt":"2025-07-16T08:55:23","slug":"popa-constantin","status":"publish","type":"product","link":"https:\/\/uj.adatbank.ro\/lexikon\/termek\/popa-constantin\/","title":{"rendered":"POPA, Constantin"},"content":{"rendered":"<p>? \u2020\u00a0?: rend\u0151rf\u0151kapit\u00e1ny.- Mv.-en rend\u0151rprefektus (1919).Vizsg\u00e1lat indult ellene hivatali vissza\u00e9l\u00e9s, korrupci\u00f3 v\u00e1dj\u00e1val (1920), a bel\u00fcgyminiszter rend\u0151rprefektuss\u00e1 l\u00e9ptette el\u0151 (1921). Aradra t\u00e1vozott, ahol v\u00e1rosi tan\u00e1csos lett (1922). <br \/><strong>Irod.:<\/strong> Id\u0151t\u00e1r 3.<\/br><\/p>\n","protected":false},"excerpt":{"rendered":"<p>? \u2020\u00a0?: rend\u0151rf\u0151kapit\u00e1ny.- Mv.-en rend\u0151rprefektus (1919).Vizsg\u00e1lat indult ellene hivatali vissza\u00e9l\u00e9s, korrupci\u00f3 v\u00e1dj\u00e1val (1920), a bel\u00fcgyminiszter rend\u0151rprefektuss\u00e1 l\u00e9ptette el\u0151 (1921). Aradra t\u00e1vozott, ahol v\u00e1rosi tan\u00e1csos lett (1922). Irod.: Id\u0151t\u00e1r 3.<\/p>\n","protected":false},"featured_media":0,"comment_status":"open","ping_status":"closed","template":"","meta":[],"product_brand":[],"product_cat":[137],"product_tag":[],"class_list":{"0":"post-18530","1":"product","2":"type-product","3":"status-publish","5":"product_cat-maros-megyei-eletrajzi-lexikon","7":"first","8":"instock","9":"shipping-taxable","10":"product-type-simple"},"_links":{"self":[{"href":"https:\/\/uj.adatbank.ro\/lexikon\/wp-json\/wp\/v2\/product\/18530","targetHints":{"allow":["GET"]}}],"collection":[{"href":"https:\/\/uj.adatbank.ro\/lexikon\/wp-json\/wp\/v2\/product"}],"about":[{"href":"https:\/\/uj.adatbank.ro\/lexikon\/wp-json\/wp\/v2\/types\/product"}],"replies":[{"embeddable":true,"href":"https:\/\/uj.adatbank.ro\/lexikon\/wp-json\/wp\/v2\/comments?post=18530"}],"wp:attachment":[{"href":"https:\/\/uj.adatbank.ro\/lexikon\/wp-json\/wp\/v2\/media?parent=18530"}],"wp:term":[{"taxonomy":"product_brand","embeddable":true,"href":"https:\/\/uj.adatbank.ro\/lexikon\/wp-json\/wp\/v2\/product_brand?post=18530"},{"taxonomy":"product_cat","embeddable":true,"href":"https:\/\/uj.adatbank.ro\/lexikon\/wp-json\/wp\/v2\/product_cat?post=18530"},{"taxonomy":"product_tag","embeddable":true,"href":"https:\/\/uj.adatbank.ro\/lexikon\/wp-json\/wp\/v2\/product_tag?post=18530"}],"curies":[{"name":"wp","href":"https:\/\/api.w.org\/{rel}","templated":true}]}}