{"id":18535,"date":"2025-07-16T10:55:36","date_gmt":"2025-07-16T08:55:36","guid":{"rendered":"https:\/\/uj.adatbank.ro\/lexikon\/termek\/popa-enea-sever-popa-s-enea\/"},"modified":"2025-07-16T10:55:36","modified_gmt":"2025-07-16T08:55:36","slug":"popa-enea-sever-popa-s-enea","status":"publish","type":"product","link":"https:\/\/uj.adatbank.ro\/lexikon\/termek\/popa-enea-sever-popa-s-enea\/","title":{"rendered":"POPA, Enea\u00a0Sever; Popa S. Enea"},"content":{"rendered":"<p>Bucsony, 1899. nov. 22., \u2020\u00a0Sz\u00e1szr\u00e9gen, 1973. m\u00e1rc. 23.: \u00fcgyv\u00e9d. \u2013 Ariton M. Popa fia. Sz\u00e1szr\u00e9genben a sz\u00e1sz gimn\u00e1zium ban tanult (1906\u201315), Bal\u00e1zsfalv\u00e1n g. kat. gimn\u00e1ziumban \u00e9retts\u00e9gizett (1915\u201316). 18 \u00e9vesen besorozt\u00e1k az osztr\u00e1k-m. hadseregbe, az olasz fronton harcolt \u00e9s fogs\u00e1gba esett, kit\u00fcntett\u00e9k. Szabadul\u00e1sa ut\u00e1n bej\u00e1rta Eur\u00f3p\u00e1t. Hazat\u00e9rte ut\u00e1n Kv.&#8211;on a jogi karon szerzett \u00fcgyv\u00e9di diplom\u00e1t \u00e9s doktor\u00e1lt. Sz\u00e1szr\u00e9genben kezdett \u00fcgyv\u00e9di gyakorlatot, majd \u00f6n\u00e1ll\u00f3 irod\u00e1t nyitott. \u00c9l\u00e9nk k\u00f6z\u00e9leti szerepet folytatott: a Rom\u00e1n Ifj\u00fas\u00e1g T\u00e1rsas\u00e1g\u00e1nak titk\u00e1ra (1920\u201323 k.), tev\u00e9keny tagja, titk\u00e1ra az Astra-nak, \u2013 aminek keret\u00e9ben el\u0151ad\u00e1sokat tartott k\u00fcl\u00f6n\u00f6sen falvakon (1923\u2013), az Agru \u00e9s t\u00f6bb egyes\u00fclet tagja volt. T\u00e1mogatta az Iparosok Egyes\u00fclet\u00e9t A Rom\u00e1n Nemzeti Paraszt P\u00e1rt tagja; felel\u0151s szerkeszt\u0151je a S\u0103m\u0103n\u0103torul c.lapnak (1925\u201330), a Transilvania munkat\u00e1rsa.A b\u00e9csi dikt\u00e1tum idej\u00e9n is a v\u00e1rosban maradt, \u00fajraind\u00edtotta a S\u0103m\u0103n\u0103torul c. foly\u00f3iratot. \u00c9lete del\u00e9n visszavonult a k\u00f6z\u00e9letb\u0151l, a kommunizmus \u00e9veiben meghurcolt\u00e1k, minek k\u00f6vetkezt\u00e9ben megvakult. <br \/><strong>Irod.:<\/strong> Dumitru Gherghinescu\u00a0: Dr. Enea Popa (1899\u20131973) (Gazeta Reghinului, nr. 6., 1994); Ki kicsoda\u00a0?; Regh. Cult. 3.; Szab\u00f3 Mih\u00e1ly: A r\u00e9geni sajt\u00f3 t\u00f6rt\u00e9net\u00e9b\u0151l (2.) (V. Z., 1983. m\u00e1rc. 27.); Todea 2013<\/br><\/p>\n","protected":false},"excerpt":{"rendered":"<p>Bucsony, 1899. nov. 22., \u2020\u00a0Sz\u00e1szr\u00e9gen, 1973. m\u00e1rc. 23.: \u00fcgyv\u00e9d. \u2013 Ariton M. Popa fia. Sz\u00e1szr\u00e9genben a sz\u00e1sz gimn\u00e1zium ban tanult (1906\u201315), Bal\u00e1zsfalv\u00e1n g. kat. gimn\u00e1ziumban \u00e9retts\u00e9gizett (1915\u201316). 18 \u00e9vesen besorozt\u00e1k az osztr\u00e1k-m. hadseregbe, az olasz fronton harcolt \u00e9s fogs\u00e1gba esett, kit\u00fcntett\u00e9k. Szabadul\u00e1sa ut\u00e1n bej\u00e1rta Eur\u00f3p\u00e1t. Hazat\u00e9rte ut\u00e1n Kv.&#8211;on a jogi karon szerzett \u00fcgyv\u00e9di diplom\u00e1t \u00e9s [&hellip;]<\/p>\n","protected":false},"featured_media":0,"comment_status":"open","ping_status":"closed","template":"","meta":[],"product_brand":[],"product_cat":[137],"product_tag":[],"class_list":{"0":"post-18535","1":"product","2":"type-product","3":"status-publish","5":"product_cat-maros-megyei-eletrajzi-lexikon","7":"first","8":"instock","9":"shipping-taxable","10":"product-type-simple"},"_links":{"self":[{"href":"https:\/\/uj.adatbank.ro\/lexikon\/wp-json\/wp\/v2\/product\/18535","targetHints":{"allow":["GET"]}}],"collection":[{"href":"https:\/\/uj.adatbank.ro\/lexikon\/wp-json\/wp\/v2\/product"}],"about":[{"href":"https:\/\/uj.adatbank.ro\/lexikon\/wp-json\/wp\/v2\/types\/product"}],"replies":[{"embeddable":true,"href":"https:\/\/uj.adatbank.ro\/lexikon\/wp-json\/wp\/v2\/comments?post=18535"}],"wp:attachment":[{"href":"https:\/\/uj.adatbank.ro\/lexikon\/wp-json\/wp\/v2\/media?parent=18535"}],"wp:term":[{"taxonomy":"product_brand","embeddable":true,"href":"https:\/\/uj.adatbank.ro\/lexikon\/wp-json\/wp\/v2\/product_brand?post=18535"},{"taxonomy":"product_cat","embeddable":true,"href":"https:\/\/uj.adatbank.ro\/lexikon\/wp-json\/wp\/v2\/product_cat?post=18535"},{"taxonomy":"product_tag","embeddable":true,"href":"https:\/\/uj.adatbank.ro\/lexikon\/wp-json\/wp\/v2\/product_tag?post=18535"}],"curies":[{"name":"wp","href":"https:\/\/api.w.org\/{rel}","templated":true}]}}