{"id":18537,"date":"2025-07-16T10:55:40","date_gmt":"2025-07-16T08:55:40","guid":{"rendered":"https:\/\/uj.adatbank.ro\/lexikon\/termek\/popa-gavrila\/"},"modified":"2025-07-16T10:55:40","modified_gmt":"2025-07-16T08:55:40","slug":"popa-gavrila","status":"publish","type":"product","link":"https:\/\/uj.adatbank.ro\/lexikon\/termek\/popa-gavrila\/","title":{"rendered":"POPA Gavril\u0103"},"content":{"rendered":"<p>? \u2020\u00a0?: g. kat. pap. \u2013 Jobb\u00e1gyfalv\u00e1n a kicsi fatemplomban szolg\u00e1lt (1730\u2013), 73 g\u00f6r. kat.csal\u00e1dot sz\u00e1ml\u00e1ltak (1733), a templom le\u00e9gett (1990). \u00c1tment Mez\u0151s\u00e1msondba, ahol volt templom \u00e9s papilak is (1733- ). <br \/><strong>Irod.:<\/strong> Cs\u00edkfalva; \u015eincan 2006<\/br><\/p>\n","protected":false},"excerpt":{"rendered":"<p>? \u2020\u00a0?: g. kat. pap. \u2013 Jobb\u00e1gyfalv\u00e1n a kicsi fatemplomban szolg\u00e1lt (1730\u2013), 73 g\u00f6r. kat.csal\u00e1dot sz\u00e1ml\u00e1ltak (1733), a templom le\u00e9gett (1990). \u00c1tment Mez\u0151s\u00e1msondba, ahol volt templom \u00e9s papilak is (1733- ). Irod.: Cs\u00edkfalva; \u015eincan 2006<\/p>\n","protected":false},"featured_media":0,"comment_status":"open","ping_status":"closed","template":"","meta":[],"product_brand":[],"product_cat":[137],"product_tag":[],"class_list":{"0":"post-18537","1":"product","2":"type-product","3":"status-publish","5":"product_cat-maros-megyei-eletrajzi-lexikon","7":"first","8":"instock","9":"shipping-taxable","10":"product-type-simple"},"_links":{"self":[{"href":"https:\/\/uj.adatbank.ro\/lexikon\/wp-json\/wp\/v2\/product\/18537","targetHints":{"allow":["GET"]}}],"collection":[{"href":"https:\/\/uj.adatbank.ro\/lexikon\/wp-json\/wp\/v2\/product"}],"about":[{"href":"https:\/\/uj.adatbank.ro\/lexikon\/wp-json\/wp\/v2\/types\/product"}],"replies":[{"embeddable":true,"href":"https:\/\/uj.adatbank.ro\/lexikon\/wp-json\/wp\/v2\/comments?post=18537"}],"wp:attachment":[{"href":"https:\/\/uj.adatbank.ro\/lexikon\/wp-json\/wp\/v2\/media?parent=18537"}],"wp:term":[{"taxonomy":"product_brand","embeddable":true,"href":"https:\/\/uj.adatbank.ro\/lexikon\/wp-json\/wp\/v2\/product_brand?post=18537"},{"taxonomy":"product_cat","embeddable":true,"href":"https:\/\/uj.adatbank.ro\/lexikon\/wp-json\/wp\/v2\/product_cat?post=18537"},{"taxonomy":"product_tag","embeddable":true,"href":"https:\/\/uj.adatbank.ro\/lexikon\/wp-json\/wp\/v2\/product_tag?post=18537"}],"curies":[{"name":"wp","href":"https:\/\/api.w.org\/{rel}","templated":true}]}}