{"id":18538,"date":"2025-07-16T10:55:42","date_gmt":"2025-07-16T08:55:42","guid":{"rendered":"https:\/\/uj.adatbank.ro\/lexikon\/termek\/popa-george\/"},"modified":"2025-07-16T10:55:42","modified_gmt":"2025-07-16T08:55:42","slug":"popa-george","status":"publish","type":"product","link":"https:\/\/uj.adatbank.ro\/lexikon\/termek\/popa-george\/","title":{"rendered":"POPA George"},"content":{"rendered":"<p>? \u2020\u00a0?: g. kat. pap. \u2013 Mez\u0151panitban a Sf. Arhangheli templomban szolg\u00e1lt, ahol 135 g.kat. h\u00edve volt (1733). A templom napjainkban t\u00f6rt\u00e9nelmi m\u0171eml\u00e9k, de nagyon rossz \u00e1llapotban van. A h\u00edvek is elt\u0171n\u0151ben vannak, amit a faluban \u00e9l\u0151 g. kat. \u00e9s ort. vall\u00e1s\u00faak \u00e1lland\u00f3 h\u00e1bor\u00faskod\u00e1sa v\u00e1lthatott ki. <br \/><strong>Irod.:<\/strong> \u015eincan 2006<\/br><\/p>\n","protected":false},"excerpt":{"rendered":"<p>? \u2020\u00a0?: g. kat. pap. \u2013 Mez\u0151panitban a Sf. Arhangheli templomban szolg\u00e1lt, ahol 135 g.kat. h\u00edve volt (1733). A templom napjainkban t\u00f6rt\u00e9nelmi m\u0171eml\u00e9k, de nagyon rossz \u00e1llapotban van. A h\u00edvek is elt\u0171n\u0151ben vannak, amit a faluban \u00e9l\u0151 g. kat. \u00e9s ort. vall\u00e1s\u00faak \u00e1lland\u00f3 h\u00e1bor\u00faskod\u00e1sa v\u00e1lthatott ki. Irod.: \u015eincan 2006<\/p>\n","protected":false},"featured_media":0,"comment_status":"open","ping_status":"closed","template":"","meta":[],"product_brand":[],"product_cat":[137],"product_tag":[],"class_list":{"0":"post-18538","1":"product","2":"type-product","3":"status-publish","5":"product_cat-maros-megyei-eletrajzi-lexikon","7":"first","8":"instock","9":"shipping-taxable","10":"product-type-simple"},"_links":{"self":[{"href":"https:\/\/uj.adatbank.ro\/lexikon\/wp-json\/wp\/v2\/product\/18538","targetHints":{"allow":["GET"]}}],"collection":[{"href":"https:\/\/uj.adatbank.ro\/lexikon\/wp-json\/wp\/v2\/product"}],"about":[{"href":"https:\/\/uj.adatbank.ro\/lexikon\/wp-json\/wp\/v2\/types\/product"}],"replies":[{"embeddable":true,"href":"https:\/\/uj.adatbank.ro\/lexikon\/wp-json\/wp\/v2\/comments?post=18538"}],"wp:attachment":[{"href":"https:\/\/uj.adatbank.ro\/lexikon\/wp-json\/wp\/v2\/media?parent=18538"}],"wp:term":[{"taxonomy":"product_brand","embeddable":true,"href":"https:\/\/uj.adatbank.ro\/lexikon\/wp-json\/wp\/v2\/product_brand?post=18538"},{"taxonomy":"product_cat","embeddable":true,"href":"https:\/\/uj.adatbank.ro\/lexikon\/wp-json\/wp\/v2\/product_cat?post=18538"},{"taxonomy":"product_tag","embeddable":true,"href":"https:\/\/uj.adatbank.ro\/lexikon\/wp-json\/wp\/v2\/product_tag?post=18538"}],"curies":[{"name":"wp","href":"https:\/\/api.w.org\/{rel}","templated":true}]}}