{"id":1854,"date":"2025-06-28T11:55:29","date_gmt":"2025-06-28T09:55:29","guid":{"rendered":"https:\/\/uj.adatbank.ro\/lexikon\/termek\/bajnoczi-janos-bajnotzi-janos\/"},"modified":"2025-06-28T11:55:29","modified_gmt":"2025-06-28T09:55:29","slug":"bajnoczi-janos-bajnotzi-janos","status":"publish","type":"product","link":"https:\/\/uj.adatbank.ro\/lexikon\/termek\/bajnoczi-janos-bajnotzi-janos\/","title":{"rendered":"BAJN\u00d3CZI J\u00e1nos, Bajn\u00f3tzi J\u00e1nos"},"content":{"rendered":"<p>? \u2020\u00a0? : ref. lelk\u00e9sz. \u2013 Mv.-en subscrib\u00e1lt (1757), senior volt. A g\u00f6rg\u00e9nyi egyh\u00e1zmegy\u00e9be ker\u00fclt (1772. m\u00e1rc. 10.) A marosv\u00e9csi zsinaton szentelt\u00e9k fel (1773). Lelk\u00e9sz volt Magyarf\u00fclp\u00f6s\u00f6n (1773\u201376), Magyark\u00f6b\u00f6lk\u00faton (1777\u201383), Mez\u0151\u00fajlakon (1784\u201389), G\u00f6rg\u00e9nyszentimr\u00e9n (1789. \u00e1pr. \u2013 1795), majd L\u00fadv\u00e9gen (1796\u20131814). <br \/><strong>Irod.:<\/strong> \u0150sz<\/br><\/p>\n","protected":false},"excerpt":{"rendered":"<p>? \u2020\u00a0? : ref. lelk\u00e9sz. \u2013 Mv.-en subscrib\u00e1lt (1757), senior volt. A g\u00f6rg\u00e9nyi egyh\u00e1zmegy\u00e9be ker\u00fclt (1772. m\u00e1rc. 10.) A marosv\u00e9csi zsinaton szentelt\u00e9k fel (1773). Lelk\u00e9sz volt Magyarf\u00fclp\u00f6s\u00f6n (1773\u201376), Magyark\u00f6b\u00f6lk\u00faton (1777\u201383), Mez\u0151\u00fajlakon (1784\u201389), G\u00f6rg\u00e9nyszentimr\u00e9n (1789. \u00e1pr. \u2013 1795), majd L\u00fadv\u00e9gen (1796\u20131814). Irod.: \u0150sz<\/p>\n","protected":false},"featured_media":0,"comment_status":"open","ping_status":"closed","template":"","meta":[],"product_brand":[],"product_cat":[137],"product_tag":[],"class_list":{"0":"post-1854","1":"product","2":"type-product","3":"status-publish","5":"product_cat-maros-megyei-eletrajzi-lexikon","7":"first","8":"instock","9":"shipping-taxable","10":"product-type-simple"},"_links":{"self":[{"href":"https:\/\/uj.adatbank.ro\/lexikon\/wp-json\/wp\/v2\/product\/1854","targetHints":{"allow":["GET"]}}],"collection":[{"href":"https:\/\/uj.adatbank.ro\/lexikon\/wp-json\/wp\/v2\/product"}],"about":[{"href":"https:\/\/uj.adatbank.ro\/lexikon\/wp-json\/wp\/v2\/types\/product"}],"replies":[{"embeddable":true,"href":"https:\/\/uj.adatbank.ro\/lexikon\/wp-json\/wp\/v2\/comments?post=1854"}],"wp:attachment":[{"href":"https:\/\/uj.adatbank.ro\/lexikon\/wp-json\/wp\/v2\/media?parent=1854"}],"wp:term":[{"taxonomy":"product_brand","embeddable":true,"href":"https:\/\/uj.adatbank.ro\/lexikon\/wp-json\/wp\/v2\/product_brand?post=1854"},{"taxonomy":"product_cat","embeddable":true,"href":"https:\/\/uj.adatbank.ro\/lexikon\/wp-json\/wp\/v2\/product_cat?post=1854"},{"taxonomy":"product_tag","embeddable":true,"href":"https:\/\/uj.adatbank.ro\/lexikon\/wp-json\/wp\/v2\/product_tag?post=1854"}],"curies":[{"name":"wp","href":"https:\/\/api.w.org\/{rel}","templated":true}]}}