{"id":18544,"date":"2025-07-16T10:55:59","date_gmt":"2025-07-16T08:55:59","guid":{"rendered":"https:\/\/uj.adatbank.ro\/lexikon\/termek\/popa-ieremia\/"},"modified":"2025-07-16T10:55:59","modified_gmt":"2025-07-16T08:55:59","slug":"popa-ieremia","status":"publish","type":"product","link":"https:\/\/uj.adatbank.ro\/lexikon\/termek\/popa-ieremia\/","title":{"rendered":"POPA Ieremia"},"content":{"rendered":"<p>? \u2020\u00a0?: g. kat. pap. \u2013 Szolg\u00e1lt Ny\u00e1r\u00e1dt\u0151ben, ahol az \u00e9rseks\u00e9g is m\u00fck\u00f6d\u00f6tt, amelynek \u0151 volt az \u00e9rseke (1733). R\u00e9szt vett a p\u00fcsp\u00f6ki szin\u00f3duson is Bal\u00e1zsfalv\u00e1n (1739). M\u00e9g szolg\u00e1lt Marosag\u00e1rdban (1780), ahol m\u00e1r l\u00e9tezett templom \u00e9s papilak is. <br \/><strong>Irod.:<\/strong> \u015eincan 2006<\/br><\/p>\n","protected":false},"excerpt":{"rendered":"<p>? \u2020\u00a0?: g. kat. pap. \u2013 Szolg\u00e1lt Ny\u00e1r\u00e1dt\u0151ben, ahol az \u00e9rseks\u00e9g is m\u00fck\u00f6d\u00f6tt, amelynek \u0151 volt az \u00e9rseke (1733). R\u00e9szt vett a p\u00fcsp\u00f6ki szin\u00f3duson is Bal\u00e1zsfalv\u00e1n (1739). M\u00e9g szolg\u00e1lt Marosag\u00e1rdban (1780), ahol m\u00e1r l\u00e9tezett templom \u00e9s papilak is. Irod.: \u015eincan 2006<\/p>\n","protected":false},"featured_media":0,"comment_status":"open","ping_status":"closed","template":"","meta":[],"product_brand":[],"product_cat":[137],"product_tag":[],"class_list":{"0":"post-18544","1":"product","2":"type-product","3":"status-publish","5":"product_cat-maros-megyei-eletrajzi-lexikon","7":"first","8":"instock","9":"shipping-taxable","10":"product-type-simple"},"_links":{"self":[{"href":"https:\/\/uj.adatbank.ro\/lexikon\/wp-json\/wp\/v2\/product\/18544","targetHints":{"allow":["GET"]}}],"collection":[{"href":"https:\/\/uj.adatbank.ro\/lexikon\/wp-json\/wp\/v2\/product"}],"about":[{"href":"https:\/\/uj.adatbank.ro\/lexikon\/wp-json\/wp\/v2\/types\/product"}],"replies":[{"embeddable":true,"href":"https:\/\/uj.adatbank.ro\/lexikon\/wp-json\/wp\/v2\/comments?post=18544"}],"wp:attachment":[{"href":"https:\/\/uj.adatbank.ro\/lexikon\/wp-json\/wp\/v2\/media?parent=18544"}],"wp:term":[{"taxonomy":"product_brand","embeddable":true,"href":"https:\/\/uj.adatbank.ro\/lexikon\/wp-json\/wp\/v2\/product_brand?post=18544"},{"taxonomy":"product_cat","embeddable":true,"href":"https:\/\/uj.adatbank.ro\/lexikon\/wp-json\/wp\/v2\/product_cat?post=18544"},{"taxonomy":"product_tag","embeddable":true,"href":"https:\/\/uj.adatbank.ro\/lexikon\/wp-json\/wp\/v2\/product_tag?post=18544"}],"curies":[{"name":"wp","href":"https:\/\/api.w.org\/{rel}","templated":true}]}}