{"id":18547,"date":"2025-07-16T10:56:06","date_gmt":"2025-07-16T08:56:06","guid":{"rendered":"https:\/\/uj.adatbank.ro\/lexikon\/termek\/popa-ilie-3\/"},"modified":"2025-07-16T10:56:06","modified_gmt":"2025-07-16T08:56:06","slug":"popa-ilie-3","status":"publish","type":"product","link":"https:\/\/uj.adatbank.ro\/lexikon\/termek\/popa-ilie-3\/","title":{"rendered":"POPA, Ilie"},"content":{"rendered":"<p>Segesv\u00e1r, 1902., \u2020\u00a0?: \u00fcgyv\u00e9d, helyettes polg\u00e1rmester. \u2013 Keresked\u0151 csal\u00e1db\u00f3l sz\u00fcletett. Bel\u00e9nyesen \u00e9retts\u00e9gizett, Kv.-on jogi \u00e9s kereskedelmi akad\u00e9mi\u00e1t v\u00e9gzett. Kv.-on az Iris gy\u00e1rban tisztvisel\u0151, majd n\u00e9pj\u00f3l\u00e9ti \u00e9s p\u00e9nz\u00fcgyi tisztvisel\u0151, \u00fcgyv\u00e9djel\u00f6lt (1925\u2013). \u00d6n\u00e1ll\u00f3 \u00fcgyv\u00e9d Segesv\u00e1ron (1928\u2013), majd helyettes polg\u00e1rmester (1930). A Nemzeti Parasztp\u00e1rt, a Chemaria vezet\u00e9s\u00e9ben szerepet j\u00e1tszott, az ASTRA \u00e9s t\u00f6bb egyes\u00fclet tagja volt, valamint politikai \u00e9s di\u00e1lmozgalmakban vett r\u00e9szt. Cikkei jelentek meg lapokban. \u00c9rdemeinek elismer\u00e9s\u00e9\u00fcl a rom\u00e1n Koronarend tiszti keresztj\u00e9vel t\u00f6ntet\u00e9k ki.<br \/><strong>Irod.:<\/strong> Ki kicsoda\u00a0?<\/br><\/p>\n","protected":false},"excerpt":{"rendered":"<p>Segesv\u00e1r, 1902., \u2020\u00a0?: \u00fcgyv\u00e9d, helyettes polg\u00e1rmester. \u2013 Keresked\u0151 csal\u00e1db\u00f3l sz\u00fcletett. Bel\u00e9nyesen \u00e9retts\u00e9gizett, Kv.-on jogi \u00e9s kereskedelmi akad\u00e9mi\u00e1t v\u00e9gzett. Kv.-on az Iris gy\u00e1rban tisztvisel\u0151, majd n\u00e9pj\u00f3l\u00e9ti \u00e9s p\u00e9nz\u00fcgyi tisztvisel\u0151, \u00fcgyv\u00e9djel\u00f6lt (1925\u2013). \u00d6n\u00e1ll\u00f3 \u00fcgyv\u00e9d Segesv\u00e1ron (1928\u2013), majd helyettes polg\u00e1rmester (1930). A Nemzeti Parasztp\u00e1rt, a Chemaria vezet\u00e9s\u00e9ben szerepet j\u00e1tszott, az ASTRA \u00e9s t\u00f6bb egyes\u00fclet tagja volt, valamint politikai [&hellip;]<\/p>\n","protected":false},"featured_media":0,"comment_status":"open","ping_status":"closed","template":"","meta":[],"product_brand":[],"product_cat":[137],"product_tag":[],"class_list":{"0":"post-18547","1":"product","2":"type-product","3":"status-publish","5":"product_cat-maros-megyei-eletrajzi-lexikon","7":"first","8":"instock","9":"shipping-taxable","10":"product-type-simple"},"_links":{"self":[{"href":"https:\/\/uj.adatbank.ro\/lexikon\/wp-json\/wp\/v2\/product\/18547","targetHints":{"allow":["GET"]}}],"collection":[{"href":"https:\/\/uj.adatbank.ro\/lexikon\/wp-json\/wp\/v2\/product"}],"about":[{"href":"https:\/\/uj.adatbank.ro\/lexikon\/wp-json\/wp\/v2\/types\/product"}],"replies":[{"embeddable":true,"href":"https:\/\/uj.adatbank.ro\/lexikon\/wp-json\/wp\/v2\/comments?post=18547"}],"wp:attachment":[{"href":"https:\/\/uj.adatbank.ro\/lexikon\/wp-json\/wp\/v2\/media?parent=18547"}],"wp:term":[{"taxonomy":"product_brand","embeddable":true,"href":"https:\/\/uj.adatbank.ro\/lexikon\/wp-json\/wp\/v2\/product_brand?post=18547"},{"taxonomy":"product_cat","embeddable":true,"href":"https:\/\/uj.adatbank.ro\/lexikon\/wp-json\/wp\/v2\/product_cat?post=18547"},{"taxonomy":"product_tag","embeddable":true,"href":"https:\/\/uj.adatbank.ro\/lexikon\/wp-json\/wp\/v2\/product_tag?post=18547"}],"curies":[{"name":"wp","href":"https:\/\/api.w.org\/{rel}","templated":true}]}}