{"id":18549,"date":"2025-07-16T10:56:12","date_gmt":"2025-07-16T08:56:12","guid":{"rendered":"https:\/\/uj.adatbank.ro\/lexikon\/termek\/popa-ioan-2\/"},"modified":"2025-07-16T10:56:12","modified_gmt":"2025-07-16T08:56:12","slug":"popa-ioan-2","status":"publish","type":"product","link":"https:\/\/uj.adatbank.ro\/lexikon\/termek\/popa-ioan-2\/","title":{"rendered":"POPA, Ioan"},"content":{"rendered":"<p>? \u2020\u00a0?: g. kat. pap. \u2013 Val\u00f3sz\u00edn\u0171, ua., aki Kisszentl\u0151ricben, Mosonban, Kozmatelk\u00e9n szolg\u00e1lt (1733 k.). \u0150 \u00edrta al\u00e1 a g.kat. \u00e9s ort. egyh\u00e1z egyes\u00fcl\u00e9si irat\u00e1t, amelyet nem minden h\u00edve vett j\u00f3 n\u00e9ven. Soroph\u00e1z\u00e1n szolg\u00e1lt. A G\u00f6rg\u00e9ny j\u00e1r\u00e1s k\u00fcld\u00f6ttek\u00e9nt r\u00e9szt vett a g. kat. egyh\u00e1z szinodus\u00e1n (1782. aug. 11.). <br \/><strong>Irod.:<\/strong> Reghin, Protopopiat; \u015eerbeni; \u015eincan 2006<\/br><\/p>\n","protected":false},"excerpt":{"rendered":"<p>? \u2020\u00a0?: g. kat. pap. \u2013 Val\u00f3sz\u00edn\u0171, ua., aki Kisszentl\u0151ricben, Mosonban, Kozmatelk\u00e9n szolg\u00e1lt (1733 k.). \u0150 \u00edrta al\u00e1 a g.kat. \u00e9s ort. egyh\u00e1z egyes\u00fcl\u00e9si irat\u00e1t, amelyet nem minden h\u00edve vett j\u00f3 n\u00e9ven. Soroph\u00e1z\u00e1n szolg\u00e1lt. A G\u00f6rg\u00e9ny j\u00e1r\u00e1s k\u00fcld\u00f6ttek\u00e9nt r\u00e9szt vett a g. kat. egyh\u00e1z szinodus\u00e1n (1782. aug. 11.). Irod.: Reghin, Protopopiat; \u015eerbeni; \u015eincan 2006<\/p>\n","protected":false},"featured_media":0,"comment_status":"open","ping_status":"closed","template":"","meta":[],"product_brand":[],"product_cat":[137],"product_tag":[],"class_list":{"0":"post-18549","1":"product","2":"type-product","3":"status-publish","5":"product_cat-maros-megyei-eletrajzi-lexikon","7":"first","8":"instock","9":"shipping-taxable","10":"product-type-simple"},"_links":{"self":[{"href":"https:\/\/uj.adatbank.ro\/lexikon\/wp-json\/wp\/v2\/product\/18549","targetHints":{"allow":["GET"]}}],"collection":[{"href":"https:\/\/uj.adatbank.ro\/lexikon\/wp-json\/wp\/v2\/product"}],"about":[{"href":"https:\/\/uj.adatbank.ro\/lexikon\/wp-json\/wp\/v2\/types\/product"}],"replies":[{"embeddable":true,"href":"https:\/\/uj.adatbank.ro\/lexikon\/wp-json\/wp\/v2\/comments?post=18549"}],"wp:attachment":[{"href":"https:\/\/uj.adatbank.ro\/lexikon\/wp-json\/wp\/v2\/media?parent=18549"}],"wp:term":[{"taxonomy":"product_brand","embeddable":true,"href":"https:\/\/uj.adatbank.ro\/lexikon\/wp-json\/wp\/v2\/product_brand?post=18549"},{"taxonomy":"product_cat","embeddable":true,"href":"https:\/\/uj.adatbank.ro\/lexikon\/wp-json\/wp\/v2\/product_cat?post=18549"},{"taxonomy":"product_tag","embeddable":true,"href":"https:\/\/uj.adatbank.ro\/lexikon\/wp-json\/wp\/v2\/product_tag?post=18549"}],"curies":[{"name":"wp","href":"https:\/\/api.w.org\/{rel}","templated":true}]}}