{"id":1855,"date":"2025-06-28T11:55:30","date_gmt":"2025-06-28T09:55:30","guid":{"rendered":"https:\/\/uj.adatbank.ro\/lexikon\/termek\/bajor-gizi\/"},"modified":"2025-06-28T11:55:30","modified_gmt":"2025-06-28T09:55:30","slug":"bajor-gizi","status":"publish","type":"product","link":"https:\/\/uj.adatbank.ro\/lexikon\/termek\/bajor-gizi\/","title":{"rendered":"BAJOR Gizi"},"content":{"rendered":"<p>1893., \u2020\u00a01951.: sz\u00edn\u00e9szn\u0151. \u2013 Az \u00fcnnepelt szt\u00e1r fell\u00e9pett Mv.-en G\u00e1sp\u00e1r Jen\u0151 t\u00e1rsulat\u00e1ban (1929\u201330). <br \/><strong>Irod.:<\/strong> K\u00f6t\u0151<\/br><\/p>\n","protected":false},"excerpt":{"rendered":"<p>1893., \u2020\u00a01951.: sz\u00edn\u00e9szn\u0151. \u2013 Az \u00fcnnepelt szt\u00e1r fell\u00e9pett Mv.-en G\u00e1sp\u00e1r Jen\u0151 t\u00e1rsulat\u00e1ban (1929\u201330). Irod.: K\u00f6t\u0151<\/p>\n","protected":false},"featured_media":0,"comment_status":"open","ping_status":"closed","template":"","meta":[],"product_brand":[],"product_cat":[137],"product_tag":[],"class_list":{"0":"post-1855","1":"product","2":"type-product","3":"status-publish","5":"product_cat-maros-megyei-eletrajzi-lexikon","7":"first","8":"instock","9":"shipping-taxable","10":"product-type-simple"},"_links":{"self":[{"href":"https:\/\/uj.adatbank.ro\/lexikon\/wp-json\/wp\/v2\/product\/1855","targetHints":{"allow":["GET"]}}],"collection":[{"href":"https:\/\/uj.adatbank.ro\/lexikon\/wp-json\/wp\/v2\/product"}],"about":[{"href":"https:\/\/uj.adatbank.ro\/lexikon\/wp-json\/wp\/v2\/types\/product"}],"replies":[{"embeddable":true,"href":"https:\/\/uj.adatbank.ro\/lexikon\/wp-json\/wp\/v2\/comments?post=1855"}],"wp:attachment":[{"href":"https:\/\/uj.adatbank.ro\/lexikon\/wp-json\/wp\/v2\/media?parent=1855"}],"wp:term":[{"taxonomy":"product_brand","embeddable":true,"href":"https:\/\/uj.adatbank.ro\/lexikon\/wp-json\/wp\/v2\/product_brand?post=1855"},{"taxonomy":"product_cat","embeddable":true,"href":"https:\/\/uj.adatbank.ro\/lexikon\/wp-json\/wp\/v2\/product_cat?post=1855"},{"taxonomy":"product_tag","embeddable":true,"href":"https:\/\/uj.adatbank.ro\/lexikon\/wp-json\/wp\/v2\/product_tag?post=1855"}],"curies":[{"name":"wp","href":"https:\/\/api.w.org\/{rel}","templated":true}]}}