{"id":18550,"date":"2025-07-16T10:56:14","date_gmt":"2025-07-16T08:56:14","guid":{"rendered":"https:\/\/uj.adatbank.ro\/lexikon\/termek\/popa-ioan-3\/"},"modified":"2025-07-16T10:56:14","modified_gmt":"2025-07-16T08:56:14","slug":"popa-ioan-3","status":"publish","type":"product","link":"https:\/\/uj.adatbank.ro\/lexikon\/termek\/popa-ioan-3\/","title":{"rendered":"POPA, Ioan"},"content":{"rendered":"<p>? \u2020\u00a0?: g. kat. pap. \u2013 L\u00f6v\u00e9ren szolg\u00e1lt, ahol volt templom, de par\u00f3kia nem. Az egy\u00e1z vagyona 2 hold sz\u00e1nt\u00f3, hat szek\u00e9r sz\u00e9naterm\u0151 kasz\u00e1l\u00f3 (1900). <br \/><strong>Irod.:<\/strong> Lueriu<\/br><\/p>\n","protected":false},"excerpt":{"rendered":"<p>? \u2020\u00a0?: g. kat. pap. \u2013 L\u00f6v\u00e9ren szolg\u00e1lt, ahol volt templom, de par\u00f3kia nem. Az egy\u00e1z vagyona 2 hold sz\u00e1nt\u00f3, hat szek\u00e9r sz\u00e9naterm\u0151 kasz\u00e1l\u00f3 (1900). Irod.: Lueriu<\/p>\n","protected":false},"featured_media":0,"comment_status":"open","ping_status":"closed","template":"","meta":[],"product_brand":[],"product_cat":[137],"product_tag":[],"class_list":{"0":"post-18550","1":"product","2":"type-product","3":"status-publish","5":"product_cat-maros-megyei-eletrajzi-lexikon","7":"first","8":"instock","9":"shipping-taxable","10":"product-type-simple"},"_links":{"self":[{"href":"https:\/\/uj.adatbank.ro\/lexikon\/wp-json\/wp\/v2\/product\/18550","targetHints":{"allow":["GET"]}}],"collection":[{"href":"https:\/\/uj.adatbank.ro\/lexikon\/wp-json\/wp\/v2\/product"}],"about":[{"href":"https:\/\/uj.adatbank.ro\/lexikon\/wp-json\/wp\/v2\/types\/product"}],"replies":[{"embeddable":true,"href":"https:\/\/uj.adatbank.ro\/lexikon\/wp-json\/wp\/v2\/comments?post=18550"}],"wp:attachment":[{"href":"https:\/\/uj.adatbank.ro\/lexikon\/wp-json\/wp\/v2\/media?parent=18550"}],"wp:term":[{"taxonomy":"product_brand","embeddable":true,"href":"https:\/\/uj.adatbank.ro\/lexikon\/wp-json\/wp\/v2\/product_brand?post=18550"},{"taxonomy":"product_cat","embeddable":true,"href":"https:\/\/uj.adatbank.ro\/lexikon\/wp-json\/wp\/v2\/product_cat?post=18550"},{"taxonomy":"product_tag","embeddable":true,"href":"https:\/\/uj.adatbank.ro\/lexikon\/wp-json\/wp\/v2\/product_tag?post=18550"}],"curies":[{"name":"wp","href":"https:\/\/api.w.org\/{rel}","templated":true}]}}