{"id":18551,"date":"2025-07-16T10:56:16","date_gmt":"2025-07-16T08:56:16","guid":{"rendered":"https:\/\/uj.adatbank.ro\/lexikon\/termek\/popa-ioan-4\/"},"modified":"2025-07-16T10:56:16","modified_gmt":"2025-07-16T08:56:16","slug":"popa-ioan-4","status":"publish","type":"product","link":"https:\/\/uj.adatbank.ro\/lexikon\/termek\/popa-ioan-4\/","title":{"rendered":"POPA, Ioan"},"content":{"rendered":"<p>Maroslekence, 1910. nov. 10., \u2020 Mv., 2010. szept. 17. Bal\u00e1zsfalv\u00e1n temett\u00e9k: tan\u00e1r, g. kat. pap. \u2013 Sz\u00fcl\u0151faluj\u00e1ban v\u00e9gezte az elemi iskol\u00e1t (1917\u201321) \u00e9s Mv.-en az \u201eAl. Papiu Ilarian\u201d L\u00edc.-ban \u00e9retts\u00e9gizett (1921\u201329), a teol\u00f3giai akad\u00e9mi\u00e1t Bal\u00e1zsfalv\u00e1n hallgatta (1929\u201333), egyetemi oklevelet szerzett (1936), pedag\u00f3gia szakot Kv.-on v\u00e9gzett (1937). A tan\u00fcgyi reform ut\u00e1n Kv.-on szakosodott matematika-fizikatan\u00e1rr\u00e1 (1957\u201359). Bal\u00e1zsfalv\u00e1n tan\u00edtott (1934\u201348), papp\u00e1 szentelt\u00e9k (1938). Lelk\u00e9sz Apoldon (1941\u201345). Megtagadta az ortodox vall\u00e1sra val\u00f3 \u00e1tt\u00e9r\u00e9s\u00e9t (1948), \u00e9vekig v\u00e1llalva a csal\u00e1dj\u00e1t\u00f3l val\u00f3 elszakad\u00e1st, a k\u00e9nyszerlakhelyet \u00e9s az \u00e1lland\u00f3 zaklat\u00e1st. A g\u00f6r. kat. egyh\u00e1z felsz\u00e1mol\u00e1sa ut\u00e1n (1948. dec.1.) matematika-fizika tan\u00e1r Mehedin\u0163 megy\u00e9ben (1949\u201351), Kiskapuson (1951\u201355), Bal\u00e1zsfalv\u00e1n nyugd\u00edjaz\u00e1s\u00e1ig (1955\u201372). K\u00f6zben titokban mindv\u00e9gig h\u00e1zass\u00e1gk\u00f6t\u00e9si \u00e9s m\u00e1s szertart\u00e1sokat v\u00e9gzett. Majd r\u00e9szt vett a g. kat. egyh\u00e1z \u00faj \u00e9let\u00e9ben, \u00fajra\u00e9p\u00edt\u00e9s\u00e9ben. K\u00f6z\u00f6lt a bal\u00e1zsfalvi Inima lui Isus, Unirea lapokban. Mv. d\u00edszpolg\u00e1ra (1999). <br \/><strong>Irod.:<\/strong> Akikre feln\u00e9z a v\u00e1ros (N\u00fa., 1999. j\u00fan. 24.); Apold; Com\u015fa-Seiceanu; \u015eerban 2006; Todea 2013<\/br><\/p>\n","protected":false},"excerpt":{"rendered":"<p>Maroslekence, 1910. nov. 10., \u2020 Mv., 2010. szept. 17. Bal\u00e1zsfalv\u00e1n temett\u00e9k: tan\u00e1r, g. kat. pap. \u2013 Sz\u00fcl\u0151faluj\u00e1ban v\u00e9gezte az elemi iskol\u00e1t (1917\u201321) \u00e9s Mv.-en az \u201eAl. Papiu Ilarian\u201d L\u00edc.-ban \u00e9retts\u00e9gizett (1921\u201329), a teol\u00f3giai akad\u00e9mi\u00e1t Bal\u00e1zsfalv\u00e1n hallgatta (1929\u201333), egyetemi oklevelet szerzett (1936), pedag\u00f3gia szakot Kv.-on v\u00e9gzett (1937). A tan\u00fcgyi reform ut\u00e1n Kv.-on szakosodott matematika-fizikatan\u00e1rr\u00e1 (1957\u201359). Bal\u00e1zsfalv\u00e1n [&hellip;]<\/p>\n","protected":false},"featured_media":0,"comment_status":"open","ping_status":"closed","template":"","meta":[],"product_brand":[],"product_cat":[137],"product_tag":[],"class_list":{"0":"post-18551","1":"product","2":"type-product","3":"status-publish","5":"product_cat-maros-megyei-eletrajzi-lexikon","7":"first","8":"instock","9":"shipping-taxable","10":"product-type-simple"},"_links":{"self":[{"href":"https:\/\/uj.adatbank.ro\/lexikon\/wp-json\/wp\/v2\/product\/18551","targetHints":{"allow":["GET"]}}],"collection":[{"href":"https:\/\/uj.adatbank.ro\/lexikon\/wp-json\/wp\/v2\/product"}],"about":[{"href":"https:\/\/uj.adatbank.ro\/lexikon\/wp-json\/wp\/v2\/types\/product"}],"replies":[{"embeddable":true,"href":"https:\/\/uj.adatbank.ro\/lexikon\/wp-json\/wp\/v2\/comments?post=18551"}],"wp:attachment":[{"href":"https:\/\/uj.adatbank.ro\/lexikon\/wp-json\/wp\/v2\/media?parent=18551"}],"wp:term":[{"taxonomy":"product_brand","embeddable":true,"href":"https:\/\/uj.adatbank.ro\/lexikon\/wp-json\/wp\/v2\/product_brand?post=18551"},{"taxonomy":"product_cat","embeddable":true,"href":"https:\/\/uj.adatbank.ro\/lexikon\/wp-json\/wp\/v2\/product_cat?post=18551"},{"taxonomy":"product_tag","embeddable":true,"href":"https:\/\/uj.adatbank.ro\/lexikon\/wp-json\/wp\/v2\/product_tag?post=18551"}],"curies":[{"name":"wp","href":"https:\/\/api.w.org\/{rel}","templated":true}]}}