{"id":18552,"date":"2025-07-16T10:56:19","date_gmt":"2025-07-16T08:56:19","guid":{"rendered":"https:\/\/uj.adatbank.ro\/lexikon\/termek\/popa-ioan-5\/"},"modified":"2025-07-16T10:56:19","modified_gmt":"2025-07-16T08:56:19","slug":"popa-ioan-5","status":"publish","type":"product","link":"https:\/\/uj.adatbank.ro\/lexikon\/termek\/popa-ioan-5\/","title":{"rendered":"POPA, Ioan"},"content":{"rendered":"<p>? \u2020\u00a0?: ort. pap. \u2013 Dics\u0151szentm\u00e1rtonban a Sf. Gheorghe templomban szolg\u00e1lt nyugd\u00edjaz\u00e1s\u00e1ig (1948\u201383). K\u00f6zbenj\u00e1r\u00e1s\u00e1val szerezt\u00e9k meg a dics\u0151szentm\u00e1rtoni Szenth\u00e1roms\u00e1g ort. templom \u00fajabb \u00e9p\u00edtkez\u00e9si enged\u00e9ly\u00e9t (1968). <br \/><strong>Irod.:<\/strong> T\u00e2rn\u0103veni, cult.- ist.<\/br><\/p>\n","protected":false},"excerpt":{"rendered":"<p>? \u2020\u00a0?: ort. pap. \u2013 Dics\u0151szentm\u00e1rtonban a Sf. Gheorghe templomban szolg\u00e1lt nyugd\u00edjaz\u00e1s\u00e1ig (1948\u201383). K\u00f6zbenj\u00e1r\u00e1s\u00e1val szerezt\u00e9k meg a dics\u0151szentm\u00e1rtoni Szenth\u00e1roms\u00e1g ort. templom \u00fajabb \u00e9p\u00edtkez\u00e9si enged\u00e9ly\u00e9t (1968). Irod.: T\u00e2rn\u0103veni, cult.- ist.<\/p>\n","protected":false},"featured_media":0,"comment_status":"open","ping_status":"closed","template":"","meta":[],"product_brand":[],"product_cat":[137],"product_tag":[],"class_list":{"0":"post-18552","1":"product","2":"type-product","3":"status-publish","5":"product_cat-maros-megyei-eletrajzi-lexikon","7":"first","8":"instock","9":"shipping-taxable","10":"product-type-simple"},"_links":{"self":[{"href":"https:\/\/uj.adatbank.ro\/lexikon\/wp-json\/wp\/v2\/product\/18552","targetHints":{"allow":["GET"]}}],"collection":[{"href":"https:\/\/uj.adatbank.ro\/lexikon\/wp-json\/wp\/v2\/product"}],"about":[{"href":"https:\/\/uj.adatbank.ro\/lexikon\/wp-json\/wp\/v2\/types\/product"}],"replies":[{"embeddable":true,"href":"https:\/\/uj.adatbank.ro\/lexikon\/wp-json\/wp\/v2\/comments?post=18552"}],"wp:attachment":[{"href":"https:\/\/uj.adatbank.ro\/lexikon\/wp-json\/wp\/v2\/media?parent=18552"}],"wp:term":[{"taxonomy":"product_brand","embeddable":true,"href":"https:\/\/uj.adatbank.ro\/lexikon\/wp-json\/wp\/v2\/product_brand?post=18552"},{"taxonomy":"product_cat","embeddable":true,"href":"https:\/\/uj.adatbank.ro\/lexikon\/wp-json\/wp\/v2\/product_cat?post=18552"},{"taxonomy":"product_tag","embeddable":true,"href":"https:\/\/uj.adatbank.ro\/lexikon\/wp-json\/wp\/v2\/product_tag?post=18552"}],"curies":[{"name":"wp","href":"https:\/\/api.w.org\/{rel}","templated":true}]}}