{"id":18553,"date":"2025-07-16T10:56:21","date_gmt":"2025-07-16T08:56:21","guid":{"rendered":"https:\/\/uj.adatbank.ro\/lexikon\/termek\/popa-maftei\/"},"modified":"2025-07-16T10:56:21","modified_gmt":"2025-07-16T08:56:21","slug":"popa-maftei","status":"publish","type":"product","link":"https:\/\/uj.adatbank.ro\/lexikon\/termek\/popa-maftei\/","title":{"rendered":"POPA Maftei"},"content":{"rendered":"<p>? \u2020\u00a0?: g. kat. pap. \u2013 Marosag\u00e1rdban, ahol a korabeli \u00f6ssze\u00edr\u00e1sok szerint 24 g.kat. csal\u00e1d \u00e9lt, de volt templomuk \u00e9s papi lakjuk (1733). A templom szeg\u00e9ny volt, csak kev\u00e9s gabonaf\u00f6lddel rendelkezett. <br \/><strong>Irod.:<\/strong> \u015eincan 2006<\/br><\/p>\n","protected":false},"excerpt":{"rendered":"<p>? \u2020\u00a0?: g. kat. pap. \u2013 Marosag\u00e1rdban, ahol a korabeli \u00f6ssze\u00edr\u00e1sok szerint 24 g.kat. csal\u00e1d \u00e9lt, de volt templomuk \u00e9s papi lakjuk (1733). A templom szeg\u00e9ny volt, csak kev\u00e9s gabonaf\u00f6lddel rendelkezett. Irod.: \u015eincan 2006<\/p>\n","protected":false},"featured_media":0,"comment_status":"open","ping_status":"closed","template":"","meta":[],"product_brand":[],"product_cat":[137],"product_tag":[],"class_list":{"0":"post-18553","1":"product","2":"type-product","3":"status-publish","5":"product_cat-maros-megyei-eletrajzi-lexikon","7":"first","8":"instock","9":"shipping-taxable","10":"product-type-simple"},"_links":{"self":[{"href":"https:\/\/uj.adatbank.ro\/lexikon\/wp-json\/wp\/v2\/product\/18553","targetHints":{"allow":["GET"]}}],"collection":[{"href":"https:\/\/uj.adatbank.ro\/lexikon\/wp-json\/wp\/v2\/product"}],"about":[{"href":"https:\/\/uj.adatbank.ro\/lexikon\/wp-json\/wp\/v2\/types\/product"}],"replies":[{"embeddable":true,"href":"https:\/\/uj.adatbank.ro\/lexikon\/wp-json\/wp\/v2\/comments?post=18553"}],"wp:attachment":[{"href":"https:\/\/uj.adatbank.ro\/lexikon\/wp-json\/wp\/v2\/media?parent=18553"}],"wp:term":[{"taxonomy":"product_brand","embeddable":true,"href":"https:\/\/uj.adatbank.ro\/lexikon\/wp-json\/wp\/v2\/product_brand?post=18553"},{"taxonomy":"product_cat","embeddable":true,"href":"https:\/\/uj.adatbank.ro\/lexikon\/wp-json\/wp\/v2\/product_cat?post=18553"},{"taxonomy":"product_tag","embeddable":true,"href":"https:\/\/uj.adatbank.ro\/lexikon\/wp-json\/wp\/v2\/product_tag?post=18553"}],"curies":[{"name":"wp","href":"https:\/\/api.w.org\/{rel}","templated":true}]}}