{"id":18555,"date":"2025-07-16T10:56:25","date_gmt":"2025-07-16T08:56:25","guid":{"rendered":"https:\/\/uj.adatbank.ro\/lexikon\/termek\/popa-mihaly-juratus\/"},"modified":"2025-07-16T10:56:25","modified_gmt":"2025-07-16T08:56:25","slug":"popa-mihaly-juratus","status":"publish","type":"product","link":"https:\/\/uj.adatbank.ro\/lexikon\/termek\/popa-mihaly-juratus\/","title":{"rendered":"POPA Mih\u00e1ly Juratus"},"content":{"rendered":"<p>? \u2020 ?: ort. pap. \u2013 Erd\u0151szengyelben f\u0151esperesk\u00e9nt szolg\u00e1lt (1733\u201382). Ezt az esperesi hivatalt k\u00e9s\u0151bb felsz\u00e1molt\u00e1k, \u00e9s G\u00f6rg\u00e9nybe helyezt\u00e9k, de sz\u00e9khelye, az akkori esperes, Petru Maior lakhelye miatt, Sz\u00e1szr\u00e9gen v\u00e1ros lett. <br \/><strong>Irod.:<\/strong> \u015eincan 2006<\/br><\/p>\n","protected":false},"excerpt":{"rendered":"<p>? \u2020 ?: ort. pap. \u2013 Erd\u0151szengyelben f\u0151esperesk\u00e9nt szolg\u00e1lt (1733\u201382). Ezt az esperesi hivatalt k\u00e9s\u0151bb felsz\u00e1molt\u00e1k, \u00e9s G\u00f6rg\u00e9nybe helyezt\u00e9k, de sz\u00e9khelye, az akkori esperes, Petru Maior lakhelye miatt, Sz\u00e1szr\u00e9gen v\u00e1ros lett. Irod.: \u015eincan 2006<\/p>\n","protected":false},"featured_media":0,"comment_status":"open","ping_status":"closed","template":"","meta":[],"product_brand":[],"product_cat":[137],"product_tag":[],"class_list":{"0":"post-18555","1":"product","2":"type-product","3":"status-publish","5":"product_cat-maros-megyei-eletrajzi-lexikon","7":"first","8":"instock","9":"shipping-taxable","10":"product-type-simple"},"_links":{"self":[{"href":"https:\/\/uj.adatbank.ro\/lexikon\/wp-json\/wp\/v2\/product\/18555","targetHints":{"allow":["GET"]}}],"collection":[{"href":"https:\/\/uj.adatbank.ro\/lexikon\/wp-json\/wp\/v2\/product"}],"about":[{"href":"https:\/\/uj.adatbank.ro\/lexikon\/wp-json\/wp\/v2\/types\/product"}],"replies":[{"embeddable":true,"href":"https:\/\/uj.adatbank.ro\/lexikon\/wp-json\/wp\/v2\/comments?post=18555"}],"wp:attachment":[{"href":"https:\/\/uj.adatbank.ro\/lexikon\/wp-json\/wp\/v2\/media?parent=18555"}],"wp:term":[{"taxonomy":"product_brand","embeddable":true,"href":"https:\/\/uj.adatbank.ro\/lexikon\/wp-json\/wp\/v2\/product_brand?post=18555"},{"taxonomy":"product_cat","embeddable":true,"href":"https:\/\/uj.adatbank.ro\/lexikon\/wp-json\/wp\/v2\/product_cat?post=18555"},{"taxonomy":"product_tag","embeddable":true,"href":"https:\/\/uj.adatbank.ro\/lexikon\/wp-json\/wp\/v2\/product_tag?post=18555"}],"curies":[{"name":"wp","href":"https:\/\/api.w.org\/{rel}","templated":true}]}}