{"id":18556,"date":"2025-07-16T10:56:26","date_gmt":"2025-07-16T08:56:26","guid":{"rendered":"https:\/\/uj.adatbank.ro\/lexikon\/termek\/popa-moise\/"},"modified":"2025-07-16T10:56:26","modified_gmt":"2025-07-16T08:56:26","slug":"popa-moise","status":"publish","type":"product","link":"https:\/\/uj.adatbank.ro\/lexikon\/termek\/popa-moise\/","title":{"rendered":"POPA, Moise"},"content":{"rendered":"<p>? \u2020 ?: polg\u00e1rmester. \u2013 Bord falu polg\u00e1rmestere, aki szervezte \u00e9s vezette Bord \u00e9s Marosd\u00e9g falu lakosainak spont\u00e1n l\u00e1zad\u00e1s\u00e1t a f\u00f6ldoszt\u00e1skor keletkezett n\u00e9zetelt\u00e9r\u00e9sek miatt. A maroscsap\u00f3i f\u00f6ldek eloszt\u00e1sa v\u00e1ltotta ki az el\u00e9gedetlens\u00e9get, mert olyanoknak osztott\u00e1k sz\u00e9t, akik soha nem m\u0171velt\u00e9k azokat a f\u00f6ldeket. A Mg.-i Miniszt\u00e9rium bizotts\u00e1got k\u00fcld\u00f6tt ki a probl\u00e9ma megold\u00e1sa v\u00e9gett (1945.nyar\u00e1n). <br \/><strong>Irod.:<\/strong> S\u0103lcud<\/br><\/p>\n","protected":false},"excerpt":{"rendered":"<p>? \u2020 ?: polg\u00e1rmester. \u2013 Bord falu polg\u00e1rmestere, aki szervezte \u00e9s vezette Bord \u00e9s Marosd\u00e9g falu lakosainak spont\u00e1n l\u00e1zad\u00e1s\u00e1t a f\u00f6ldoszt\u00e1skor keletkezett n\u00e9zetelt\u00e9r\u00e9sek miatt. A maroscsap\u00f3i f\u00f6ldek eloszt\u00e1sa v\u00e1ltotta ki az el\u00e9gedetlens\u00e9get, mert olyanoknak osztott\u00e1k sz\u00e9t, akik soha nem m\u0171velt\u00e9k azokat a f\u00f6ldeket. A Mg.-i Miniszt\u00e9rium bizotts\u00e1got k\u00fcld\u00f6tt ki a probl\u00e9ma megold\u00e1sa v\u00e9gett (1945.nyar\u00e1n). Irod.: [&hellip;]<\/p>\n","protected":false},"featured_media":0,"comment_status":"open","ping_status":"closed","template":"","meta":[],"product_brand":[],"product_cat":[137],"product_tag":[],"class_list":{"0":"post-18556","1":"product","2":"type-product","3":"status-publish","5":"product_cat-maros-megyei-eletrajzi-lexikon","7":"first","8":"instock","9":"shipping-taxable","10":"product-type-simple"},"_links":{"self":[{"href":"https:\/\/uj.adatbank.ro\/lexikon\/wp-json\/wp\/v2\/product\/18556","targetHints":{"allow":["GET"]}}],"collection":[{"href":"https:\/\/uj.adatbank.ro\/lexikon\/wp-json\/wp\/v2\/product"}],"about":[{"href":"https:\/\/uj.adatbank.ro\/lexikon\/wp-json\/wp\/v2\/types\/product"}],"replies":[{"embeddable":true,"href":"https:\/\/uj.adatbank.ro\/lexikon\/wp-json\/wp\/v2\/comments?post=18556"}],"wp:attachment":[{"href":"https:\/\/uj.adatbank.ro\/lexikon\/wp-json\/wp\/v2\/media?parent=18556"}],"wp:term":[{"taxonomy":"product_brand","embeddable":true,"href":"https:\/\/uj.adatbank.ro\/lexikon\/wp-json\/wp\/v2\/product_brand?post=18556"},{"taxonomy":"product_cat","embeddable":true,"href":"https:\/\/uj.adatbank.ro\/lexikon\/wp-json\/wp\/v2\/product_cat?post=18556"},{"taxonomy":"product_tag","embeddable":true,"href":"https:\/\/uj.adatbank.ro\/lexikon\/wp-json\/wp\/v2\/product_tag?post=18556"}],"curies":[{"name":"wp","href":"https:\/\/api.w.org\/{rel}","templated":true}]}}