{"id":18557,"date":"2025-07-16T10:56:28","date_gmt":"2025-07-16T08:56:28","guid":{"rendered":"https:\/\/uj.adatbank.ro\/lexikon\/termek\/popa-nicolae-bon-zugravu-din-feisa-pop-nicolae\/"},"modified":"2025-07-16T10:56:28","modified_gmt":"2025-07-16T08:56:28","slug":"popa-nicolae-bon-zugravu-din-feisa-pop-nicolae","status":"publish","type":"product","link":"https:\/\/uj.adatbank.ro\/lexikon\/termek\/popa-nicolae-bon-zugravu-din-feisa-pop-nicolae\/","title":{"rendered":"POPA, Nicolae Bon; Zugravu din Feisa, Pop Nicolae"},"content":{"rendered":"<p>K\u00fck\u00fcll\u0151fajsz, ? \u2020\u00a0?\u00a0: templomfest\u0151. \u2013 A maroskecei fatemplombels\u0151 fest\u0151je (1769), a kincsesi, a cs\u00fcd\u0151telkei (1787), mv.-i Szt. Mih\u00e1ly arkangyal fatempolom (1793\u201394) ikonjait festette (1814). <br \/><strong>Irod.:<\/strong> B\u0103ciu\u0163, Nicolae; Id\u0151t\u00e1r 1; \u015eincan, Gheorghe: Biserica de lemn \u201eSf\u00e2ntul Arhangel Mihail\u201d [T\u00e2rgu-Mure\u015f] (Vatra veche, nr. 2., 2009); Man; Maros megye; Mv.-Bal\u00e1s<\/br><\/p>\n","protected":false},"excerpt":{"rendered":"<p>K\u00fck\u00fcll\u0151fajsz, ? \u2020\u00a0?\u00a0: templomfest\u0151. \u2013 A maroskecei fatemplombels\u0151 fest\u0151je (1769), a kincsesi, a cs\u00fcd\u0151telkei (1787), mv.-i Szt. Mih\u00e1ly arkangyal fatempolom (1793\u201394) ikonjait festette (1814). Irod.: B\u0103ciu\u0163, Nicolae; Id\u0151t\u00e1r 1; \u015eincan, Gheorghe: Biserica de lemn \u201eSf\u00e2ntul Arhangel Mihail\u201d [T\u00e2rgu-Mure\u015f] (Vatra veche, nr. 2., 2009); Man; Maros megye; Mv.-Bal\u00e1s<\/p>\n","protected":false},"featured_media":0,"comment_status":"open","ping_status":"closed","template":"","meta":[],"product_brand":[],"product_cat":[137],"product_tag":[],"class_list":{"0":"post-18557","1":"product","2":"type-product","3":"status-publish","5":"product_cat-maros-megyei-eletrajzi-lexikon","7":"first","8":"instock","9":"shipping-taxable","10":"product-type-simple"},"_links":{"self":[{"href":"https:\/\/uj.adatbank.ro\/lexikon\/wp-json\/wp\/v2\/product\/18557","targetHints":{"allow":["GET"]}}],"collection":[{"href":"https:\/\/uj.adatbank.ro\/lexikon\/wp-json\/wp\/v2\/product"}],"about":[{"href":"https:\/\/uj.adatbank.ro\/lexikon\/wp-json\/wp\/v2\/types\/product"}],"replies":[{"embeddable":true,"href":"https:\/\/uj.adatbank.ro\/lexikon\/wp-json\/wp\/v2\/comments?post=18557"}],"wp:attachment":[{"href":"https:\/\/uj.adatbank.ro\/lexikon\/wp-json\/wp\/v2\/media?parent=18557"}],"wp:term":[{"taxonomy":"product_brand","embeddable":true,"href":"https:\/\/uj.adatbank.ro\/lexikon\/wp-json\/wp\/v2\/product_brand?post=18557"},{"taxonomy":"product_cat","embeddable":true,"href":"https:\/\/uj.adatbank.ro\/lexikon\/wp-json\/wp\/v2\/product_cat?post=18557"},{"taxonomy":"product_tag","embeddable":true,"href":"https:\/\/uj.adatbank.ro\/lexikon\/wp-json\/wp\/v2\/product_tag?post=18557"}],"curies":[{"name":"wp","href":"https:\/\/api.w.org\/{rel}","templated":true}]}}