{"id":18559,"date":"2025-07-16T10:56:33","date_gmt":"2025-07-16T08:56:33","guid":{"rendered":"https:\/\/uj.adatbank.ro\/lexikon\/termek\/popa-oanya\/"},"modified":"2025-07-16T10:56:33","modified_gmt":"2025-07-16T08:56:33","slug":"popa-oanya","status":"publish","type":"product","link":"https:\/\/uj.adatbank.ro\/lexikon\/termek\/popa-oanya\/","title":{"rendered":"POPA Oanya"},"content":{"rendered":"<p>? \u2020 ?: g. kat. pap. \u2013 Erny\u00e9ben szolg\u00e1lt, aki Popa Gavril pappal egy\u00fctt 190 rom\u00e1n nemzetis\u00e9g\u0171 lakost szolg\u00e1lt a m\u00e1r l\u00e9tez\u0151 templomukban (1733). <br \/><strong>Irod.:<\/strong> \u015eincan 2006<\/br><\/p>\n","protected":false},"excerpt":{"rendered":"<p>? \u2020 ?: g. kat. pap. \u2013 Erny\u00e9ben szolg\u00e1lt, aki Popa Gavril pappal egy\u00fctt 190 rom\u00e1n nemzetis\u00e9g\u0171 lakost szolg\u00e1lt a m\u00e1r l\u00e9tez\u0151 templomukban (1733). Irod.: \u015eincan 2006<\/p>\n","protected":false},"featured_media":0,"comment_status":"open","ping_status":"closed","template":"","meta":[],"product_brand":[],"product_cat":[137],"product_tag":[],"class_list":{"0":"post-18559","1":"product","2":"type-product","3":"status-publish","5":"product_cat-maros-megyei-eletrajzi-lexikon","7":"first","8":"instock","9":"shipping-taxable","10":"product-type-simple"},"_links":{"self":[{"href":"https:\/\/uj.adatbank.ro\/lexikon\/wp-json\/wp\/v2\/product\/18559","targetHints":{"allow":["GET"]}}],"collection":[{"href":"https:\/\/uj.adatbank.ro\/lexikon\/wp-json\/wp\/v2\/product"}],"about":[{"href":"https:\/\/uj.adatbank.ro\/lexikon\/wp-json\/wp\/v2\/types\/product"}],"replies":[{"embeddable":true,"href":"https:\/\/uj.adatbank.ro\/lexikon\/wp-json\/wp\/v2\/comments?post=18559"}],"wp:attachment":[{"href":"https:\/\/uj.adatbank.ro\/lexikon\/wp-json\/wp\/v2\/media?parent=18559"}],"wp:term":[{"taxonomy":"product_brand","embeddable":true,"href":"https:\/\/uj.adatbank.ro\/lexikon\/wp-json\/wp\/v2\/product_brand?post=18559"},{"taxonomy":"product_cat","embeddable":true,"href":"https:\/\/uj.adatbank.ro\/lexikon\/wp-json\/wp\/v2\/product_cat?post=18559"},{"taxonomy":"product_tag","embeddable":true,"href":"https:\/\/uj.adatbank.ro\/lexikon\/wp-json\/wp\/v2\/product_tag?post=18559"}],"curies":[{"name":"wp","href":"https:\/\/api.w.org\/{rel}","templated":true}]}}