{"id":18560,"date":"2025-07-16T10:56:35","date_gmt":"2025-07-16T08:56:35","guid":{"rendered":"https:\/\/uj.adatbank.ro\/lexikon\/termek\/popa-octavian\/"},"modified":"2025-07-16T10:56:35","modified_gmt":"2025-07-16T08:56:35","slug":"popa-octavian","status":"publish","type":"product","link":"https:\/\/uj.adatbank.ro\/lexikon\/termek\/popa-octavian\/","title":{"rendered":"POPA, Octavian"},"content":{"rendered":"<p>? \u2020 ?: g. kat. pap. \u2013 Mez\u0151szentandr\u00e1son lelk\u00e9sz (1933-ig). Nev\u00e9hez f\u0171z\u0151dik a Sfin\u0163ii Arhangheli Mihail \u015fi Gavril v\u00e9d\u0151szenteknek aj\u00e1lott, k\u00f6zadakoz\u00e1sb\u00f3l \u00e9s Ioan Luca r\u00e9geni \u00fcgyv\u00e9d \u00f6nzetlen seg\u00edts\u00e9g\u00e9b\u0151l, valamint k\u00f6zmunk\u00e1val fel\u00e9p\u00edtett k\u0151templom, amelynek terveit biz\u00e1nci st\u00edlusban Csisz\u00e9r J\u00f3zsef \u00e9s Kessler Gy\u00f6rgy, mv.i \u00e9p\u00edt\u00e9szm\u00e9rn\u00f6k\u00f6k k\u00e9sz\u00edtett\u00e9k el (1933). A templomot k\u00e9s\u0151bb festett\u00e9k ki, renov\u00e1lt\u00e1k \u00e9s a gyulafeh\u00e9rv\u00e1ri Andrei p\u00fcsp\u00f6k szentelte fel (2000. nov. 5.).-Irod.: Lunca; Reghin, Protopopiat<\/br><\/p>\n","protected":false},"excerpt":{"rendered":"<p>? \u2020 ?: g. kat. pap. \u2013 Mez\u0151szentandr\u00e1son lelk\u00e9sz (1933-ig). Nev\u00e9hez f\u0171z\u0151dik a Sfin\u0163ii Arhangheli Mihail \u015fi Gavril v\u00e9d\u0151szenteknek aj\u00e1lott, k\u00f6zadakoz\u00e1sb\u00f3l \u00e9s Ioan Luca r\u00e9geni \u00fcgyv\u00e9d \u00f6nzetlen seg\u00edts\u00e9g\u00e9b\u0151l, valamint k\u00f6zmunk\u00e1val fel\u00e9p\u00edtett k\u0151templom, amelynek terveit biz\u00e1nci st\u00edlusban Csisz\u00e9r J\u00f3zsef \u00e9s Kessler Gy\u00f6rgy, mv.i \u00e9p\u00edt\u00e9szm\u00e9rn\u00f6k\u00f6k k\u00e9sz\u00edtett\u00e9k el (1933). A templomot k\u00e9s\u0151bb festett\u00e9k ki, renov\u00e1lt\u00e1k \u00e9s a gyulafeh\u00e9rv\u00e1ri [&hellip;]<\/p>\n","protected":false},"featured_media":0,"comment_status":"open","ping_status":"closed","template":"","meta":[],"product_brand":[],"product_cat":[137],"product_tag":[],"class_list":{"0":"post-18560","1":"product","2":"type-product","3":"status-publish","5":"product_cat-maros-megyei-eletrajzi-lexikon","7":"first","8":"instock","9":"shipping-taxable","10":"product-type-simple"},"_links":{"self":[{"href":"https:\/\/uj.adatbank.ro\/lexikon\/wp-json\/wp\/v2\/product\/18560","targetHints":{"allow":["GET"]}}],"collection":[{"href":"https:\/\/uj.adatbank.ro\/lexikon\/wp-json\/wp\/v2\/product"}],"about":[{"href":"https:\/\/uj.adatbank.ro\/lexikon\/wp-json\/wp\/v2\/types\/product"}],"replies":[{"embeddable":true,"href":"https:\/\/uj.adatbank.ro\/lexikon\/wp-json\/wp\/v2\/comments?post=18560"}],"wp:attachment":[{"href":"https:\/\/uj.adatbank.ro\/lexikon\/wp-json\/wp\/v2\/media?parent=18560"}],"wp:term":[{"taxonomy":"product_brand","embeddable":true,"href":"https:\/\/uj.adatbank.ro\/lexikon\/wp-json\/wp\/v2\/product_brand?post=18560"},{"taxonomy":"product_cat","embeddable":true,"href":"https:\/\/uj.adatbank.ro\/lexikon\/wp-json\/wp\/v2\/product_cat?post=18560"},{"taxonomy":"product_tag","embeddable":true,"href":"https:\/\/uj.adatbank.ro\/lexikon\/wp-json\/wp\/v2\/product_tag?post=18560"}],"curies":[{"name":"wp","href":"https:\/\/api.w.org\/{rel}","templated":true}]}}