{"id":18562,"date":"2025-07-16T10:56:38","date_gmt":"2025-07-16T08:56:38","guid":{"rendered":"https:\/\/uj.adatbank.ro\/lexikon\/termek\/popa-onu\/"},"modified":"2025-07-16T10:56:38","modified_gmt":"2025-07-16T08:56:38","slug":"popa-onu","status":"publish","type":"product","link":"https:\/\/uj.adatbank.ro\/lexikon\/termek\/popa-onu\/","title":{"rendered":"POPA, Onu"},"content":{"rendered":"<p>? \u2020 ?: g. kat. pap. \u2013 Soroph\u00e1z\u00e1n szolg\u00e1lata idej\u00e9n k\u00e9t pap m\u0171k\u00f6d\u00f6tt, a m\u00e1sik Petre volt. M\u00e9g nem volt templom a faluban, istentiszteleteket mag\u00e1nh\u00e1zakban tartottak (1733). <br \/><strong>Irod.:<\/strong> \u015eerbeni<\/br><\/p>\n","protected":false},"excerpt":{"rendered":"<p>? \u2020 ?: g. kat. pap. \u2013 Soroph\u00e1z\u00e1n szolg\u00e1lata idej\u00e9n k\u00e9t pap m\u0171k\u00f6d\u00f6tt, a m\u00e1sik Petre volt. M\u00e9g nem volt templom a faluban, istentiszteleteket mag\u00e1nh\u00e1zakban tartottak (1733). Irod.: \u015eerbeni<\/p>\n","protected":false},"featured_media":0,"comment_status":"open","ping_status":"closed","template":"","meta":[],"product_brand":[],"product_cat":[137],"product_tag":[],"class_list":{"0":"post-18562","1":"product","2":"type-product","3":"status-publish","5":"product_cat-maros-megyei-eletrajzi-lexikon","7":"first","8":"instock","9":"shipping-taxable","10":"product-type-simple"},"_links":{"self":[{"href":"https:\/\/uj.adatbank.ro\/lexikon\/wp-json\/wp\/v2\/product\/18562","targetHints":{"allow":["GET"]}}],"collection":[{"href":"https:\/\/uj.adatbank.ro\/lexikon\/wp-json\/wp\/v2\/product"}],"about":[{"href":"https:\/\/uj.adatbank.ro\/lexikon\/wp-json\/wp\/v2\/types\/product"}],"replies":[{"embeddable":true,"href":"https:\/\/uj.adatbank.ro\/lexikon\/wp-json\/wp\/v2\/comments?post=18562"}],"wp:attachment":[{"href":"https:\/\/uj.adatbank.ro\/lexikon\/wp-json\/wp\/v2\/media?parent=18562"}],"wp:term":[{"taxonomy":"product_brand","embeddable":true,"href":"https:\/\/uj.adatbank.ro\/lexikon\/wp-json\/wp\/v2\/product_brand?post=18562"},{"taxonomy":"product_cat","embeddable":true,"href":"https:\/\/uj.adatbank.ro\/lexikon\/wp-json\/wp\/v2\/product_cat?post=18562"},{"taxonomy":"product_tag","embeddable":true,"href":"https:\/\/uj.adatbank.ro\/lexikon\/wp-json\/wp\/v2\/product_tag?post=18562"}],"curies":[{"name":"wp","href":"https:\/\/api.w.org\/{rel}","templated":true}]}}