{"id":18563,"date":"2025-07-16T10:56:43","date_gmt":"2025-07-16T08:56:43","guid":{"rendered":"https:\/\/uj.adatbank.ro\/lexikon\/termek\/popa-pavel\/"},"modified":"2025-07-16T10:56:43","modified_gmt":"2025-07-16T08:56:43","slug":"popa-pavel","status":"publish","type":"product","link":"https:\/\/uj.adatbank.ro\/lexikon\/termek\/popa-pavel\/","title":{"rendered":"POPA, Pavel"},"content":{"rendered":"<p>? \u2020\u00a0?: alprefektus, f\u0151jegyz\u0151. \u2013 Maros megye f\u0151jegyz\u0151je volt. (1920-as \u00e9vek). A mv.-i ortodox nagykatedr\u00e1lis \u00e9p\u00edt\u00e9s\u00e9nek fel\u00fcgyelet\u00e9re megv\u00e1lasztott paroki\u00e1lis bizotts\u00e1g eln\u00f6ke (1925. m\u00e1j. 10). Alprefektusk\u00e9nt a prefekt\u00fara k\u00e9pviselet\u00e9ben k\u00f6sz\u00f6nt\u00f6tte Bern\u00e1dy Gy\u00f6rgy\u00f6t 70. sz\u00fclet\u00e9snapj\u00e1n (1834. \u00e1pr. 10.), majd f\u0151jegyz\u0151k\u00e9nt a temet\u00e9s\u00e9n vett r\u00e9sz (Mv., 1938. okt. 24.) <br \/><strong>Irod.:<\/strong> Bern\u00e1dy; Mv. m\u0171v. v\u00e1r.<\/br><\/p>\n","protected":false},"excerpt":{"rendered":"<p>? \u2020\u00a0?: alprefektus, f\u0151jegyz\u0151. \u2013 Maros megye f\u0151jegyz\u0151je volt. (1920-as \u00e9vek). A mv.-i ortodox nagykatedr\u00e1lis \u00e9p\u00edt\u00e9s\u00e9nek fel\u00fcgyelet\u00e9re megv\u00e1lasztott paroki\u00e1lis bizotts\u00e1g eln\u00f6ke (1925. m\u00e1j. 10). Alprefektusk\u00e9nt a prefekt\u00fara k\u00e9pviselet\u00e9ben k\u00f6sz\u00f6nt\u00f6tte Bern\u00e1dy Gy\u00f6rgy\u00f6t 70. sz\u00fclet\u00e9snapj\u00e1n (1834. \u00e1pr. 10.), majd f\u0151jegyz\u0151k\u00e9nt a temet\u00e9s\u00e9n vett r\u00e9sz (Mv., 1938. okt. 24.) Irod.: Bern\u00e1dy; Mv. m\u0171v. v\u00e1r.<\/p>\n","protected":false},"featured_media":0,"comment_status":"open","ping_status":"closed","template":"","meta":[],"product_brand":[],"product_cat":[137],"product_tag":[],"class_list":{"0":"post-18563","1":"product","2":"type-product","3":"status-publish","5":"product_cat-maros-megyei-eletrajzi-lexikon","7":"first","8":"instock","9":"shipping-taxable","10":"product-type-simple"},"_links":{"self":[{"href":"https:\/\/uj.adatbank.ro\/lexikon\/wp-json\/wp\/v2\/product\/18563","targetHints":{"allow":["GET"]}}],"collection":[{"href":"https:\/\/uj.adatbank.ro\/lexikon\/wp-json\/wp\/v2\/product"}],"about":[{"href":"https:\/\/uj.adatbank.ro\/lexikon\/wp-json\/wp\/v2\/types\/product"}],"replies":[{"embeddable":true,"href":"https:\/\/uj.adatbank.ro\/lexikon\/wp-json\/wp\/v2\/comments?post=18563"}],"wp:attachment":[{"href":"https:\/\/uj.adatbank.ro\/lexikon\/wp-json\/wp\/v2\/media?parent=18563"}],"wp:term":[{"taxonomy":"product_brand","embeddable":true,"href":"https:\/\/uj.adatbank.ro\/lexikon\/wp-json\/wp\/v2\/product_brand?post=18563"},{"taxonomy":"product_cat","embeddable":true,"href":"https:\/\/uj.adatbank.ro\/lexikon\/wp-json\/wp\/v2\/product_cat?post=18563"},{"taxonomy":"product_tag","embeddable":true,"href":"https:\/\/uj.adatbank.ro\/lexikon\/wp-json\/wp\/v2\/product_tag?post=18563"}],"curies":[{"name":"wp","href":"https:\/\/api.w.org\/{rel}","templated":true}]}}