{"id":18564,"date":"2025-07-16T10:56:45","date_gmt":"2025-07-16T08:56:45","guid":{"rendered":"https:\/\/uj.adatbank.ro\/lexikon\/termek\/popa-peter-popa-petru\/"},"modified":"2025-07-16T10:56:45","modified_gmt":"2025-07-16T08:56:45","slug":"popa-peter-popa-petru","status":"publish","type":"product","link":"https:\/\/uj.adatbank.ro\/lexikon\/termek\/popa-peter-popa-petru\/","title":{"rendered":"POPA, Peter, Popa, Petru"},"content":{"rendered":"<p>? \u2020 ?: g. kat. pap. \u2013 Soroph\u00e1z\u00e1n szolg\u00e1lata idej\u00e9n k\u00e9t pap m\u0171k\u00f6d\u00f6tt, a m\u00e1sik Onu volt. M\u00e9g nem volt templom a faluban, istentiszteleteket mag\u00e1nh\u00e1zakban tartottak (1733). A S.Micu Klein idej\u00e9ben t\u00f6rt\u00e9nt \u00f6ssze\u00edr\u00e1skor Nagys\u00e1rm\u00e1sban szolg\u00e1lt, ahol 36 csal\u00e1d volt g. kat (1733). <br \/><strong>Irod.:<\/strong> S\u0103rma\u015fu 670; \u015eerbeni<\/br><\/p>\n","protected":false},"excerpt":{"rendered":"<p>? \u2020 ?: g. kat. pap. \u2013 Soroph\u00e1z\u00e1n szolg\u00e1lata idej\u00e9n k\u00e9t pap m\u0171k\u00f6d\u00f6tt, a m\u00e1sik Onu volt. M\u00e9g nem volt templom a faluban, istentiszteleteket mag\u00e1nh\u00e1zakban tartottak (1733). A S.Micu Klein idej\u00e9ben t\u00f6rt\u00e9nt \u00f6ssze\u00edr\u00e1skor Nagys\u00e1rm\u00e1sban szolg\u00e1lt, ahol 36 csal\u00e1d volt g. kat (1733). Irod.: S\u0103rma\u015fu 670; \u015eerbeni<\/p>\n","protected":false},"featured_media":0,"comment_status":"open","ping_status":"closed","template":"","meta":[],"product_brand":[],"product_cat":[137],"product_tag":[],"class_list":{"0":"post-18564","1":"product","2":"type-product","3":"status-publish","5":"product_cat-maros-megyei-eletrajzi-lexikon","7":"first","8":"instock","9":"shipping-taxable","10":"product-type-simple"},"_links":{"self":[{"href":"https:\/\/uj.adatbank.ro\/lexikon\/wp-json\/wp\/v2\/product\/18564","targetHints":{"allow":["GET"]}}],"collection":[{"href":"https:\/\/uj.adatbank.ro\/lexikon\/wp-json\/wp\/v2\/product"}],"about":[{"href":"https:\/\/uj.adatbank.ro\/lexikon\/wp-json\/wp\/v2\/types\/product"}],"replies":[{"embeddable":true,"href":"https:\/\/uj.adatbank.ro\/lexikon\/wp-json\/wp\/v2\/comments?post=18564"}],"wp:attachment":[{"href":"https:\/\/uj.adatbank.ro\/lexikon\/wp-json\/wp\/v2\/media?parent=18564"}],"wp:term":[{"taxonomy":"product_brand","embeddable":true,"href":"https:\/\/uj.adatbank.ro\/lexikon\/wp-json\/wp\/v2\/product_brand?post=18564"},{"taxonomy":"product_cat","embeddable":true,"href":"https:\/\/uj.adatbank.ro\/lexikon\/wp-json\/wp\/v2\/product_cat?post=18564"},{"taxonomy":"product_tag","embeddable":true,"href":"https:\/\/uj.adatbank.ro\/lexikon\/wp-json\/wp\/v2\/product_tag?post=18564"}],"curies":[{"name":"wp","href":"https:\/\/api.w.org\/{rel}","templated":true}]}}