{"id":18565,"date":"2025-07-16T10:56:47","date_gmt":"2025-07-16T08:56:47","guid":{"rendered":"https:\/\/uj.adatbank.ro\/lexikon\/termek\/popa-petru\/"},"modified":"2025-07-16T10:56:47","modified_gmt":"2025-07-16T08:56:47","slug":"popa-petru","status":"publish","type":"product","link":"https:\/\/uj.adatbank.ro\/lexikon\/termek\/popa-petru\/","title":{"rendered":"POPA Petru"},"content":{"rendered":"<p>? \u2020 ?: g. kat. pap. \u2013 Marosszentgy\u00f6rgy\u00f6n m\u00e1r volt templom (1733), m\u00e9g szolg\u00e1lt Ny\u00e1r\u00e1dt\u0151ben, ahonnan t\u00f6bb falubeli r\u00e9szt vett a Horia, Clo\u015fca , Cri\u015fan-f\u00e9le felkel\u00e9sben, \u0151t is letart\u00f3ztatt\u00e1k, mert azt gyan\u00edtott\u00e1k, h. a sz\u00f3sz\u00e9kr\u0151l b\u00fazd\u00edtotta a h\u00edveket a felkel\u00e9sre (1784. dec. 12.).-<br \/><strong>Irod.:<\/strong> \u015eincan 2006<\/br><\/p>\n","protected":false},"excerpt":{"rendered":"<p>? \u2020 ?: g. kat. pap. \u2013 Marosszentgy\u00f6rgy\u00f6n m\u00e1r volt templom (1733), m\u00e9g szolg\u00e1lt Ny\u00e1r\u00e1dt\u0151ben, ahonnan t\u00f6bb falubeli r\u00e9szt vett a Horia, Clo\u015fca , Cri\u015fan-f\u00e9le felkel\u00e9sben, \u0151t is letart\u00f3ztatt\u00e1k, mert azt gyan\u00edtott\u00e1k, h. a sz\u00f3sz\u00e9kr\u0151l b\u00fazd\u00edtotta a h\u00edveket a felkel\u00e9sre (1784. dec. 12.).-Irod.: \u015eincan 2006<\/p>\n","protected":false},"featured_media":0,"comment_status":"open","ping_status":"closed","template":"","meta":[],"product_brand":[],"product_cat":[137],"product_tag":[],"class_list":{"0":"post-18565","1":"product","2":"type-product","3":"status-publish","5":"product_cat-maros-megyei-eletrajzi-lexikon","7":"first","8":"instock","9":"shipping-taxable","10":"product-type-simple"},"_links":{"self":[{"href":"https:\/\/uj.adatbank.ro\/lexikon\/wp-json\/wp\/v2\/product\/18565","targetHints":{"allow":["GET"]}}],"collection":[{"href":"https:\/\/uj.adatbank.ro\/lexikon\/wp-json\/wp\/v2\/product"}],"about":[{"href":"https:\/\/uj.adatbank.ro\/lexikon\/wp-json\/wp\/v2\/types\/product"}],"replies":[{"embeddable":true,"href":"https:\/\/uj.adatbank.ro\/lexikon\/wp-json\/wp\/v2\/comments?post=18565"}],"wp:attachment":[{"href":"https:\/\/uj.adatbank.ro\/lexikon\/wp-json\/wp\/v2\/media?parent=18565"}],"wp:term":[{"taxonomy":"product_brand","embeddable":true,"href":"https:\/\/uj.adatbank.ro\/lexikon\/wp-json\/wp\/v2\/product_brand?post=18565"},{"taxonomy":"product_cat","embeddable":true,"href":"https:\/\/uj.adatbank.ro\/lexikon\/wp-json\/wp\/v2\/product_cat?post=18565"},{"taxonomy":"product_tag","embeddable":true,"href":"https:\/\/uj.adatbank.ro\/lexikon\/wp-json\/wp\/v2\/product_tag?post=18565"}],"curies":[{"name":"wp","href":"https:\/\/api.w.org\/{rel}","templated":true}]}}