{"id":18566,"date":"2025-07-16T10:56:50","date_gmt":"2025-07-16T08:56:50","guid":{"rendered":"https:\/\/uj.adatbank.ro\/lexikon\/termek\/popa-romulus\/"},"modified":"2025-07-16T10:56:50","modified_gmt":"2025-07-16T08:56:50","slug":"popa-romulus","status":"publish","type":"product","link":"https:\/\/uj.adatbank.ro\/lexikon\/termek\/popa-romulus\/","title":{"rendered":"POPA, Romulus"},"content":{"rendered":"<p>Fogarasmegye, 1890., \u2020\u00a0Kv., 1982\u00a0:g. kel. esperes Ludason. \u2013 A kommunista rendszer ellenen\u00e1ll\u00f3ja volt. \u2013 Apja is lelk\u00e9sz volt. Brass\u00f3ban \u00e9retts\u00e9gizett, Nagyszebenben teol\u00f3gi\u00e1t v\u00e9gzett. Papp\u00e1 szentel\u00e9se ut\u00e1n t\u00f6bb helyen lelk\u00e9szkedett, a h\u00e1bor\u00fa alatt t\u00e1bori lelk\u00e9sz (1917\u201318), majd a gyulafeh\u00e9rv\u00e1ri Mihai Viteazul Lic.-ban tan\u00e1r volt (1920\u201322). Marosludason esperes (1924\u201352). M\u0171k\u00f6d\u00e9se alatt nagy szolg\u00e1latot tett egyh\u00e1z\u00e1nak: Marosludason templomot \u00e9s esperesi h\u00e1zat, ker\u00fclet\u00e9ben 5 templomot \u00e9s 7 paplakot \u00e9p\u00edttetett. A szentzsinat k\u00e9pvisel\u0151je, a gimn\u00e1ziumi iskolasz\u00e9k, az Astra tagja, az Acleriu Egyes\u00fclet \u00e9s t\u00f6bb t\u00e1rsadalmi, egyh\u00e1zi \u00e9s kultur\u00e1lis alakulat m\u0171k\u00f6d\u00e9s\u00e9ben szerepet v\u00e1llalt. Az I. o. egyh\u00e1zi \u00e9rdemkereszt kit\u00fcntetettje volt.Irod.: Iloaie; Ki kicsoda\u00a0?; Todea 2013<\/br><\/p>\n","protected":false},"excerpt":{"rendered":"<p>Fogarasmegye, 1890., \u2020\u00a0Kv., 1982\u00a0:g. kel. esperes Ludason. \u2013 A kommunista rendszer ellenen\u00e1ll\u00f3ja volt. \u2013 Apja is lelk\u00e9sz volt. Brass\u00f3ban \u00e9retts\u00e9gizett, Nagyszebenben teol\u00f3gi\u00e1t v\u00e9gzett. Papp\u00e1 szentel\u00e9se ut\u00e1n t\u00f6bb helyen lelk\u00e9szkedett, a h\u00e1bor\u00fa alatt t\u00e1bori lelk\u00e9sz (1917\u201318), majd a gyulafeh\u00e9rv\u00e1ri Mihai Viteazul Lic.-ban tan\u00e1r volt (1920\u201322). Marosludason esperes (1924\u201352). M\u0171k\u00f6d\u00e9se alatt nagy szolg\u00e1latot tett egyh\u00e1z\u00e1nak: Marosludason templomot [&hellip;]<\/p>\n","protected":false},"featured_media":0,"comment_status":"open","ping_status":"closed","template":"","meta":[],"product_brand":[],"product_cat":[137],"product_tag":[],"class_list":{"0":"post-18566","1":"product","2":"type-product","3":"status-publish","5":"product_cat-maros-megyei-eletrajzi-lexikon","7":"first","8":"instock","9":"shipping-taxable","10":"product-type-simple"},"_links":{"self":[{"href":"https:\/\/uj.adatbank.ro\/lexikon\/wp-json\/wp\/v2\/product\/18566","targetHints":{"allow":["GET"]}}],"collection":[{"href":"https:\/\/uj.adatbank.ro\/lexikon\/wp-json\/wp\/v2\/product"}],"about":[{"href":"https:\/\/uj.adatbank.ro\/lexikon\/wp-json\/wp\/v2\/types\/product"}],"replies":[{"embeddable":true,"href":"https:\/\/uj.adatbank.ro\/lexikon\/wp-json\/wp\/v2\/comments?post=18566"}],"wp:attachment":[{"href":"https:\/\/uj.adatbank.ro\/lexikon\/wp-json\/wp\/v2\/media?parent=18566"}],"wp:term":[{"taxonomy":"product_brand","embeddable":true,"href":"https:\/\/uj.adatbank.ro\/lexikon\/wp-json\/wp\/v2\/product_brand?post=18566"},{"taxonomy":"product_cat","embeddable":true,"href":"https:\/\/uj.adatbank.ro\/lexikon\/wp-json\/wp\/v2\/product_cat?post=18566"},{"taxonomy":"product_tag","embeddable":true,"href":"https:\/\/uj.adatbank.ro\/lexikon\/wp-json\/wp\/v2\/product_tag?post=18566"}],"curies":[{"name":"wp","href":"https:\/\/api.w.org\/{rel}","templated":true}]}}