{"id":1857,"date":"2025-06-28T11:55:33","date_gmt":"2025-06-28T09:55:33","guid":{"rendered":"https:\/\/uj.adatbank.ro\/lexikon\/termek\/bak-laszlo\/"},"modified":"2025-06-28T11:55:33","modified_gmt":"2025-06-28T09:55:33","slug":"bak-laszlo","status":"publish","type":"product","link":"https:\/\/uj.adatbank.ro\/lexikon\/termek\/bak-laszlo\/","title":{"rendered":"BAK L\u00e1szl\u00f3"},"content":{"rendered":"<p>Mv., 1914. m\u00e1rc. 12., \u2020 Bp., 1978. febr. 26.: zongoram\u0171v\u00e9sz, zenetan\u00e1r. \u2013 Tan\u00e1ri oklevel\u00e9t a bp-i Liszt Ferenc Zeneakad\u00e9mi\u00e1n szerezte (1939-ben). A Mosonmagyar\u00f3v\u00e1ri \u00c1llamilag Enged\u00e9lyezett V\u00e1rosi zeneiskola ig. \u2013ja \u00e9s tan\u00e1ra (1939\u201341), Nagyv\u00e1radon volt zenetan\u00e1r (1941\u201346), Bp.-en a M\u00c1VAG Mozdony \u00e9s g\u00e9pgy\u00e1r Zeneiskol\u00e1ja ig., \u00e9s tan\u00e1ra nyugd\u00edjaz\u00e1s\u00e1ig. T\u00f6bb hangversenyen szerepelt. <br \/><strong>Irod.:<\/strong> Czirj\u00e1k; M\u00c9L; Moson; M\u00c9L<\/br><\/p>\n","protected":false},"excerpt":{"rendered":"<p>Mv., 1914. m\u00e1rc. 12., \u2020 Bp., 1978. febr. 26.: zongoram\u0171v\u00e9sz, zenetan\u00e1r. \u2013 Tan\u00e1ri oklevel\u00e9t a bp-i Liszt Ferenc Zeneakad\u00e9mi\u00e1n szerezte (1939-ben). A Mosonmagyar\u00f3v\u00e1ri \u00c1llamilag Enged\u00e9lyezett V\u00e1rosi zeneiskola ig. \u2013ja \u00e9s tan\u00e1ra (1939\u201341), Nagyv\u00e1radon volt zenetan\u00e1r (1941\u201346), Bp.-en a M\u00c1VAG Mozdony \u00e9s g\u00e9pgy\u00e1r Zeneiskol\u00e1ja ig., \u00e9s tan\u00e1ra nyugd\u00edjaz\u00e1s\u00e1ig. T\u00f6bb hangversenyen szerepelt. Irod.: Czirj\u00e1k; M\u00c9L; Moson; M\u00c9L<\/p>\n","protected":false},"featured_media":0,"comment_status":"open","ping_status":"closed","template":"","meta":[],"product_brand":[],"product_cat":[137],"product_tag":[],"class_list":{"0":"post-1857","1":"product","2":"type-product","3":"status-publish","5":"product_cat-maros-megyei-eletrajzi-lexikon","7":"first","8":"instock","9":"shipping-taxable","10":"product-type-simple"},"_links":{"self":[{"href":"https:\/\/uj.adatbank.ro\/lexikon\/wp-json\/wp\/v2\/product\/1857","targetHints":{"allow":["GET"]}}],"collection":[{"href":"https:\/\/uj.adatbank.ro\/lexikon\/wp-json\/wp\/v2\/product"}],"about":[{"href":"https:\/\/uj.adatbank.ro\/lexikon\/wp-json\/wp\/v2\/types\/product"}],"replies":[{"embeddable":true,"href":"https:\/\/uj.adatbank.ro\/lexikon\/wp-json\/wp\/v2\/comments?post=1857"}],"wp:attachment":[{"href":"https:\/\/uj.adatbank.ro\/lexikon\/wp-json\/wp\/v2\/media?parent=1857"}],"wp:term":[{"taxonomy":"product_brand","embeddable":true,"href":"https:\/\/uj.adatbank.ro\/lexikon\/wp-json\/wp\/v2\/product_brand?post=1857"},{"taxonomy":"product_cat","embeddable":true,"href":"https:\/\/uj.adatbank.ro\/lexikon\/wp-json\/wp\/v2\/product_cat?post=1857"},{"taxonomy":"product_tag","embeddable":true,"href":"https:\/\/uj.adatbank.ro\/lexikon\/wp-json\/wp\/v2\/product_tag?post=1857"}],"curies":[{"name":"wp","href":"https:\/\/api.w.org\/{rel}","templated":true}]}}