{"id":18574,"date":"2025-07-16T10:57:09","date_gmt":"2025-07-16T08:57:09","guid":{"rendered":"https:\/\/uj.adatbank.ro\/lexikon\/termek\/popa-stefan\/"},"modified":"2025-07-16T10:57:09","modified_gmt":"2025-07-16T08:57:09","slug":"popa-stefan","status":"publish","type":"product","link":"https:\/\/uj.adatbank.ro\/lexikon\/termek\/popa-stefan\/","title":{"rendered":"POPA \u015etefan"},"content":{"rendered":"<p>? \u2020 ?: ort. pap. \u2013 Mez\u0151szentm\u00e1rtonban (1733) Costin pappal egy\u00fctt 450 rom\u00e1n h\u00edvet szolg\u00e1lt. A templomot Sf. Arhanghelnek aj\u00e1lott\u00e1k fel. \u2013Irod.: \u015eincan 2006<\/br><\/p>\n","protected":false},"excerpt":{"rendered":"<p>? \u2020 ?: ort. pap. \u2013 Mez\u0151szentm\u00e1rtonban (1733) Costin pappal egy\u00fctt 450 rom\u00e1n h\u00edvet szolg\u00e1lt. A templomot Sf. Arhanghelnek aj\u00e1lott\u00e1k fel. \u2013Irod.: \u015eincan 2006<\/p>\n","protected":false},"featured_media":0,"comment_status":"open","ping_status":"closed","template":"","meta":[],"product_brand":[],"product_cat":[137],"product_tag":[],"class_list":{"0":"post-18574","1":"product","2":"type-product","3":"status-publish","5":"product_cat-maros-megyei-eletrajzi-lexikon","7":"first","8":"instock","9":"shipping-taxable","10":"product-type-simple"},"_links":{"self":[{"href":"https:\/\/uj.adatbank.ro\/lexikon\/wp-json\/wp\/v2\/product\/18574","targetHints":{"allow":["GET"]}}],"collection":[{"href":"https:\/\/uj.adatbank.ro\/lexikon\/wp-json\/wp\/v2\/product"}],"about":[{"href":"https:\/\/uj.adatbank.ro\/lexikon\/wp-json\/wp\/v2\/types\/product"}],"replies":[{"embeddable":true,"href":"https:\/\/uj.adatbank.ro\/lexikon\/wp-json\/wp\/v2\/comments?post=18574"}],"wp:attachment":[{"href":"https:\/\/uj.adatbank.ro\/lexikon\/wp-json\/wp\/v2\/media?parent=18574"}],"wp:term":[{"taxonomy":"product_brand","embeddable":true,"href":"https:\/\/uj.adatbank.ro\/lexikon\/wp-json\/wp\/v2\/product_brand?post=18574"},{"taxonomy":"product_cat","embeddable":true,"href":"https:\/\/uj.adatbank.ro\/lexikon\/wp-json\/wp\/v2\/product_cat?post=18574"},{"taxonomy":"product_tag","embeddable":true,"href":"https:\/\/uj.adatbank.ro\/lexikon\/wp-json\/wp\/v2\/product_tag?post=18574"}],"curies":[{"name":"wp","href":"https:\/\/api.w.org\/{rel}","templated":true}]}}