{"id":18576,"date":"2025-07-16T10:57:14","date_gmt":"2025-07-16T08:57:14","guid":{"rendered":"https:\/\/uj.adatbank.ro\/lexikon\/termek\/popa-teofilu\/"},"modified":"2025-07-16T10:57:14","modified_gmt":"2025-07-16T08:57:14","slug":"popa-teofilu","status":"publish","type":"product","link":"https:\/\/uj.adatbank.ro\/lexikon\/termek\/popa-teofilu\/","title":{"rendered":"POPA Teofilu"},"content":{"rendered":"<p>? \u2020 ?: g. kat. pap.- B\u00faz\u00e1sbeseny\u0151ben szolg\u00e1lt (1812). Templomot \u00e9p\u00edtettek, amelyet a Szent Arkangyaloknak aj\u00e1lottak fel. Rendelkeztek papilakkal is. 350 h\u00edve volt. <br \/><strong>Irod.:<\/strong> \u015eincan 2006<\/br><\/p>\n","protected":false},"excerpt":{"rendered":"<p>? \u2020 ?: g. kat. pap.- B\u00faz\u00e1sbeseny\u0151ben szolg\u00e1lt (1812). Templomot \u00e9p\u00edtettek, amelyet a Szent Arkangyaloknak aj\u00e1lottak fel. Rendelkeztek papilakkal is. 350 h\u00edve volt. Irod.: \u015eincan 2006<\/p>\n","protected":false},"featured_media":0,"comment_status":"open","ping_status":"closed","template":"","meta":[],"product_brand":[],"product_cat":[137],"product_tag":[],"class_list":{"0":"post-18576","1":"product","2":"type-product","3":"status-publish","5":"product_cat-maros-megyei-eletrajzi-lexikon","7":"first","8":"instock","9":"shipping-taxable","10":"product-type-simple"},"_links":{"self":[{"href":"https:\/\/uj.adatbank.ro\/lexikon\/wp-json\/wp\/v2\/product\/18576","targetHints":{"allow":["GET"]}}],"collection":[{"href":"https:\/\/uj.adatbank.ro\/lexikon\/wp-json\/wp\/v2\/product"}],"about":[{"href":"https:\/\/uj.adatbank.ro\/lexikon\/wp-json\/wp\/v2\/types\/product"}],"replies":[{"embeddable":true,"href":"https:\/\/uj.adatbank.ro\/lexikon\/wp-json\/wp\/v2\/comments?post=18576"}],"wp:attachment":[{"href":"https:\/\/uj.adatbank.ro\/lexikon\/wp-json\/wp\/v2\/media?parent=18576"}],"wp:term":[{"taxonomy":"product_brand","embeddable":true,"href":"https:\/\/uj.adatbank.ro\/lexikon\/wp-json\/wp\/v2\/product_brand?post=18576"},{"taxonomy":"product_cat","embeddable":true,"href":"https:\/\/uj.adatbank.ro\/lexikon\/wp-json\/wp\/v2\/product_cat?post=18576"},{"taxonomy":"product_tag","embeddable":true,"href":"https:\/\/uj.adatbank.ro\/lexikon\/wp-json\/wp\/v2\/product_tag?post=18576"}],"curies":[{"name":"wp","href":"https:\/\/api.w.org\/{rel}","templated":true}]}}