{"id":18584,"date":"2025-07-16T10:57:34","date_gmt":"2025-07-16T08:57:34","guid":{"rendered":"https:\/\/uj.adatbank.ro\/lexikon\/termek\/popa-tunsu-alias-molnar-din-sad\/"},"modified":"2025-07-16T10:57:34","modified_gmt":"2025-07-16T08:57:34","slug":"popa-tunsu-alias-molnar-din-sad","status":"publish","type":"product","link":"https:\/\/uj.adatbank.ro\/lexikon\/termek\/popa-tunsu-alias-molnar-din-sad\/","title":{"rendered":"POPA TUNSU, alias Molnar din Sad"},"content":{"rendered":"<p>? \u2020\u00a0?:\u00a0ort. pap.- Az erd\u00e9lyi tilalom ellen\u00e9re Havasalf\u00f6ld\u00f6n szenteltek papp\u00e1, ez\u00e9rt \u00c1ron p\u00fcsp\u00f6k lev\u00e1gta a haj\u00e1t, innen a g\u00fanyneve: megny\u00edrt. Megjelent Mez\u0151pagocs\u00e1n (1760), \u00e9s az uzdiszentp\u00e9teri v\u00e1s\u00e1rter\u00e9n ort. vall\u00e1sra kezdte t\u00e9r\u00edteni a t\u00f6meget, g\u00fanyolta a katolikusokat, g. kat.-t \u00e9s k\u00e1lvinist\u00e1kat. Ennek megtorl\u00e1s\u00e1ra Gh.Maior, mv.-i \u00e9s D\u0103nil\u0103, \u00fajlaki esperesek katonai seg\u00e9dlettel elfogatt\u00e1k az agit\u00e1tort, \u00e9s az abaf\u00e1jai Husz\u00e1r br. (Torda f\u0151isp\u00e1nja) el\u00e9 vitt\u00e9k, k\u00f6vetelve, h. vesse b\u00f6rt\u00f6nbe. A br. f\u00e9lt a rom\u00e1nok megtorl\u00e1s\u00e1t\u00f3l, ez\u00e9rt megt\u00e9vesztve a t\u00f6meget, Mv.-re sz\u00e1ll\u00edttatta. Az \u0151 hat\u00e1s\u00e1ra kezdtek egym\u00e1snak szeg\u00fclni a mv.-i \u00e9s marossz\u00e9ki ort. \u00e9s g.kat. vall\u00e1s\u00fa rom\u00e1nok, mert mindk\u00e9t f\u00e9l jogot tartott a Mv.-en k\u00f6z\u00f6sen (1750-ben) fel\u00e9p\u00edtett templomra. A k\u00fczdelmnek egy korm\u00e1nyrendelet vetett v\u00e9get, amely a templomot az ort.-oknak adta vissza, a k\u00f6z\u00f6sen szerzett javakat pedig eloszt\u00e1sra rendelte el. A v\u00e1rosi tan\u00e1cs ennek v\u00e9grehajt\u00e1s\u00e1ra egy bizotts\u00e1got v\u00e1lasztott (1762. m\u00e1rc. 22.). Megjegyzend\u0151, h. ez a vall\u00e1si n\u00e9zetelt\u00e9r\u00e9s a marosi h\u00edvek k\u00f6r\u00e9ben k\u00e9sztette arra Petru Maior esprest, h. elhagyja Mv.-t, \u00e9s Mez\u0151kapusra helyeztette mag\u00e1t mint Nagyikland esperese. Onnan ir\u00e1ny\u00edtotta Marossz\u00e9k \u00e9s Nagyikland esperesi hivatal\u00e1t (1762 v\u00e9g\u00e9n). <br \/><strong>Irod.:<\/strong> Popa, Traian: Tg. M.<\/br><\/p>\n","protected":false},"excerpt":{"rendered":"<p>? \u2020\u00a0?:\u00a0ort. pap.- Az erd\u00e9lyi tilalom ellen\u00e9re Havasalf\u00f6ld\u00f6n szenteltek papp\u00e1, ez\u00e9rt \u00c1ron p\u00fcsp\u00f6k lev\u00e1gta a haj\u00e1t, innen a g\u00fanyneve: megny\u00edrt. Megjelent Mez\u0151pagocs\u00e1n (1760), \u00e9s az uzdiszentp\u00e9teri v\u00e1s\u00e1rter\u00e9n ort. vall\u00e1sra kezdte t\u00e9r\u00edteni a t\u00f6meget, g\u00fanyolta a katolikusokat, g. kat.-t \u00e9s k\u00e1lvinist\u00e1kat. Ennek megtorl\u00e1s\u00e1ra Gh.Maior, mv.-i \u00e9s D\u0103nil\u0103, \u00fajlaki esperesek katonai seg\u00e9dlettel elfogatt\u00e1k az agit\u00e1tort, \u00e9s az [&hellip;]<\/p>\n","protected":false},"featured_media":0,"comment_status":"open","ping_status":"closed","template":"","meta":[],"product_brand":[],"product_cat":[137],"product_tag":[],"class_list":{"0":"post-18584","1":"product","2":"type-product","3":"status-publish","5":"product_cat-maros-megyei-eletrajzi-lexikon","7":"first","8":"instock","9":"shipping-taxable","10":"product-type-simple"},"_links":{"self":[{"href":"https:\/\/uj.adatbank.ro\/lexikon\/wp-json\/wp\/v2\/product\/18584","targetHints":{"allow":["GET"]}}],"collection":[{"href":"https:\/\/uj.adatbank.ro\/lexikon\/wp-json\/wp\/v2\/product"}],"about":[{"href":"https:\/\/uj.adatbank.ro\/lexikon\/wp-json\/wp\/v2\/types\/product"}],"replies":[{"embeddable":true,"href":"https:\/\/uj.adatbank.ro\/lexikon\/wp-json\/wp\/v2\/comments?post=18584"}],"wp:attachment":[{"href":"https:\/\/uj.adatbank.ro\/lexikon\/wp-json\/wp\/v2\/media?parent=18584"}],"wp:term":[{"taxonomy":"product_brand","embeddable":true,"href":"https:\/\/uj.adatbank.ro\/lexikon\/wp-json\/wp\/v2\/product_brand?post=18584"},{"taxonomy":"product_cat","embeddable":true,"href":"https:\/\/uj.adatbank.ro\/lexikon\/wp-json\/wp\/v2\/product_cat?post=18584"},{"taxonomy":"product_tag","embeddable":true,"href":"https:\/\/uj.adatbank.ro\/lexikon\/wp-json\/wp\/v2\/product_tag?post=18584"}],"curies":[{"name":"wp","href":"https:\/\/api.w.org\/{rel}","templated":true}]}}