{"id":18586,"date":"2025-07-16T10:57:37","date_gmt":"2025-07-16T08:57:37","guid":{"rendered":"https:\/\/uj.adatbank.ro\/lexikon\/termek\/popa-vasile-2\/"},"modified":"2025-07-16T10:57:37","modified_gmt":"2025-07-16T08:57:37","slug":"popa-vasile-2","status":"publish","type":"product","link":"https:\/\/uj.adatbank.ro\/lexikon\/termek\/popa-vasile-2\/","title":{"rendered":"POPA, Vasile"},"content":{"rendered":"<p>? \u2020\u00a0?:\u00a0g. kat. lelk\u00e9sz. \u2013 Maroskereszt\u00faron szolg\u00e1lt (1733). Radn\u00f3ton a nev\u00e9hez f\u0171z\u0151dik az els\u0151 rom\u00e1n fatemplom fel\u00e9p\u00edt\u00e9se (1735). Gh. Maior t\u00e1voz\u00e1sa ut\u00e1n a mv.-i g. kat.-ok fiatal lelkip\u00e1sztort kaptak, aki k\u00e9t rom\u00e1n felekezet (ort. \u00e9s g.kat.) k\u00f6zti ellens\u00e9gesked\u00e9st, h\u00e1bor\u00faskod\u00e1st nem tudta megf\u00e9kezni. \u00c9rdemi k\u00f6z\u00e9 tartozik viszont, h. l\u00e9trehozta a g. kat. parochi\u00e1t (1763), m\u00edg az ort.-ok csak 30 \u00e9v m\u00falva tehett\u00e9k meg ezt. <br \/><strong>Irod.:<\/strong> Criste\u015fti \u2013 Mure\u015f; Iernut; Popa, Traian: Tg.M.<\/br><\/p>\n","protected":false},"excerpt":{"rendered":"<p>? \u2020\u00a0?:\u00a0g. kat. lelk\u00e9sz. \u2013 Maroskereszt\u00faron szolg\u00e1lt (1733). Radn\u00f3ton a nev\u00e9hez f\u0171z\u0151dik az els\u0151 rom\u00e1n fatemplom fel\u00e9p\u00edt\u00e9se (1735). Gh. Maior t\u00e1voz\u00e1sa ut\u00e1n a mv.-i g. kat.-ok fiatal lelkip\u00e1sztort kaptak, aki k\u00e9t rom\u00e1n felekezet (ort. \u00e9s g.kat.) k\u00f6zti ellens\u00e9gesked\u00e9st, h\u00e1bor\u00faskod\u00e1st nem tudta megf\u00e9kezni. \u00c9rdemi k\u00f6z\u00e9 tartozik viszont, h. l\u00e9trehozta a g. kat. parochi\u00e1t (1763), m\u00edg az [&hellip;]<\/p>\n","protected":false},"featured_media":0,"comment_status":"open","ping_status":"closed","template":"","meta":[],"product_brand":[],"product_cat":[137],"product_tag":[],"class_list":{"0":"post-18586","1":"product","2":"type-product","3":"status-publish","5":"product_cat-maros-megyei-eletrajzi-lexikon","7":"first","8":"instock","9":"shipping-taxable","10":"product-type-simple"},"_links":{"self":[{"href":"https:\/\/uj.adatbank.ro\/lexikon\/wp-json\/wp\/v2\/product\/18586","targetHints":{"allow":["GET"]}}],"collection":[{"href":"https:\/\/uj.adatbank.ro\/lexikon\/wp-json\/wp\/v2\/product"}],"about":[{"href":"https:\/\/uj.adatbank.ro\/lexikon\/wp-json\/wp\/v2\/types\/product"}],"replies":[{"embeddable":true,"href":"https:\/\/uj.adatbank.ro\/lexikon\/wp-json\/wp\/v2\/comments?post=18586"}],"wp:attachment":[{"href":"https:\/\/uj.adatbank.ro\/lexikon\/wp-json\/wp\/v2\/media?parent=18586"}],"wp:term":[{"taxonomy":"product_brand","embeddable":true,"href":"https:\/\/uj.adatbank.ro\/lexikon\/wp-json\/wp\/v2\/product_brand?post=18586"},{"taxonomy":"product_cat","embeddable":true,"href":"https:\/\/uj.adatbank.ro\/lexikon\/wp-json\/wp\/v2\/product_cat?post=18586"},{"taxonomy":"product_tag","embeddable":true,"href":"https:\/\/uj.adatbank.ro\/lexikon\/wp-json\/wp\/v2\/product_tag?post=18586"}],"curies":[{"name":"wp","href":"https:\/\/api.w.org\/{rel}","templated":true}]}}