{"id":18589,"date":"2025-07-16T10:57:44","date_gmt":"2025-07-16T08:57:44","guid":{"rendered":"https:\/\/uj.adatbank.ro\/lexikon\/termek\/pop-bota-enea-bota-pop-enea\/"},"modified":"2025-07-16T10:57:44","modified_gmt":"2025-07-16T08:57:44","slug":"pop-bota-enea-bota-pop-enea","status":"publish","type":"product","link":"https:\/\/uj.adatbank.ro\/lexikon\/termek\/pop-bota-enea-bota-pop-enea\/","title":{"rendered":"POP-BOTA, Enea; Bota Pop Enea"},"content":{"rendered":"<p>Besztercenasz\u00f3d, 1875. \u2020 Torda, 1954. j\u00fal. 17: g. kat. pap, politikus. \u2013 Csal\u00e1dja a nemess\u00e9get 1666-ban kapta, apja \u00fcgyv\u00e9d volt. \u2013 Nasz\u00f3don v\u00e9gezte elemi iskol\u00e1it, Bal\u00e1zsfalv\u00e1n \u00e9retts\u00e9gizett (1918\u201319), uo teol\u00f3gi\u00e1t v\u00e9gzett, papp\u00e1 szentelt\u00e9k (1897). Lelkip\u00e1sztor volt S\u00e1rdon, itt felekezeti iskolaigazgat\u00f3 is (Feh\u00e9r m.), Magyarigenben pl\u00e9b\u00e1niai gondnok, pl\u00e9b\u00e1nos Sz\u00e1szsebesen, a sz\u00e1szsebesi ker\u00fclet alesperese ahol karitativ tev\u00e9kenys\u00e9get is folytatott, t\u00e1mogatta a kult\u00farint\u00e9zm\u00e9nyeket, egyh\u00e1zi iskol\u00e1kat. A Felsa\u0151 Feh\u00e9r megyei Kongregaci\u00f3 tagja Marosludason pl\u00e9b\u00e1nos, a ludasi ker\u00fclet alesperese. Mint ilyen 5 templomot \u00e9s 5 papilakot \u00e9p\u00edttetett ker\u00fclet\u00e9ben. Jelent\u0151s politikai \u00e9s k\u00f6z\u00e9leti szerepet v\u00e1llalt. A gyulafeh\u00e9rv\u00e1ri nagygy\u00fcl\u00e9s hivatalos k\u00fcld\u00f6tte k\u00e9pviselve a gr. kat. esperess\u00e9get (1918. dec. 1.). A Ludasi ker\u00fclet esperese (1922\u2013). A Rom\u00e1n Nemzeti P\u00e1rt, majd a Nemzeti Paraszt P\u00e1rt tagja. A Vaida korm\u00e1ny idej\u00e9n Torda-Aramyos k\u00f6rzet szen\u00e1tora Rom\u00e1nia parlamentj\u00e9ben (1919\u201320), a Rom\u00e1n Nemzeti P\u00e1rt, majd a Nemzeti Paraszt P\u00e1rt marosludasi tagozat\u00e1nak eln\u00f6ke. Torda vm.-i tan\u00e1csos (1926\u201339), a vall\u00e1si \u00e9s tan\u00fcgyi bizotts\u00e1g tagja majd eln\u00f6ke (1931\u201334). A ludasi \u201eZorile\u201d f\u00f6der\u00e1ci\u00f3 int\u00e9z\u0151 bizotts\u00e1g\u00e1nak eln\u00f6ke (1928), az Economul bank ludasi fi\u00f3kj\u00e1nak cenzora, az ASTRA tagja (1908), eln\u00f6ke (1918\u201327); az Agru, a V\u00f6r\u00f6s Kereszt Egyes\u00fclet vezet\u0151s\u00e9gi tagja, a gimn\u00e1zium sz\u00fcl\u0151i bizotts\u00e1g\u00e1nak eln\u00f6ke, a n\u00e9piskola ellen\u0151re, tanfel\u00fcgyel\u0151je, a v\u00e1rmegyei bizotts\u00e1g \u00e9s sok m\u00e1s t\u00e1rsadalmi \u00e9s kultur\u00e1lis egyes\u00fclet vezet\u0151s\u00e9gi tagja volt. Nyugd\u00edjazt\u00e1k (1945), ekkor Tord\u00e1ra k\u00f6lt\u00f6z\u00f6tt Tan\u00e1rk\u00e9nt is m\u0171k\u00f6d\u00f6tt. Az ASTRA ludasi tagozat\u00e1nak tagja (1909), eln\u00f6ke (1918\u201327). Sz\u00e1mos el\u0151ad\u00e1st tartott, a rom\u00e1n nyelv \u00e1pol\u00e1s\u00e1nak \u00e9lharcosa, kultur\u00e1lis-m\u0171v\u00e9szeti rendezv\u00e9nyek szervez\u0151je volt. Verseket, novell\u00e1kat \u00edrt, n\u00e9met m\u0171veket ford\u00edtott, ritka n\u00e9pdalgy\u0171jtem\u00e9nye volt. Az egyh\u00e1zi \u00e9rdemei\u00e9rt az I. o. \u00c9rdemkereszttel \u00e9s az Egyh\u00e1zi munka jutalmaz\u00e1sa \u00e9remmel t\u00fcntett\u00e9k ki. <br \/><strong>Irod.:<\/strong> Fola; Ki kicsoda ?; Marea unire dela 1 dec. 1918 (Buc., 1943); Todea 2013<\/br><\/p>\n","protected":false},"excerpt":{"rendered":"<p>Besztercenasz\u00f3d, 1875. \u2020 Torda, 1954. j\u00fal. 17: g. kat. pap, politikus. \u2013 Csal\u00e1dja a nemess\u00e9get 1666-ban kapta, apja \u00fcgyv\u00e9d volt. \u2013 Nasz\u00f3don v\u00e9gezte elemi iskol\u00e1it, Bal\u00e1zsfalv\u00e1n \u00e9retts\u00e9gizett (1918\u201319), uo teol\u00f3gi\u00e1t v\u00e9gzett, papp\u00e1 szentelt\u00e9k (1897). Lelkip\u00e1sztor volt S\u00e1rdon, itt felekezeti iskolaigazgat\u00f3 is (Feh\u00e9r m.), Magyarigenben pl\u00e9b\u00e1niai gondnok, pl\u00e9b\u00e1nos Sz\u00e1szsebesen, a sz\u00e1szsebesi ker\u00fclet alesperese ahol karitativ tev\u00e9kenys\u00e9get [&hellip;]<\/p>\n","protected":false},"featured_media":0,"comment_status":"open","ping_status":"closed","template":"","meta":[],"product_brand":[],"product_cat":[137],"product_tag":[],"class_list":{"0":"post-18589","1":"product","2":"type-product","3":"status-publish","5":"product_cat-maros-megyei-eletrajzi-lexikon","7":"first","8":"instock","9":"shipping-taxable","10":"product-type-simple"},"_links":{"self":[{"href":"https:\/\/uj.adatbank.ro\/lexikon\/wp-json\/wp\/v2\/product\/18589","targetHints":{"allow":["GET"]}}],"collection":[{"href":"https:\/\/uj.adatbank.ro\/lexikon\/wp-json\/wp\/v2\/product"}],"about":[{"href":"https:\/\/uj.adatbank.ro\/lexikon\/wp-json\/wp\/v2\/types\/product"}],"replies":[{"embeddable":true,"href":"https:\/\/uj.adatbank.ro\/lexikon\/wp-json\/wp\/v2\/comments?post=18589"}],"wp:attachment":[{"href":"https:\/\/uj.adatbank.ro\/lexikon\/wp-json\/wp\/v2\/media?parent=18589"}],"wp:term":[{"taxonomy":"product_brand","embeddable":true,"href":"https:\/\/uj.adatbank.ro\/lexikon\/wp-json\/wp\/v2\/product_brand?post=18589"},{"taxonomy":"product_cat","embeddable":true,"href":"https:\/\/uj.adatbank.ro\/lexikon\/wp-json\/wp\/v2\/product_cat?post=18589"},{"taxonomy":"product_tag","embeddable":true,"href":"https:\/\/uj.adatbank.ro\/lexikon\/wp-json\/wp\/v2\/product_tag?post=18589"}],"curies":[{"name":"wp","href":"https:\/\/api.w.org\/{rel}","templated":true}]}}