{"id":18599,"date":"2025-07-16T10:58:15","date_gmt":"2025-07-16T08:58:15","guid":{"rendered":"https:\/\/uj.adatbank.ro\/lexikon\/termek\/popescu-ioan\/"},"modified":"2025-07-16T10:58:15","modified_gmt":"2025-07-16T08:58:15","slug":"popescu-ioan","status":"publish","type":"product","link":"https:\/\/uj.adatbank.ro\/lexikon\/termek\/popescu-ioan\/","title":{"rendered":"POPESCU, Ioan"},"content":{"rendered":"<p>Marosliget, ? \u2020 D\u00e9da, 1905. okt.: ort. pap, tan\u00edt\u00f3, kr\u00f3nika\u00edr\u00f3. \u2013 Fiai: Leon \u00e9s Iosif. \u2013 Szebenben v\u00e9gzett teol\u00f3gi\u00e1t, Andrei \u015eaguna szentelte papp\u00e1 (1852. jan. 5. vagy 1857. jan. 5). D\u00e9d\u00e1n volt lelk\u00e9sz (1857\u20131890). Kit\u0171n\u0151 lelk\u00e9szi min\u0151s\u00edt\u00e9st nyert (1864). Esperesi adminisztr\u00e1tori tiszts\u00e9get t\u00f6lt\u00f6tt be Sz\u00e1szr\u00e9genben (1876\u201381). D\u00e9d\u00e1n, mellette Leon fia szolg\u00e1lt (1883\u2013). A r\u00e9geni ASTRA-ban is \u00e1ld\u00e1sos tev\u00e9kenys\u00e9get fejtett ki. Nev\u00e9hez f\u0171z\u0151dik az agro-meteorol\u00f3giai-t\u00e1rsadalmi napl\u00f3 vezet\u00e9s\u00e9nek folytat\u00e1sa \u00e9s kinyomtat\u00e1sa, amelyet el\u0151de, Teodor Matei kezdett vezetni (1811\u201351). Feljegyezt\u00e9k a sz\u00fclet\u00e9seket, h\u00e1zass\u00e1gokat, temet\u00e9seket, id\u0151j\u00e1r\u00e1si viszonyokat, t\u00e1rsadalmi esem\u00e9nyeket \u00e9s j\u00e1rv\u00e1nyokat. Ez a napl\u00f3 \u00e9rt\u00e9kes adatokat ny\u00fajt a mai kutat\u00f3knak az 1864\u201375 k\u00f6z\u00f6tti \u00e9vekr\u0151l. Meg\u00edrta a bisztrai kolostor t\u00f6rt\u00e9net\u00e9t. Munkat\u00e1rsa volt a Telegraful Rom\u00e2n \u00e9s a Gazeta Transilvaniei c. lapoknak. Fiai, l\u00e9trehozt\u00e1k a \u201ePreotul Ioan \u015fi Maria Popescu\u201d Alap\u00edtv\u00e1nyt, a d\u00e9dai tanulni v\u00e1gy\u00f3, de szeg\u00e9nysors\u00fa \u00edfjak megseg\u00edt\u00e9s\u00e9re (1906. dec. 31). <br \/><strong>Irod.:<\/strong> Deda \u00een spa\u0163iu; Dobozi; V. Netea: Mure\u015ful superior; Regh. Cult. (10., 2010); Reghin, Protopopiat<\/br><\/p>\n","protected":false},"excerpt":{"rendered":"<p>Marosliget, ? \u2020 D\u00e9da, 1905. okt.: ort. pap, tan\u00edt\u00f3, kr\u00f3nika\u00edr\u00f3. \u2013 Fiai: Leon \u00e9s Iosif. \u2013 Szebenben v\u00e9gzett teol\u00f3gi\u00e1t, Andrei \u015eaguna szentelte papp\u00e1 (1852. jan. 5. vagy 1857. jan. 5). D\u00e9d\u00e1n volt lelk\u00e9sz (1857\u20131890). Kit\u0171n\u0151 lelk\u00e9szi min\u0151s\u00edt\u00e9st nyert (1864). Esperesi adminisztr\u00e1tori tiszts\u00e9get t\u00f6lt\u00f6tt be Sz\u00e1szr\u00e9genben (1876\u201381). D\u00e9d\u00e1n, mellette Leon fia szolg\u00e1lt (1883\u2013). A r\u00e9geni ASTRA-ban [&hellip;]<\/p>\n","protected":false},"featured_media":0,"comment_status":"open","ping_status":"closed","template":"","meta":[],"product_brand":[],"product_cat":[137],"product_tag":[],"class_list":{"0":"post-18599","1":"product","2":"type-product","3":"status-publish","5":"product_cat-maros-megyei-eletrajzi-lexikon","7":"first","8":"instock","9":"shipping-taxable","10":"product-type-simple"},"_links":{"self":[{"href":"https:\/\/uj.adatbank.ro\/lexikon\/wp-json\/wp\/v2\/product\/18599","targetHints":{"allow":["GET"]}}],"collection":[{"href":"https:\/\/uj.adatbank.ro\/lexikon\/wp-json\/wp\/v2\/product"}],"about":[{"href":"https:\/\/uj.adatbank.ro\/lexikon\/wp-json\/wp\/v2\/types\/product"}],"replies":[{"embeddable":true,"href":"https:\/\/uj.adatbank.ro\/lexikon\/wp-json\/wp\/v2\/comments?post=18599"}],"wp:attachment":[{"href":"https:\/\/uj.adatbank.ro\/lexikon\/wp-json\/wp\/v2\/media?parent=18599"}],"wp:term":[{"taxonomy":"product_brand","embeddable":true,"href":"https:\/\/uj.adatbank.ro\/lexikon\/wp-json\/wp\/v2\/product_brand?post=18599"},{"taxonomy":"product_cat","embeddable":true,"href":"https:\/\/uj.adatbank.ro\/lexikon\/wp-json\/wp\/v2\/product_cat?post=18599"},{"taxonomy":"product_tag","embeddable":true,"href":"https:\/\/uj.adatbank.ro\/lexikon\/wp-json\/wp\/v2\/product_tag?post=18599"}],"curies":[{"name":"wp","href":"https:\/\/api.w.org\/{rel}","templated":true}]}}