{"id":18600,"date":"2025-07-16T10:58:17","date_gmt":"2025-07-16T08:58:17","guid":{"rendered":"https:\/\/uj.adatbank.ro\/lexikon\/termek\/popescu-ioan-2\/"},"modified":"2025-07-16T10:58:17","modified_gmt":"2025-07-16T08:58:17","slug":"popescu-ioan-2","status":"publish","type":"product","link":"https:\/\/uj.adatbank.ro\/lexikon\/termek\/popescu-ioan-2\/","title":{"rendered":"POPESCU, Ioan"},"content":{"rendered":"<p>? \u2020\u00a0?: ort. lelk\u00e9sz. \u2013 Marosligetben 50 \u00e9ven kereszt\u00fcl szolg\u00e1lt. Az \u0151 idej\u00e9ben szentelt\u00e9k fel a ma is haszn\u00e1latos Sf. Arhangheli Mihail \u015fi Gavril \u015fi Sf.Gheorghe ort. templomot (\u00e9p\u00fclt 1927; felszentelt\u00e9k 1930. szept. 14.), amely a marosh\u00e9v\u00edzi Sf.Ilie templom h\u0171 m\u00e1solata. \u00c9p\u00edt\u0151je a mv.-i Klosz A. \u00e9s Sch\u00f6nauer G., a falfestm\u00e9nyek a galonyai Maxim Suciu alkot\u00e1sai. <br \/><strong>Irod.:<\/strong> Reghin, Protopopiat<\/br><\/p>\n","protected":false},"excerpt":{"rendered":"<p>? \u2020\u00a0?: ort. lelk\u00e9sz. \u2013 Marosligetben 50 \u00e9ven kereszt\u00fcl szolg\u00e1lt. Az \u0151 idej\u00e9ben szentelt\u00e9k fel a ma is haszn\u00e1latos Sf. Arhangheli Mihail \u015fi Gavril \u015fi Sf.Gheorghe ort. templomot (\u00e9p\u00fclt 1927; felszentelt\u00e9k 1930. szept. 14.), amely a marosh\u00e9v\u00edzi Sf.Ilie templom h\u0171 m\u00e1solata. \u00c9p\u00edt\u0151je a mv.-i Klosz A. \u00e9s Sch\u00f6nauer G., a falfestm\u00e9nyek a galonyai Maxim Suciu [&hellip;]<\/p>\n","protected":false},"featured_media":0,"comment_status":"open","ping_status":"closed","template":"","meta":[],"product_brand":[],"product_cat":[137],"product_tag":[],"class_list":{"0":"post-18600","1":"product","2":"type-product","3":"status-publish","5":"product_cat-maros-megyei-eletrajzi-lexikon","7":"first","8":"instock","9":"shipping-taxable","10":"product-type-simple"},"_links":{"self":[{"href":"https:\/\/uj.adatbank.ro\/lexikon\/wp-json\/wp\/v2\/product\/18600","targetHints":{"allow":["GET"]}}],"collection":[{"href":"https:\/\/uj.adatbank.ro\/lexikon\/wp-json\/wp\/v2\/product"}],"about":[{"href":"https:\/\/uj.adatbank.ro\/lexikon\/wp-json\/wp\/v2\/types\/product"}],"replies":[{"embeddable":true,"href":"https:\/\/uj.adatbank.ro\/lexikon\/wp-json\/wp\/v2\/comments?post=18600"}],"wp:attachment":[{"href":"https:\/\/uj.adatbank.ro\/lexikon\/wp-json\/wp\/v2\/media?parent=18600"}],"wp:term":[{"taxonomy":"product_brand","embeddable":true,"href":"https:\/\/uj.adatbank.ro\/lexikon\/wp-json\/wp\/v2\/product_brand?post=18600"},{"taxonomy":"product_cat","embeddable":true,"href":"https:\/\/uj.adatbank.ro\/lexikon\/wp-json\/wp\/v2\/product_cat?post=18600"},{"taxonomy":"product_tag","embeddable":true,"href":"https:\/\/uj.adatbank.ro\/lexikon\/wp-json\/wp\/v2\/product_tag?post=18600"}],"curies":[{"name":"wp","href":"https:\/\/api.w.org\/{rel}","templated":true}]}}