{"id":18604,"date":"2025-07-16T10:58:23","date_gmt":"2025-07-16T08:58:23","guid":{"rendered":"https:\/\/uj.adatbank.ro\/lexikon\/termek\/popescu-ioannes-popu-ioannes-1862-ig\/"},"modified":"2025-07-16T10:58:23","modified_gmt":"2025-07-16T08:58:23","slug":"popescu-ioannes-popu-ioannes-1862-ig","status":"publish","type":"product","link":"https:\/\/uj.adatbank.ro\/lexikon\/termek\/popescu-ioannes-popu-ioannes-1862-ig\/","title":{"rendered":"POPESCU, Ioannes; Popu Ioannes (1862-ig)"},"content":{"rendered":"<p>1839., \u2020 K\u00e1sva, 1880. febr. 3.: g. kat. pap. \u2013 Apja: Popu Michael, g. kat. pap. \u2013 Miut\u00e1n elv\u00e9gezte a teol\u00f3gi\u00e1t, papp\u00e1 szentelt\u00e9k \u00e9s \u015eulu\u0163iu mitropolita K\u00e1sv\u00e1ra helyezte (1867). <br \/><strong>Irod.:<\/strong> Dobozi<\/br><\/p>\n","protected":false},"excerpt":{"rendered":"<p>1839., \u2020 K\u00e1sva, 1880. febr. 3.: g. kat. pap. \u2013 Apja: Popu Michael, g. kat. pap. \u2013 Miut\u00e1n elv\u00e9gezte a teol\u00f3gi\u00e1t, papp\u00e1 szentelt\u00e9k \u00e9s \u015eulu\u0163iu mitropolita K\u00e1sv\u00e1ra helyezte (1867). Irod.: Dobozi<\/p>\n","protected":false},"featured_media":0,"comment_status":"open","ping_status":"closed","template":"","meta":[],"product_brand":[],"product_cat":[137],"product_tag":[],"class_list":{"0":"post-18604","1":"product","2":"type-product","3":"status-publish","5":"product_cat-maros-megyei-eletrajzi-lexikon","7":"first","8":"instock","9":"shipping-taxable","10":"product-type-simple"},"_links":{"self":[{"href":"https:\/\/uj.adatbank.ro\/lexikon\/wp-json\/wp\/v2\/product\/18604","targetHints":{"allow":["GET"]}}],"collection":[{"href":"https:\/\/uj.adatbank.ro\/lexikon\/wp-json\/wp\/v2\/product"}],"about":[{"href":"https:\/\/uj.adatbank.ro\/lexikon\/wp-json\/wp\/v2\/types\/product"}],"replies":[{"embeddable":true,"href":"https:\/\/uj.adatbank.ro\/lexikon\/wp-json\/wp\/v2\/comments?post=18604"}],"wp:attachment":[{"href":"https:\/\/uj.adatbank.ro\/lexikon\/wp-json\/wp\/v2\/media?parent=18604"}],"wp:term":[{"taxonomy":"product_brand","embeddable":true,"href":"https:\/\/uj.adatbank.ro\/lexikon\/wp-json\/wp\/v2\/product_brand?post=18604"},{"taxonomy":"product_cat","embeddable":true,"href":"https:\/\/uj.adatbank.ro\/lexikon\/wp-json\/wp\/v2\/product_cat?post=18604"},{"taxonomy":"product_tag","embeddable":true,"href":"https:\/\/uj.adatbank.ro\/lexikon\/wp-json\/wp\/v2\/product_tag?post=18604"}],"curies":[{"name":"wp","href":"https:\/\/api.w.org\/{rel}","templated":true}]}}