{"id":18606,"date":"2025-07-16T10:58:31","date_gmt":"2025-07-16T08:58:31","guid":{"rendered":"https:\/\/uj.adatbank.ro\/lexikon\/termek\/popescu-iosif\/"},"modified":"2025-07-16T10:58:31","modified_gmt":"2025-07-16T08:58:31","slug":"popescu-iosif","status":"publish","type":"product","link":"https:\/\/uj.adatbank.ro\/lexikon\/termek\/popescu-iosif\/","title":{"rendered":"POPESCU, Iosif"},"content":{"rendered":"<p>1869., \u2020 ?: ort. pap. \u2013 Gimn.-ot \u00e9s teol\u00f3gi\u00e1t v\u00e9gzett, tan\u00edt\u00f3i oklevele volt (1890\u2013) \u00e9s D\u00e9d\u00e1n tan\u00edtott m\u00edg Miron Romanul \u00e9rsek papp\u00e1 szentelte (1896\u2013). A h\u00edvek k\u00f6z\u00f6ss\u00e9ge megv\u00e1lasztotta \u0151t, Marosligetben s elfoglalta a hely\u00e9t. A cerem\u00f3ni\u00e1t egy fennmaradt dok. igazolja. \u00c1tadt\u00e1k neki a templom kulcsait, a lev\u00e9lt\u00e1rat, a templomi kell\u00e9keket \u00e9s minden b\u00fatort (1900). <br \/><strong>Irod.:<\/strong> Dobozi<\/br><\/p>\n","protected":false},"excerpt":{"rendered":"<p>1869., \u2020 ?: ort. pap. \u2013 Gimn.-ot \u00e9s teol\u00f3gi\u00e1t v\u00e9gzett, tan\u00edt\u00f3i oklevele volt (1890\u2013) \u00e9s D\u00e9d\u00e1n tan\u00edtott m\u00edg Miron Romanul \u00e9rsek papp\u00e1 szentelte (1896\u2013). A h\u00edvek k\u00f6z\u00f6ss\u00e9ge megv\u00e1lasztotta \u0151t, Marosligetben s elfoglalta a hely\u00e9t. A cerem\u00f3ni\u00e1t egy fennmaradt dok. igazolja. \u00c1tadt\u00e1k neki a templom kulcsait, a lev\u00e9lt\u00e1rat, a templomi kell\u00e9keket \u00e9s minden b\u00fatort (1900). Irod.: [&hellip;]<\/p>\n","protected":false},"featured_media":0,"comment_status":"open","ping_status":"closed","template":"","meta":[],"product_brand":[],"product_cat":[137],"product_tag":[],"class_list":{"0":"post-18606","1":"product","2":"type-product","3":"status-publish","5":"product_cat-maros-megyei-eletrajzi-lexikon","7":"first","8":"instock","9":"shipping-taxable","10":"product-type-simple"},"_links":{"self":[{"href":"https:\/\/uj.adatbank.ro\/lexikon\/wp-json\/wp\/v2\/product\/18606","targetHints":{"allow":["GET"]}}],"collection":[{"href":"https:\/\/uj.adatbank.ro\/lexikon\/wp-json\/wp\/v2\/product"}],"about":[{"href":"https:\/\/uj.adatbank.ro\/lexikon\/wp-json\/wp\/v2\/types\/product"}],"replies":[{"embeddable":true,"href":"https:\/\/uj.adatbank.ro\/lexikon\/wp-json\/wp\/v2\/comments?post=18606"}],"wp:attachment":[{"href":"https:\/\/uj.adatbank.ro\/lexikon\/wp-json\/wp\/v2\/media?parent=18606"}],"wp:term":[{"taxonomy":"product_brand","embeddable":true,"href":"https:\/\/uj.adatbank.ro\/lexikon\/wp-json\/wp\/v2\/product_brand?post=18606"},{"taxonomy":"product_cat","embeddable":true,"href":"https:\/\/uj.adatbank.ro\/lexikon\/wp-json\/wp\/v2\/product_cat?post=18606"},{"taxonomy":"product_tag","embeddable":true,"href":"https:\/\/uj.adatbank.ro\/lexikon\/wp-json\/wp\/v2\/product_tag?post=18606"}],"curies":[{"name":"wp","href":"https:\/\/api.w.org\/{rel}","templated":true}]}}