{"id":18607,"date":"2025-07-16T10:58:33","date_gmt":"2025-07-16T08:58:33","guid":{"rendered":"https:\/\/uj.adatbank.ro\/lexikon\/termek\/popescu-iosif-2\/"},"modified":"2025-07-16T10:58:33","modified_gmt":"2025-07-16T08:58:33","slug":"popescu-iosif-2","status":"publish","type":"product","link":"https:\/\/uj.adatbank.ro\/lexikon\/termek\/popescu-iosif-2\/","title":{"rendered":"POPESCU, Iosif"},"content":{"rendered":"<p>? \u2020\u00a0?: sz\u00e1szr\u00e9geni. <br \/><strong>Irod.:<\/strong> P\u0103c\u0103\u0163ian; Gr. Tisza Istv\u00e1n \u00f6sszes munk\u00e1i (Bp., 1927)<\/br><\/p>\n","protected":false},"excerpt":{"rendered":"<p>? \u2020\u00a0?: sz\u00e1szr\u00e9geni. Irod.: P\u0103c\u0103\u0163ian; Gr. Tisza Istv\u00e1n \u00f6sszes munk\u00e1i (Bp., 1927)<\/p>\n","protected":false},"featured_media":0,"comment_status":"open","ping_status":"closed","template":"","meta":[],"product_brand":[],"product_cat":[137],"product_tag":[],"class_list":{"0":"post-18607","1":"product","2":"type-product","3":"status-publish","5":"product_cat-maros-megyei-eletrajzi-lexikon","7":"first","8":"instock","9":"shipping-taxable","10":"product-type-simple"},"_links":{"self":[{"href":"https:\/\/uj.adatbank.ro\/lexikon\/wp-json\/wp\/v2\/product\/18607","targetHints":{"allow":["GET"]}}],"collection":[{"href":"https:\/\/uj.adatbank.ro\/lexikon\/wp-json\/wp\/v2\/product"}],"about":[{"href":"https:\/\/uj.adatbank.ro\/lexikon\/wp-json\/wp\/v2\/types\/product"}],"replies":[{"embeddable":true,"href":"https:\/\/uj.adatbank.ro\/lexikon\/wp-json\/wp\/v2\/comments?post=18607"}],"wp:attachment":[{"href":"https:\/\/uj.adatbank.ro\/lexikon\/wp-json\/wp\/v2\/media?parent=18607"}],"wp:term":[{"taxonomy":"product_brand","embeddable":true,"href":"https:\/\/uj.adatbank.ro\/lexikon\/wp-json\/wp\/v2\/product_brand?post=18607"},{"taxonomy":"product_cat","embeddable":true,"href":"https:\/\/uj.adatbank.ro\/lexikon\/wp-json\/wp\/v2\/product_cat?post=18607"},{"taxonomy":"product_tag","embeddable":true,"href":"https:\/\/uj.adatbank.ro\/lexikon\/wp-json\/wp\/v2\/product_tag?post=18607"}],"curies":[{"name":"wp","href":"https:\/\/api.w.org\/{rel}","templated":true}]}}