{"id":18608,"date":"2025-07-16T10:58:37","date_gmt":"2025-07-16T08:58:37","guid":{"rendered":"https:\/\/uj.adatbank.ro\/lexikon\/termek\/popescu-leon\/"},"modified":"2025-07-16T10:58:37","modified_gmt":"2025-07-16T08:58:37","slug":"popescu-leon","status":"publish","type":"product","link":"https:\/\/uj.adatbank.ro\/lexikon\/termek\/popescu-leon\/","title":{"rendered":"POPESCU, Leon"},"content":{"rendered":"<p>D\u00e9da, 1854., \u2020 D\u00e9da, 1907. j\u00fal. 23.: lelk\u00e9sz. \u2013 Szolg\u00e1lt Marosk\u00f6vesden (1887\u201390), D\u00e9d\u00e1n apja par\u00f3hi\u00e1j\u00e1t vette \u00e1t (1891\u20131907). Nev\u00e9hez f\u0171z\u0151dik a d\u00e9dai monument\u00e1lis ort. k\u0151templom fel\u00e9p\u00edt\u00e9se Tervez\u0151je Ferenczy B\u00e9la m\u0171\u00e9p\u00edt\u00e9sz, kivitel\u00f6z\u0151je Pascu Filon (1906\u201307) v. (Netea szerint: \u00e9p\u00edt\u00e9sz: I. Pamfilie Szebenb\u0151l), a templomtoronyba h\u00e1rom harangot helyeztettett el. Felszentelte Ioan Metean mitropolita. \u00daj iskol\u00e1t \u00e9s tan\u00edt\u00f3i lak\u00e1st is \u00e9p\u00edttetett (1906\u201307). <br \/><strong>Irod.:<\/strong> Netea: Mure\u015ful superior; Reghin, Protopopiat<\/br><\/p>\n","protected":false},"excerpt":{"rendered":"<p>D\u00e9da, 1854., \u2020 D\u00e9da, 1907. j\u00fal. 23.: lelk\u00e9sz. \u2013 Szolg\u00e1lt Marosk\u00f6vesden (1887\u201390), D\u00e9d\u00e1n apja par\u00f3hi\u00e1j\u00e1t vette \u00e1t (1891\u20131907). Nev\u00e9hez f\u0171z\u0151dik a d\u00e9dai monument\u00e1lis ort. k\u0151templom fel\u00e9p\u00edt\u00e9se Tervez\u0151je Ferenczy B\u00e9la m\u0171\u00e9p\u00edt\u00e9sz, kivitel\u00f6z\u0151je Pascu Filon (1906\u201307) v. (Netea szerint: \u00e9p\u00edt\u00e9sz: I. Pamfilie Szebenb\u0151l), a templomtoronyba h\u00e1rom harangot helyeztettett el. Felszentelte Ioan Metean mitropolita. \u00daj iskol\u00e1t \u00e9s tan\u00edt\u00f3i [&hellip;]<\/p>\n","protected":false},"featured_media":0,"comment_status":"open","ping_status":"closed","template":"","meta":[],"product_brand":[],"product_cat":[137],"product_tag":[],"class_list":{"0":"post-18608","1":"product","2":"type-product","3":"status-publish","5":"product_cat-maros-megyei-eletrajzi-lexikon","7":"first","8":"instock","9":"shipping-taxable","10":"product-type-simple"},"_links":{"self":[{"href":"https:\/\/uj.adatbank.ro\/lexikon\/wp-json\/wp\/v2\/product\/18608","targetHints":{"allow":["GET"]}}],"collection":[{"href":"https:\/\/uj.adatbank.ro\/lexikon\/wp-json\/wp\/v2\/product"}],"about":[{"href":"https:\/\/uj.adatbank.ro\/lexikon\/wp-json\/wp\/v2\/types\/product"}],"replies":[{"embeddable":true,"href":"https:\/\/uj.adatbank.ro\/lexikon\/wp-json\/wp\/v2\/comments?post=18608"}],"wp:attachment":[{"href":"https:\/\/uj.adatbank.ro\/lexikon\/wp-json\/wp\/v2\/media?parent=18608"}],"wp:term":[{"taxonomy":"product_brand","embeddable":true,"href":"https:\/\/uj.adatbank.ro\/lexikon\/wp-json\/wp\/v2\/product_brand?post=18608"},{"taxonomy":"product_cat","embeddable":true,"href":"https:\/\/uj.adatbank.ro\/lexikon\/wp-json\/wp\/v2\/product_cat?post=18608"},{"taxonomy":"product_tag","embeddable":true,"href":"https:\/\/uj.adatbank.ro\/lexikon\/wp-json\/wp\/v2\/product_tag?post=18608"}],"curies":[{"name":"wp","href":"https:\/\/api.w.org\/{rel}","templated":true}]}}