{"id":18609,"date":"2025-07-16T10:58:40","date_gmt":"2025-07-16T08:58:40","guid":{"rendered":"https:\/\/uj.adatbank.ro\/lexikon\/termek\/popescu-leon-2\/"},"modified":"2025-07-16T10:58:40","modified_gmt":"2025-07-16T08:58:40","slug":"popescu-leon-2","status":"publish","type":"product","link":"https:\/\/uj.adatbank.ro\/lexikon\/termek\/popescu-leon-2\/","title":{"rendered":"POPESCU, Leon"},"content":{"rendered":"<p>D\u00e9da, 1867., \u2020 D\u00e9da, 1934.: ort. pap.\u00e9s tan\u00edt\u00f3. \u2013 P. Ioan fia. \u2013 Szebenben v\u00e9gezte a teol\u00f3giai szemin\u00e1riumot (1888). D\u00e9d\u00e1n volt pap \u00e9s tan\u00edt\u00f3. \u00d6sszegy\u0171jt\u00f6tte \u00e9s rendszerezte \u00e9desapj\u00e1nak a feljegyz\u00e9seit. <br \/><strong>Irod.:<\/strong> Deda \u00een spa\u0163iu<\/br><\/p>\n","protected":false},"excerpt":{"rendered":"<p>D\u00e9da, 1867., \u2020 D\u00e9da, 1934.: ort. pap.\u00e9s tan\u00edt\u00f3. \u2013 P. Ioan fia. \u2013 Szebenben v\u00e9gezte a teol\u00f3giai szemin\u00e1riumot (1888). D\u00e9d\u00e1n volt pap \u00e9s tan\u00edt\u00f3. \u00d6sszegy\u0171jt\u00f6tte \u00e9s rendszerezte \u00e9desapj\u00e1nak a feljegyz\u00e9seit. Irod.: Deda \u00een spa\u0163iu<\/p>\n","protected":false},"featured_media":0,"comment_status":"open","ping_status":"closed","template":"","meta":[],"product_brand":[],"product_cat":[137],"product_tag":[],"class_list":{"0":"post-18609","1":"product","2":"type-product","3":"status-publish","5":"product_cat-maros-megyei-eletrajzi-lexikon","7":"first","8":"instock","9":"shipping-taxable","10":"product-type-simple"},"_links":{"self":[{"href":"https:\/\/uj.adatbank.ro\/lexikon\/wp-json\/wp\/v2\/product\/18609","targetHints":{"allow":["GET"]}}],"collection":[{"href":"https:\/\/uj.adatbank.ro\/lexikon\/wp-json\/wp\/v2\/product"}],"about":[{"href":"https:\/\/uj.adatbank.ro\/lexikon\/wp-json\/wp\/v2\/types\/product"}],"replies":[{"embeddable":true,"href":"https:\/\/uj.adatbank.ro\/lexikon\/wp-json\/wp\/v2\/comments?post=18609"}],"wp:attachment":[{"href":"https:\/\/uj.adatbank.ro\/lexikon\/wp-json\/wp\/v2\/media?parent=18609"}],"wp:term":[{"taxonomy":"product_brand","embeddable":true,"href":"https:\/\/uj.adatbank.ro\/lexikon\/wp-json\/wp\/v2\/product_brand?post=18609"},{"taxonomy":"product_cat","embeddable":true,"href":"https:\/\/uj.adatbank.ro\/lexikon\/wp-json\/wp\/v2\/product_cat?post=18609"},{"taxonomy":"product_tag","embeddable":true,"href":"https:\/\/uj.adatbank.ro\/lexikon\/wp-json\/wp\/v2\/product_tag?post=18609"}],"curies":[{"name":"wp","href":"https:\/\/api.w.org\/{rel}","templated":true}]}}