{"id":18610,"date":"2025-07-16T10:58:42","date_gmt":"2025-07-16T08:58:42","guid":{"rendered":"https:\/\/uj.adatbank.ro\/lexikon\/termek\/popescu-octavian\/"},"modified":"2025-07-16T10:58:42","modified_gmt":"2025-07-16T08:58:42","slug":"popescu-octavian","status":"publish","type":"product","link":"https:\/\/uj.adatbank.ro\/lexikon\/termek\/popescu-octavian\/","title":{"rendered":"POPESCU, Octavian"},"content":{"rendered":"<p>? \u2020 ?: b\u00edr\u00f3. \u2013 A mv.-i t\u00f6rv\u00e9nysz\u00e9k eln\u00f6ke volt (1922), az It\u00e9l\u0151 T\u00e1bla f\u0151\u00fcgy\u00e9sze (1928). A mv.-i ortodox nagykatedr\u00e1lis \u00e9p\u00edt\u00e9s\u00e9nek fel\u00fcgyelet\u00e9re megv\u00e1lasztott paroki\u00e1lis bizotts\u00e1g eln\u00f6ke (1925. m\u00e1j. 10). <br \/><strong>Irod.:<\/strong> Id\u0151t\u00e1r 3; Mv.m\u0171v.v\u00e1r.<\/br><\/p>\n","protected":false},"excerpt":{"rendered":"<p>? \u2020 ?: b\u00edr\u00f3. \u2013 A mv.-i t\u00f6rv\u00e9nysz\u00e9k eln\u00f6ke volt (1922), az It\u00e9l\u0151 T\u00e1bla f\u0151\u00fcgy\u00e9sze (1928). A mv.-i ortodox nagykatedr\u00e1lis \u00e9p\u00edt\u00e9s\u00e9nek fel\u00fcgyelet\u00e9re megv\u00e1lasztott paroki\u00e1lis bizotts\u00e1g eln\u00f6ke (1925. m\u00e1j. 10). Irod.: Id\u0151t\u00e1r 3; Mv.m\u0171v.v\u00e1r.<\/p>\n","protected":false},"featured_media":0,"comment_status":"open","ping_status":"closed","template":"","meta":[],"product_brand":[],"product_cat":[137],"product_tag":[],"class_list":{"0":"post-18610","1":"product","2":"type-product","3":"status-publish","5":"product_cat-maros-megyei-eletrajzi-lexikon","7":"first","8":"instock","9":"shipping-taxable","10":"product-type-simple"},"_links":{"self":[{"href":"https:\/\/uj.adatbank.ro\/lexikon\/wp-json\/wp\/v2\/product\/18610","targetHints":{"allow":["GET"]}}],"collection":[{"href":"https:\/\/uj.adatbank.ro\/lexikon\/wp-json\/wp\/v2\/product"}],"about":[{"href":"https:\/\/uj.adatbank.ro\/lexikon\/wp-json\/wp\/v2\/types\/product"}],"replies":[{"embeddable":true,"href":"https:\/\/uj.adatbank.ro\/lexikon\/wp-json\/wp\/v2\/comments?post=18610"}],"wp:attachment":[{"href":"https:\/\/uj.adatbank.ro\/lexikon\/wp-json\/wp\/v2\/media?parent=18610"}],"wp:term":[{"taxonomy":"product_brand","embeddable":true,"href":"https:\/\/uj.adatbank.ro\/lexikon\/wp-json\/wp\/v2\/product_brand?post=18610"},{"taxonomy":"product_cat","embeddable":true,"href":"https:\/\/uj.adatbank.ro\/lexikon\/wp-json\/wp\/v2\/product_cat?post=18610"},{"taxonomy":"product_tag","embeddable":true,"href":"https:\/\/uj.adatbank.ro\/lexikon\/wp-json\/wp\/v2\/product_tag?post=18610"}],"curies":[{"name":"wp","href":"https:\/\/api.w.org\/{rel}","templated":true}]}}