{"id":18619,"date":"2025-07-16T10:59:05","date_gmt":"2025-07-16T08:59:05","guid":{"rendered":"https:\/\/uj.adatbank.ro\/lexikon\/termek\/popoi-jozsef-popai-jozsef\/"},"modified":"2025-07-16T10:59:05","modified_gmt":"2025-07-16T08:59:05","slug":"popoi-jozsef-popai-jozsef","status":"publish","type":"product","link":"https:\/\/uj.adatbank.ro\/lexikon\/termek\/popoi-jozsef-popai-jozsef\/","title":{"rendered":"POPOI J\u00f3zsef, Popai J\u00f3zsef"},"content":{"rendered":"<p>1788. nov. 19., \u2020\u00a01856. \u00e1pr. 12.: r. k. pap, \u00f6rm\u00e9ny szertart\u00e1s\u00fa. \u2013 Papp\u00e1 szentelt\u00e9k (1812. \u00e1pr. 23). K\u00e1pl\u00e1n \u00e9s tan\u00e1r Mv.-en (1818\u201328). K\u00e1pl\u00e1n Gyergy\u00f3szentmikl\u00f3son, Erzs\u00e9betv\u00e1rosban esperes (1837\u201356). <br \/><strong>Irod.:<\/strong> Ferenczi S\u00e1ndor 2009<\/br><\/p>\n","protected":false},"excerpt":{"rendered":"<p>1788. nov. 19., \u2020\u00a01856. \u00e1pr. 12.: r. k. pap, \u00f6rm\u00e9ny szertart\u00e1s\u00fa. \u2013 Papp\u00e1 szentelt\u00e9k (1812. \u00e1pr. 23). K\u00e1pl\u00e1n \u00e9s tan\u00e1r Mv.-en (1818\u201328). K\u00e1pl\u00e1n Gyergy\u00f3szentmikl\u00f3son, Erzs\u00e9betv\u00e1rosban esperes (1837\u201356). Irod.: Ferenczi S\u00e1ndor 2009<\/p>\n","protected":false},"featured_media":0,"comment_status":"open","ping_status":"closed","template":"","meta":[],"product_brand":[],"product_cat":[137],"product_tag":[],"class_list":{"0":"post-18619","1":"product","2":"type-product","3":"status-publish","5":"product_cat-maros-megyei-eletrajzi-lexikon","7":"first","8":"instock","9":"shipping-taxable","10":"product-type-simple"},"_links":{"self":[{"href":"https:\/\/uj.adatbank.ro\/lexikon\/wp-json\/wp\/v2\/product\/18619","targetHints":{"allow":["GET"]}}],"collection":[{"href":"https:\/\/uj.adatbank.ro\/lexikon\/wp-json\/wp\/v2\/product"}],"about":[{"href":"https:\/\/uj.adatbank.ro\/lexikon\/wp-json\/wp\/v2\/types\/product"}],"replies":[{"embeddable":true,"href":"https:\/\/uj.adatbank.ro\/lexikon\/wp-json\/wp\/v2\/comments?post=18619"}],"wp:attachment":[{"href":"https:\/\/uj.adatbank.ro\/lexikon\/wp-json\/wp\/v2\/media?parent=18619"}],"wp:term":[{"taxonomy":"product_brand","embeddable":true,"href":"https:\/\/uj.adatbank.ro\/lexikon\/wp-json\/wp\/v2\/product_brand?post=18619"},{"taxonomy":"product_cat","embeddable":true,"href":"https:\/\/uj.adatbank.ro\/lexikon\/wp-json\/wp\/v2\/product_cat?post=18619"},{"taxonomy":"product_tag","embeddable":true,"href":"https:\/\/uj.adatbank.ro\/lexikon\/wp-json\/wp\/v2\/product_tag?post=18619"}],"curies":[{"name":"wp","href":"https:\/\/api.w.org\/{rel}","templated":true}]}}