{"id":1862,"date":"2025-06-28T11:55:41","date_gmt":"2025-06-28T09:55:41","guid":{"rendered":"https:\/\/uj.adatbank.ro\/lexikon\/termek\/bakcsi-antal-albisi-bakcsy-antal\/"},"modified":"2025-06-28T11:55:41","modified_gmt":"2025-06-28T09:55:41","slug":"bakcsi-antal-albisi-bakcsy-antal","status":"publish","type":"product","link":"https:\/\/uj.adatbank.ro\/lexikon\/termek\/bakcsi-antal-albisi-bakcsy-antal\/","title":{"rendered":"BAKCSI Antal, albisi, Bakcsy Antal"},"content":{"rendered":"<p>1783., \u2020 Mv., 1862. febr. 25.: orvos. \u2013 Feles\u00e9ge: V\u00e1s\u00e1rhelyi \u00c1gnes (1796 \u2013 Mv., 1868. nov. 20.). \u2013 Marossz\u00e9k kirurgusa, seb\u00e9sz. Maros megye b\u00e1ndi szakasz\u00e1ban volt seb\u00e9sz (1849). <br \/><strong>Irod.:<\/strong> 1848\u20131849 Marossz\u00e9k; Fogarasi; Gy\u00e1szjelent\u0151; P\u00e1l-Antal 2002; P\u00e1lmay J\u00f3zsef<\/br><\/p>\n","protected":false},"excerpt":{"rendered":"<p>1783., \u2020 Mv., 1862. febr. 25.: orvos. \u2013 Feles\u00e9ge: V\u00e1s\u00e1rhelyi \u00c1gnes (1796 \u2013 Mv., 1868. nov. 20.). \u2013 Marossz\u00e9k kirurgusa, seb\u00e9sz. Maros megye b\u00e1ndi szakasz\u00e1ban volt seb\u00e9sz (1849). Irod.: 1848\u20131849 Marossz\u00e9k; Fogarasi; Gy\u00e1szjelent\u0151; P\u00e1l-Antal 2002; P\u00e1lmay J\u00f3zsef<\/p>\n","protected":false},"featured_media":0,"comment_status":"open","ping_status":"closed","template":"","meta":[],"product_brand":[],"product_cat":[137],"product_tag":[],"class_list":{"0":"post-1862","1":"product","2":"type-product","3":"status-publish","5":"product_cat-maros-megyei-eletrajzi-lexikon","7":"first","8":"instock","9":"shipping-taxable","10":"product-type-simple"},"_links":{"self":[{"href":"https:\/\/uj.adatbank.ro\/lexikon\/wp-json\/wp\/v2\/product\/1862","targetHints":{"allow":["GET"]}}],"collection":[{"href":"https:\/\/uj.adatbank.ro\/lexikon\/wp-json\/wp\/v2\/product"}],"about":[{"href":"https:\/\/uj.adatbank.ro\/lexikon\/wp-json\/wp\/v2\/types\/product"}],"replies":[{"embeddable":true,"href":"https:\/\/uj.adatbank.ro\/lexikon\/wp-json\/wp\/v2\/comments?post=1862"}],"wp:attachment":[{"href":"https:\/\/uj.adatbank.ro\/lexikon\/wp-json\/wp\/v2\/media?parent=1862"}],"wp:term":[{"taxonomy":"product_brand","embeddable":true,"href":"https:\/\/uj.adatbank.ro\/lexikon\/wp-json\/wp\/v2\/product_brand?post=1862"},{"taxonomy":"product_cat","embeddable":true,"href":"https:\/\/uj.adatbank.ro\/lexikon\/wp-json\/wp\/v2\/product_cat?post=1862"},{"taxonomy":"product_tag","embeddable":true,"href":"https:\/\/uj.adatbank.ro\/lexikon\/wp-json\/wp\/v2\/product_tag?post=1862"}],"curies":[{"name":"wp","href":"https:\/\/api.w.org\/{rel}","templated":true}]}}