{"id":18624,"date":"2025-07-16T10:59:18","date_gmt":"2025-07-16T08:59:18","guid":{"rendered":"https:\/\/uj.adatbank.ro\/lexikon\/termek\/popovici-grigore-popovici-gregoriu\/"},"modified":"2025-07-16T10:59:18","modified_gmt":"2025-07-16T08:59:18","slug":"popovici-grigore-popovici-gregoriu","status":"publish","type":"product","link":"https:\/\/uj.adatbank.ro\/lexikon\/termek\/popovici-grigore-popovici-gregoriu\/","title":{"rendered":"POPOVICI, Grigore, Popovici Gregoriu"},"content":{"rendered":"<p>? \u2020\u00a0?: ort. pap. \u2013 Marosk\u00f6vesden versenyvizs\u00e1zott a lelk\u00e9szi hely\u00e9rt (1897. dec.), de a szebeni konziszt\u00f3rium csak pl\u00e9b\u00e1niai \u00fcgyvezet\u0151nek ismerte el. K\u00f6zel k\u00e9t \u00e9vi v\u00e1rakoz\u00e1s ut\u00e1n er\u0151s\u00edtett\u00e9k meg lp.-i \u00e1ll\u00e1s\u00e1ban (1899. nov. 2.\u20131903). <br \/><strong>Irod.:<\/strong> Dobozi; Reghin, Protopopiat<\/br><\/p>\n","protected":false},"excerpt":{"rendered":"<p>? \u2020\u00a0?: ort. pap. \u2013 Marosk\u00f6vesden versenyvizs\u00e1zott a lelk\u00e9szi hely\u00e9rt (1897. dec.), de a szebeni konziszt\u00f3rium csak pl\u00e9b\u00e1niai \u00fcgyvezet\u0151nek ismerte el. K\u00f6zel k\u00e9t \u00e9vi v\u00e1rakoz\u00e1s ut\u00e1n er\u0151s\u00edtett\u00e9k meg lp.-i \u00e1ll\u00e1s\u00e1ban (1899. nov. 2.\u20131903). Irod.: Dobozi; Reghin, Protopopiat<\/p>\n","protected":false},"featured_media":0,"comment_status":"open","ping_status":"closed","template":"","meta":[],"product_brand":[],"product_cat":[137],"product_tag":[],"class_list":{"0":"post-18624","1":"product","2":"type-product","3":"status-publish","5":"product_cat-maros-megyei-eletrajzi-lexikon","7":"first","8":"instock","9":"shipping-taxable","10":"product-type-simple"},"_links":{"self":[{"href":"https:\/\/uj.adatbank.ro\/lexikon\/wp-json\/wp\/v2\/product\/18624","targetHints":{"allow":["GET"]}}],"collection":[{"href":"https:\/\/uj.adatbank.ro\/lexikon\/wp-json\/wp\/v2\/product"}],"about":[{"href":"https:\/\/uj.adatbank.ro\/lexikon\/wp-json\/wp\/v2\/types\/product"}],"replies":[{"embeddable":true,"href":"https:\/\/uj.adatbank.ro\/lexikon\/wp-json\/wp\/v2\/comments?post=18624"}],"wp:attachment":[{"href":"https:\/\/uj.adatbank.ro\/lexikon\/wp-json\/wp\/v2\/media?parent=18624"}],"wp:term":[{"taxonomy":"product_brand","embeddable":true,"href":"https:\/\/uj.adatbank.ro\/lexikon\/wp-json\/wp\/v2\/product_brand?post=18624"},{"taxonomy":"product_cat","embeddable":true,"href":"https:\/\/uj.adatbank.ro\/lexikon\/wp-json\/wp\/v2\/product_cat?post=18624"},{"taxonomy":"product_tag","embeddable":true,"href":"https:\/\/uj.adatbank.ro\/lexikon\/wp-json\/wp\/v2\/product_tag?post=18624"}],"curies":[{"name":"wp","href":"https:\/\/api.w.org\/{rel}","templated":true}]}}