{"id":18625,"date":"2025-07-16T10:59:20","date_gmt":"2025-07-16T08:59:20","guid":{"rendered":"https:\/\/uj.adatbank.ro\/lexikon\/termek\/popovici-ioan\/"},"modified":"2025-07-16T10:59:20","modified_gmt":"2025-07-16T08:59:20","slug":"popovici-ioan","status":"publish","type":"product","link":"https:\/\/uj.adatbank.ro\/lexikon\/termek\/popovici-ioan\/","title":{"rendered":"POPOVICI, Ioan"},"content":{"rendered":"<p>? \u2020\u00a0?: tan\u00edt\u00f3. \u2013 Tan\u00edt\u00f3k\u00e9pz\u0151t Szebenben v\u00e9gzett, iskolat\u00e1rsa volt Gh. Laz\u0103rnak (1782). Sz\u00e9kelys\u00e1rdban tan\u00edtott. Csal\u00e1dja k\u00f6zel 100 \u00e9ven kereszt\u00fcl b\u00edztos\u00edtotta a falu tan\u00edt\u00f3it.-<br \/><strong>Irod.:<\/strong> \u015eincan 2006<\/br><\/p>\n","protected":false},"excerpt":{"rendered":"<p>? \u2020\u00a0?: tan\u00edt\u00f3. \u2013 Tan\u00edt\u00f3k\u00e9pz\u0151t Szebenben v\u00e9gzett, iskolat\u00e1rsa volt Gh. Laz\u0103rnak (1782). Sz\u00e9kelys\u00e1rdban tan\u00edtott. Csal\u00e1dja k\u00f6zel 100 \u00e9ven kereszt\u00fcl b\u00edztos\u00edtotta a falu tan\u00edt\u00f3it.-Irod.: \u015eincan 2006<\/p>\n","protected":false},"featured_media":0,"comment_status":"open","ping_status":"closed","template":"","meta":[],"product_brand":[],"product_cat":[137],"product_tag":[],"class_list":{"0":"post-18625","1":"product","2":"type-product","3":"status-publish","5":"product_cat-maros-megyei-eletrajzi-lexikon","7":"first","8":"instock","9":"shipping-taxable","10":"product-type-simple"},"_links":{"self":[{"href":"https:\/\/uj.adatbank.ro\/lexikon\/wp-json\/wp\/v2\/product\/18625","targetHints":{"allow":["GET"]}}],"collection":[{"href":"https:\/\/uj.adatbank.ro\/lexikon\/wp-json\/wp\/v2\/product"}],"about":[{"href":"https:\/\/uj.adatbank.ro\/lexikon\/wp-json\/wp\/v2\/types\/product"}],"replies":[{"embeddable":true,"href":"https:\/\/uj.adatbank.ro\/lexikon\/wp-json\/wp\/v2\/comments?post=18625"}],"wp:attachment":[{"href":"https:\/\/uj.adatbank.ro\/lexikon\/wp-json\/wp\/v2\/media?parent=18625"}],"wp:term":[{"taxonomy":"product_brand","embeddable":true,"href":"https:\/\/uj.adatbank.ro\/lexikon\/wp-json\/wp\/v2\/product_brand?post=18625"},{"taxonomy":"product_cat","embeddable":true,"href":"https:\/\/uj.adatbank.ro\/lexikon\/wp-json\/wp\/v2\/product_cat?post=18625"},{"taxonomy":"product_tag","embeddable":true,"href":"https:\/\/uj.adatbank.ro\/lexikon\/wp-json\/wp\/v2\/product_tag?post=18625"}],"curies":[{"name":"wp","href":"https:\/\/api.w.org\/{rel}","templated":true}]}}