{"id":18626,"date":"2025-07-16T10:59:22","date_gmt":"2025-07-16T08:59:22","guid":{"rendered":"https:\/\/uj.adatbank.ro\/lexikon\/termek\/popovici-ioan-2\/"},"modified":"2025-07-16T10:59:22","modified_gmt":"2025-07-16T08:59:22","slug":"popovici-ioan-2","status":"publish","type":"product","link":"https:\/\/uj.adatbank.ro\/lexikon\/termek\/popovici-ioan-2\/","title":{"rendered":"POPOVICI, Ioan"},"content":{"rendered":"<p>? \u2020\u00a0?: ort. pap. \u2013 Szolg\u00e1lt Sz\u00e9kelys\u00e1rdban (1793\u20131814). A mv.-i r\u00e9gi Archangelul Mihail-nak felaj\u00e1lott ort. fatemplom (\u00e9p\u00fclt 1814) els\u0151 esperese. Hortob\u00e1gyfalv\u00e1b\u00f3l \u00f6t j\u00f3m\u00f3d\u00fa rom\u00e1n csal\u00e1d tartotta el. <br \/><strong>Irod.:<\/strong> B\u0103ciu\u0163, Nicolae-\u015eincan, Gheorghe Nicolae: Biserica de piatr\u0103 \u201e\u00cen\u0103l\u0163area Domnului\u201d T\u00e2rgu-Mure\u015f (Vatra veche, nr. 11., 2009); Popa, Traian:Tg.M.; \u015eincan 2006<\/br><\/p>\n","protected":false},"excerpt":{"rendered":"<p>? \u2020\u00a0?: ort. pap. \u2013 Szolg\u00e1lt Sz\u00e9kelys\u00e1rdban (1793\u20131814). A mv.-i r\u00e9gi Archangelul Mihail-nak felaj\u00e1lott ort. fatemplom (\u00e9p\u00fclt 1814) els\u0151 esperese. Hortob\u00e1gyfalv\u00e1b\u00f3l \u00f6t j\u00f3m\u00f3d\u00fa rom\u00e1n csal\u00e1d tartotta el. Irod.: B\u0103ciu\u0163, Nicolae-\u015eincan, Gheorghe Nicolae: Biserica de piatr\u0103 \u201e\u00cen\u0103l\u0163area Domnului\u201d T\u00e2rgu-Mure\u015f (Vatra veche, nr. 11., 2009); Popa, Traian:Tg.M.; \u015eincan 2006<\/p>\n","protected":false},"featured_media":0,"comment_status":"open","ping_status":"closed","template":"","meta":[],"product_brand":[],"product_cat":[137],"product_tag":[],"class_list":{"0":"post-18626","1":"product","2":"type-product","3":"status-publish","5":"product_cat-maros-megyei-eletrajzi-lexikon","7":"first","8":"instock","9":"shipping-taxable","10":"product-type-simple"},"_links":{"self":[{"href":"https:\/\/uj.adatbank.ro\/lexikon\/wp-json\/wp\/v2\/product\/18626","targetHints":{"allow":["GET"]}}],"collection":[{"href":"https:\/\/uj.adatbank.ro\/lexikon\/wp-json\/wp\/v2\/product"}],"about":[{"href":"https:\/\/uj.adatbank.ro\/lexikon\/wp-json\/wp\/v2\/types\/product"}],"replies":[{"embeddable":true,"href":"https:\/\/uj.adatbank.ro\/lexikon\/wp-json\/wp\/v2\/comments?post=18626"}],"wp:attachment":[{"href":"https:\/\/uj.adatbank.ro\/lexikon\/wp-json\/wp\/v2\/media?parent=18626"}],"wp:term":[{"taxonomy":"product_brand","embeddable":true,"href":"https:\/\/uj.adatbank.ro\/lexikon\/wp-json\/wp\/v2\/product_brand?post=18626"},{"taxonomy":"product_cat","embeddable":true,"href":"https:\/\/uj.adatbank.ro\/lexikon\/wp-json\/wp\/v2\/product_cat?post=18626"},{"taxonomy":"product_tag","embeddable":true,"href":"https:\/\/uj.adatbank.ro\/lexikon\/wp-json\/wp\/v2\/product_tag?post=18626"}],"curies":[{"name":"wp","href":"https:\/\/api.w.org\/{rel}","templated":true}]}}