{"id":18627,"date":"2025-07-16T10:59:25","date_gmt":"2025-07-16T08:59:25","guid":{"rendered":"https:\/\/uj.adatbank.ro\/lexikon\/termek\/popovici-ioan-3\/"},"modified":"2025-07-16T10:59:25","modified_gmt":"2025-07-16T08:59:25","slug":"popovici-ioan-3","status":"publish","type":"product","link":"https:\/\/uj.adatbank.ro\/lexikon\/termek\/popovici-ioan-3\/","title":{"rendered":"POPOVICI, Ioan"},"content":{"rendered":"<p>? \u2020\u00a0?: ort. pap. \u2013 Aradon szentelt\u00e9k papp\u00e1 (1797). S\u00f3v\u00e1radon szolg\u00e1lt (1798\u20131805), akkor 16 jobb\u00e1gycsal\u00e1d \u00e9lt a faluban. Ma nincs se templom, se ort. h\u00edv\u0151. <br \/><strong>Irod.:<\/strong> \u015eincan 2006<\/br><\/p>\n","protected":false},"excerpt":{"rendered":"<p>? \u2020\u00a0?: ort. pap. \u2013 Aradon szentelt\u00e9k papp\u00e1 (1797). S\u00f3v\u00e1radon szolg\u00e1lt (1798\u20131805), akkor 16 jobb\u00e1gycsal\u00e1d \u00e9lt a faluban. Ma nincs se templom, se ort. h\u00edv\u0151. Irod.: \u015eincan 2006<\/p>\n","protected":false},"featured_media":0,"comment_status":"open","ping_status":"closed","template":"","meta":[],"product_brand":[],"product_cat":[137],"product_tag":[],"class_list":{"0":"post-18627","1":"product","2":"type-product","3":"status-publish","5":"product_cat-maros-megyei-eletrajzi-lexikon","7":"first","8":"instock","9":"shipping-taxable","10":"product-type-simple"},"_links":{"self":[{"href":"https:\/\/uj.adatbank.ro\/lexikon\/wp-json\/wp\/v2\/product\/18627","targetHints":{"allow":["GET"]}}],"collection":[{"href":"https:\/\/uj.adatbank.ro\/lexikon\/wp-json\/wp\/v2\/product"}],"about":[{"href":"https:\/\/uj.adatbank.ro\/lexikon\/wp-json\/wp\/v2\/types\/product"}],"replies":[{"embeddable":true,"href":"https:\/\/uj.adatbank.ro\/lexikon\/wp-json\/wp\/v2\/comments?post=18627"}],"wp:attachment":[{"href":"https:\/\/uj.adatbank.ro\/lexikon\/wp-json\/wp\/v2\/media?parent=18627"}],"wp:term":[{"taxonomy":"product_brand","embeddable":true,"href":"https:\/\/uj.adatbank.ro\/lexikon\/wp-json\/wp\/v2\/product_brand?post=18627"},{"taxonomy":"product_cat","embeddable":true,"href":"https:\/\/uj.adatbank.ro\/lexikon\/wp-json\/wp\/v2\/product_cat?post=18627"},{"taxonomy":"product_tag","embeddable":true,"href":"https:\/\/uj.adatbank.ro\/lexikon\/wp-json\/wp\/v2\/product_tag?post=18627"}],"curies":[{"name":"wp","href":"https:\/\/api.w.org\/{rel}","templated":true}]}}