{"id":18629,"date":"2025-07-16T10:59:28","date_gmt":"2025-07-16T08:59:28","guid":{"rendered":"https:\/\/uj.adatbank.ro\/lexikon\/termek\/popovici-ioan-5\/"},"modified":"2025-07-16T10:59:28","modified_gmt":"2025-07-16T08:59:28","slug":"popovici-ioan-5","status":"publish","type":"product","link":"https:\/\/uj.adatbank.ro\/lexikon\/termek\/popovici-ioan-5\/","title":{"rendered":"POPOVICI, Ioan"},"content":{"rendered":"<p>? \u2020\u00a0?: g. kat. pap. Cs\u0171d\u0151telk\u00e9n szolg\u00e1lata ideje alatt (1832\u201365), sok ort. vall\u00e1s\u00fa falusi t\u00e9rt a g. kat. vall\u00e1sra (1835-ben 10; 1865-ben 175). <br \/><strong>Irod.:<\/strong> T\u00e2rn\u0103veni, cult.- ist.<\/br><\/p>\n","protected":false},"excerpt":{"rendered":"<p>? \u2020\u00a0?: g. kat. pap. Cs\u0171d\u0151telk\u00e9n szolg\u00e1lata ideje alatt (1832\u201365), sok ort. vall\u00e1s\u00fa falusi t\u00e9rt a g. kat. vall\u00e1sra (1835-ben 10; 1865-ben 175). Irod.: T\u00e2rn\u0103veni, cult.- ist.<\/p>\n","protected":false},"featured_media":0,"comment_status":"open","ping_status":"closed","template":"","meta":[],"product_brand":[],"product_cat":[137],"product_tag":[],"class_list":{"0":"post-18629","1":"product","2":"type-product","3":"status-publish","5":"product_cat-maros-megyei-eletrajzi-lexikon","7":"first","8":"instock","9":"shipping-taxable","10":"product-type-simple"},"_links":{"self":[{"href":"https:\/\/uj.adatbank.ro\/lexikon\/wp-json\/wp\/v2\/product\/18629","targetHints":{"allow":["GET"]}}],"collection":[{"href":"https:\/\/uj.adatbank.ro\/lexikon\/wp-json\/wp\/v2\/product"}],"about":[{"href":"https:\/\/uj.adatbank.ro\/lexikon\/wp-json\/wp\/v2\/types\/product"}],"replies":[{"embeddable":true,"href":"https:\/\/uj.adatbank.ro\/lexikon\/wp-json\/wp\/v2\/comments?post=18629"}],"wp:attachment":[{"href":"https:\/\/uj.adatbank.ro\/lexikon\/wp-json\/wp\/v2\/media?parent=18629"}],"wp:term":[{"taxonomy":"product_brand","embeddable":true,"href":"https:\/\/uj.adatbank.ro\/lexikon\/wp-json\/wp\/v2\/product_brand?post=18629"},{"taxonomy":"product_cat","embeddable":true,"href":"https:\/\/uj.adatbank.ro\/lexikon\/wp-json\/wp\/v2\/product_cat?post=18629"},{"taxonomy":"product_tag","embeddable":true,"href":"https:\/\/uj.adatbank.ro\/lexikon\/wp-json\/wp\/v2\/product_tag?post=18629"}],"curies":[{"name":"wp","href":"https:\/\/api.w.org\/{rel}","templated":true}]}}