{"id":18632,"date":"2025-07-16T10:59:34","date_gmt":"2025-07-16T08:59:34","guid":{"rendered":"https:\/\/uj.adatbank.ro\/lexikon\/termek\/popovici-kretsun\/"},"modified":"2025-07-16T10:59:34","modified_gmt":"2025-07-16T08:59:34","slug":"popovici-kretsun","status":"publish","type":"product","link":"https:\/\/uj.adatbank.ro\/lexikon\/termek\/popovici-kretsun\/","title":{"rendered":"POPOVICI, Kretsun"},"content":{"rendered":"<p>? \u2020\u00a0?: k\u00e1ntortan\u00edt\u00f3. \u2013 Marosszentgy\u00f6rgy\u00f6n az ort. iskol\u00e1ban tan\u00edtott, \u00e9s a katonai szolg\u00e1lat al\u00f3l fizet\u00e9s ellen\u00e9ben felmentett szem\u00e9lyek list\u00e1j\u00e1n szerepel (1800). <br \/><strong>Irod.:<\/strong> S\u00e2ngeorgiu de Mure\u015f \u2013 \u015ecoala<\/br><\/p>\n","protected":false},"excerpt":{"rendered":"<p>? \u2020\u00a0?: k\u00e1ntortan\u00edt\u00f3. \u2013 Marosszentgy\u00f6rgy\u00f6n az ort. iskol\u00e1ban tan\u00edtott, \u00e9s a katonai szolg\u00e1lat al\u00f3l fizet\u00e9s ellen\u00e9ben felmentett szem\u00e9lyek list\u00e1j\u00e1n szerepel (1800). Irod.: S\u00e2ngeorgiu de Mure\u015f \u2013 \u015ecoala<\/p>\n","protected":false},"featured_media":0,"comment_status":"open","ping_status":"closed","template":"","meta":[],"product_brand":[],"product_cat":[137],"product_tag":[],"class_list":{"0":"post-18632","1":"product","2":"type-product","3":"status-publish","5":"product_cat-maros-megyei-eletrajzi-lexikon","7":"first","8":"instock","9":"shipping-taxable","10":"product-type-simple"},"_links":{"self":[{"href":"https:\/\/uj.adatbank.ro\/lexikon\/wp-json\/wp\/v2\/product\/18632","targetHints":{"allow":["GET"]}}],"collection":[{"href":"https:\/\/uj.adatbank.ro\/lexikon\/wp-json\/wp\/v2\/product"}],"about":[{"href":"https:\/\/uj.adatbank.ro\/lexikon\/wp-json\/wp\/v2\/types\/product"}],"replies":[{"embeddable":true,"href":"https:\/\/uj.adatbank.ro\/lexikon\/wp-json\/wp\/v2\/comments?post=18632"}],"wp:attachment":[{"href":"https:\/\/uj.adatbank.ro\/lexikon\/wp-json\/wp\/v2\/media?parent=18632"}],"wp:term":[{"taxonomy":"product_brand","embeddable":true,"href":"https:\/\/uj.adatbank.ro\/lexikon\/wp-json\/wp\/v2\/product_brand?post=18632"},{"taxonomy":"product_cat","embeddable":true,"href":"https:\/\/uj.adatbank.ro\/lexikon\/wp-json\/wp\/v2\/product_cat?post=18632"},{"taxonomy":"product_tag","embeddable":true,"href":"https:\/\/uj.adatbank.ro\/lexikon\/wp-json\/wp\/v2\/product_tag?post=18632"}],"curies":[{"name":"wp","href":"https:\/\/api.w.org\/{rel}","templated":true}]}}