{"id":18633,"date":"2025-07-16T10:59:38","date_gmt":"2025-07-16T08:59:38","guid":{"rendered":"https:\/\/uj.adatbank.ro\/lexikon\/termek\/popovici-mihai\/"},"modified":"2025-07-16T10:59:38","modified_gmt":"2025-07-16T08:59:38","slug":"popovici-mihai","status":"publish","type":"product","link":"https:\/\/uj.adatbank.ro\/lexikon\/termek\/popovici-mihai\/","title":{"rendered":"POPOVICI, Mihai"},"content":{"rendered":"<p>Idecspatak, ? \u2020 ?: ort. pap. -Sz\u00fcl\u0151faluj\u00e1ban volt pl\u00e9b\u00e1nos \u00e9s archidiak\u00f3nus, vagyis f\u0151esperes (1767). Nichitici p\u00fcsp\u00f6k egy kanonoki l\u00e1togat\u00e1s alkalm\u00e1val feljegyezte r\u00f3la, h.a p\u00fcsp\u00f6k \u00e1ltal kiadott, hivatalos kinevez\u00e9ssel is rendelkezett (1787). <br \/><strong>Irod.:<\/strong> Dobozi<\/br><\/p>\n","protected":false},"excerpt":{"rendered":"<p>Idecspatak, ? \u2020 ?: ort. pap. -Sz\u00fcl\u0151faluj\u00e1ban volt pl\u00e9b\u00e1nos \u00e9s archidiak\u00f3nus, vagyis f\u0151esperes (1767). Nichitici p\u00fcsp\u00f6k egy kanonoki l\u00e1togat\u00e1s alkalm\u00e1val feljegyezte r\u00f3la, h.a p\u00fcsp\u00f6k \u00e1ltal kiadott, hivatalos kinevez\u00e9ssel is rendelkezett (1787). Irod.: Dobozi<\/p>\n","protected":false},"featured_media":0,"comment_status":"open","ping_status":"closed","template":"","meta":[],"product_brand":[],"product_cat":[137],"product_tag":[],"class_list":{"0":"post-18633","1":"product","2":"type-product","3":"status-publish","5":"product_cat-maros-megyei-eletrajzi-lexikon","7":"first","8":"instock","9":"shipping-taxable","10":"product-type-simple"},"_links":{"self":[{"href":"https:\/\/uj.adatbank.ro\/lexikon\/wp-json\/wp\/v2\/product\/18633","targetHints":{"allow":["GET"]}}],"collection":[{"href":"https:\/\/uj.adatbank.ro\/lexikon\/wp-json\/wp\/v2\/product"}],"about":[{"href":"https:\/\/uj.adatbank.ro\/lexikon\/wp-json\/wp\/v2\/types\/product"}],"replies":[{"embeddable":true,"href":"https:\/\/uj.adatbank.ro\/lexikon\/wp-json\/wp\/v2\/comments?post=18633"}],"wp:attachment":[{"href":"https:\/\/uj.adatbank.ro\/lexikon\/wp-json\/wp\/v2\/media?parent=18633"}],"wp:term":[{"taxonomy":"product_brand","embeddable":true,"href":"https:\/\/uj.adatbank.ro\/lexikon\/wp-json\/wp\/v2\/product_brand?post=18633"},{"taxonomy":"product_cat","embeddable":true,"href":"https:\/\/uj.adatbank.ro\/lexikon\/wp-json\/wp\/v2\/product_cat?post=18633"},{"taxonomy":"product_tag","embeddable":true,"href":"https:\/\/uj.adatbank.ro\/lexikon\/wp-json\/wp\/v2\/product_tag?post=18633"}],"curies":[{"name":"wp","href":"https:\/\/api.w.org\/{rel}","templated":true}]}}